{"id":5346,"date":"2022-03-21T15:06:59","date_gmt":"2022-03-21T15:06:59","guid":{"rendered":"https:\/\/www.solids-solutions.com\/?page_id=5346"},"modified":"2022-12-16T15:54:19","modified_gmt":"2022-12-16T15:54:19","slug":"einrichtungen","status":"publish","type":"page","link":"https:\/\/www.solids-solutions.com\/de\/akademie\/einrichtungen\/","title":{"rendered":"Einrichtungen"},"content":{"rendered":"<div class=\"gb-container gb-container-095cf38f\"><div class=\"gb-inside-container\">\n\n<div class=\"wp-block-columns is-layout-flex wp-container-core-columns-is-layout-9d6595d7 wp-block-columns-is-layout-flex\">\n<div class=\"wp-block-column is-layout-flow wp-block-column-is-layout-flow\" style=\"flex-basis:65%\">\n<p>Sind Sie auf der Suche nach einer unkonventionellen Einrichtung f\u00fcr die Organisation Ihrer Kurse und Firmenschulungen?<\/p>\n\n\n\n<p>In unseren R\u00e4umlichkeiten in Wateringen verf\u00fcgen wir \u00fcber ein eigenes Schulungszentrum, das mit allen erforderlichen Ressourcen ausgestattet ist und in dem wir unsere Expertenkurse und Schulungen abhalten. Diese Einrichtung steht Ihnen auch zu attraktiven Preisen f\u00fcr Ihre Schulungen, Kurse oder Tagungen zur Verf\u00fcgung. Auf Wunsch in Kombination mit einer F\u00fchrung durch unser umfangreiches Forschungslabor.<\/p>\n\n\n\n<p><strong>Der Schulungsraum<\/strong><\/p>\n\n\n\n<p>Der Raum ist etwa 50m2 gro\u00df und bietet Platz f\u00fcr maximal 15 Personen (in U-Form). Die Nutzung von Whiteboard, Beamer, Flipover und WiFi geh\u00f6rt zur Standardausstattung und ist in der Geb\u00fchr enthalten. Das Parken ist kostenlos.<\/p>\n\n\n\n<p>Die Einrichtung kann pro Sitzung von mindestens vier Stunden gebucht werden.<\/p>\n\n\n\n<figure class=\"wp-block-table is-style-regular\"><table><tbody><tr><td>Vormittagssitzung (4 Stunden)<\/td><td>\u20ac 250,00<\/td><\/tr><tr><td>Nachmittagssitzung (4 Stunden)<\/td><td>&nbsp;\u20ac 250,00<\/td><\/tr><tr><td>Ganzer Tag (8 Stunden)<\/td><td>&nbsp;\u20ac 450,00<\/td><\/tr><\/tbody><\/table><\/figure>\n\n\n\n<p><em>(Andere Optionen auf Anfrage)<\/em><\/p>\n\n\n\n<p>Catering und Erweiterungen<\/p>\n\n\n\n<figure class=\"wp-block-table\"><table><tbody><tr><td>Kaffee\/Tee unbegrenzt<\/td><td>&nbsp;\u20ac 3,00<\/td><td>pro Person, pro Sitzung (4 Stunden)<\/td><\/tr><tr><td>Kaffee\/Tee\/Soda unbegrenzt<\/td><td>\u20ac 6,00<\/td><td>pro Person, pro Sitzung (4 Stunden)<\/td><\/tr><tr><td>Mittagessen<\/td><td>&nbsp;<\/td><td>auf Anfrage<\/td><\/tr><tr><td>Gef\u00fchrte Tour durch unser Labor<\/td><td>\u20ac 100,00<\/td><td>ungef\u00e4hr 1 Stunde<\/td><\/tr><\/tbody><\/table><\/figure>\n<\/div>\n\n\n\n<div class=\"wp-block-column is-layout-flow wp-block-column-is-layout-flow\" style=\"flex-basis:35%\">\n<\/div>\n<\/div>\n\n<\/div><\/div>","protected":false},"excerpt":{"rendered":"<p>Sind Sie auf der Suche nach einer unkonventionellen Einrichtung f\u00fcr die Organisation Ihrer Kurse und Firmenschulungen? In unseren R\u00e4umlichkeiten in Wateringen verf\u00fcgen wir \u00fcber ein eigenes Schulungszentrum, das mit allen erforderlichen Ressourcen ausgestattet ist und in dem wir unsere Expertenkurse und Schulungen abhalten. Diese Einrichtung steht Ihnen auch zu attraktiven &#8230; <\/p>\n<p class=\"read-more-container\"><a title=\"Einrichtungen\" class=\"read-more button\" href=\"https:\/\/www.solids-solutions.com\/de\/akademie\/einrichtungen\/#more-5346\" aria-label=\"Mehr Informationen \u00fcber Einrichtungen\">Weiterlesen<\/a><\/p>\n","protected":false},"author":1,"featured_media":0,"parent":5325,"menu_order":0,"comment_status":"closed","ping_status":"closed","template":"","meta":{"footnotes":""},"class_list":["post-5346","page","type-page","status-publish"],"yoast_head":"<!-- This site is optimized with the Yoast SEO plugin v27.0 - https:\/\/yoast.com\/product\/yoast-seo-wordpress\/ -->\n<title>The training room of Delft Solids Solutions<\/title>\n<meta name=\"description\" content=\"Are you looking for an unconventional facility for organizing your courses and company training?\" \/>\n<meta name=\"robots\" content=\"index, follow, max-snippet:-1, max-image-preview:large, max-video-preview:-1\" \/>\n<link rel=\"canonical\" href=\"https:\/\/www.solids-solutions.com\/de\/akademie\/einrichtungen\/\" \/>\n<meta property=\"og:locale\" content=\"de_DE\" \/>\n<meta property=\"og:type\" content=\"article\" \/>\n<meta property=\"og:title\" content=\"The training room of Delft Solids Solutions\" \/>\n<meta property=\"og:description\" content=\"Are you looking for an unconventional facility for organizing your courses and company training?\" \/>\n<meta property=\"og:url\" content=\"https:\/\/www.solids-solutions.com\/de\/akademie\/einrichtungen\/\" \/>\n<meta property=\"og:site_name\" content=\"Delft Solids Solutions\" \/>\n<meta property=\"article:modified_time\" content=\"2022-12-16T15:54:19+00:00\" \/>\n<meta name=\"twitter:card\" content=\"summary_large_image\" \/>\n<meta name=\"twitter:label1\" content=\"Gesch\u00e4tzte Lesezeit\" \/>\n\t<meta name=\"twitter:data1\" content=\"1\u00a0Minute\" \/>\n<script type=\"application\/ld+json\" class=\"yoast-schema-graph\">{\"@context\":\"https:\/\/schema.org\",\"@graph\":[{\"@type\":\"WebPage\",\"@id\":\"https:\/\/www.solids-solutions.com\/de\/akademie\/einrichtungen\/\",\"url\":\"https:\/\/www.solids-solutions.com\/de\/akademie\/einrichtungen\/\",\"name\":\"The training room of Delft Solids Solutions\",\"isPartOf\":{\"@id\":\"https:\/\/www.solids-solutions.com\/#website\"},\"datePublished\":\"2022-03-21T15:06:59+00:00\",\"dateModified\":\"2022-12-16T15:54:19+00:00\",\"description\":\"Are you looking for an unconventional facility for organizing your courses and company training?\",\"breadcrumb\":{\"@id\":\"https:\/\/www.solids-solutions.com\/de\/akademie\/einrichtungen\/#breadcrumb\"},\"inLanguage\":\"de\",\"potentialAction\":[{\"@type\":\"ReadAction\",\"target\":[\"https:\/\/www.solids-solutions.com\/de\/akademie\/einrichtungen\/\"]}]},{\"@type\":\"BreadcrumbList\",\"@id\":\"https:\/\/www.solids-solutions.com\/de\/akademie\/einrichtungen\/#breadcrumb\",\"itemListElement\":[{\"@type\":\"ListItem\",\"position\":1,\"name\":\"Home\",\"item\":\"https:\/\/www.solids-solutions.com\/de\/\"},{\"@type\":\"ListItem\",\"position\":2,\"name\":\"Akademie\",\"item\":\"https:\/\/www.solids-solutions.com\/de\/akademie\/\"},{\"@type\":\"ListItem\",\"position\":3,\"name\":\"Einrichtungen\"}]},{\"@type\":\"WebSite\",\"@id\":\"https:\/\/www.solids-solutions.com\/#website\",\"url\":\"https:\/\/www.solids-solutions.com\/\",\"name\":\"Delft Solids Solutions\",\"description\":\"En nog een WordPress site\",\"publisher\":{\"@id\":\"https:\/\/www.solids-solutions.com\/#organization\"},\"potentialAction\":[{\"@type\":\"SearchAction\",\"target\":{\"@type\":\"EntryPoint\",\"urlTemplate\":\"https:\/\/www.solids-solutions.com\/?s={search_term_string}\"},\"query-input\":{\"@type\":\"PropertyValueSpecification\",\"valueRequired\":true,\"valueName\":\"search_term_string\"}}],\"inLanguage\":\"de\"},{\"@type\":\"Organization\",\"@id\":\"https:\/\/www.solids-solutions.com\/#organization\",\"name\":\"Delft Solids Solutions\",\"url\":\"https:\/\/www.solids-solutions.com\/\",\"logo\":{\"@type\":\"ImageObject\",\"inLanguage\":\"de\",\"@id\":\"https:\/\/www.solids-solutions.com\/#\/schema\/logo\/image\/\",\"url\":\"https:\/\/www.solids-solutions.com\/wp-content\/uploads\/Logo.png\",\"contentUrl\":\"https:\/\/www.solids-solutions.com\/wp-content\/uploads\/Logo.png\",\"width\":388,\"height\":63,\"caption\":\"Delft Solids Solutions\"},\"image\":{\"@id\":\"https:\/\/www.solids-solutions.com\/#\/schema\/logo\/image\/\"}}]}<\/script>\n<!-- \/ Yoast SEO plugin. -->","yoast_head_json":{"title":"The training room of Delft Solids Solutions","description":"Are you looking for an unconventional facility for organizing your courses and company training?","robots":{"index":"index","follow":"follow","max-snippet":"max-snippet:-1","max-image-preview":"max-image-preview:large","max-video-preview":"max-video-preview:-1"},"canonical":"https:\/\/www.solids-solutions.com\/de\/akademie\/einrichtungen\/","og_locale":"de_DE","og_type":"article","og_title":"The training room of Delft Solids Solutions","og_description":"Are you looking for an unconventional facility for organizing your courses and company training?","og_url":"https:\/\/www.solids-solutions.com\/de\/akademie\/einrichtungen\/","og_site_name":"Delft Solids Solutions","article_modified_time":"2022-12-16T15:54:19+00:00","twitter_card":"summary_large_image","twitter_misc":{"Gesch\u00e4tzte Lesezeit":"1\u00a0Minute"},"schema":{"@context":"https:\/\/schema.org","@graph":[{"@type":"WebPage","@id":"https:\/\/www.solids-solutions.com\/de\/akademie\/einrichtungen\/","url":"https:\/\/www.solids-solutions.com\/de\/akademie\/einrichtungen\/","name":"The training room of Delft Solids Solutions","isPartOf":{"@id":"https:\/\/www.solids-solutions.com\/#website"},"datePublished":"2022-03-21T15:06:59+00:00","dateModified":"2022-12-16T15:54:19+00:00","description":"Are you looking for an unconventional facility for organizing your courses and company training?","breadcrumb":{"@id":"https:\/\/www.solids-solutions.com\/de\/akademie\/einrichtungen\/#breadcrumb"},"inLanguage":"de","potentialAction":[{"@type":"ReadAction","target":["https:\/\/www.solids-solutions.com\/de\/akademie\/einrichtungen\/"]}]},{"@type":"BreadcrumbList","@id":"https:\/\/www.solids-solutions.com\/de\/akademie\/einrichtungen\/#breadcrumb","itemListElement":[{"@type":"ListItem","position":1,"name":"Home","item":"https:\/\/www.solids-solutions.com\/de\/"},{"@type":"ListItem","position":2,"name":"Akademie","item":"https:\/\/www.solids-solutions.com\/de\/akademie\/"},{"@type":"ListItem","position":3,"name":"Einrichtungen"}]},{"@type":"WebSite","@id":"https:\/\/www.solids-solutions.com\/#website","url":"https:\/\/www.solids-solutions.com\/","name":"Delft Solids Solutions","description":"En nog een WordPress site","publisher":{"@id":"https:\/\/www.solids-solutions.com\/#organization"},"potentialAction":[{"@type":"SearchAction","target":{"@type":"EntryPoint","urlTemplate":"https:\/\/www.solids-solutions.com\/?s={search_term_string}"},"query-input":{"@type":"PropertyValueSpecification","valueRequired":true,"valueName":"search_term_string"}}],"inLanguage":"de"},{"@type":"Organization","@id":"https:\/\/www.solids-solutions.com\/#organization","name":"Delft Solids Solutions","url":"https:\/\/www.solids-solutions.com\/","logo":{"@type":"ImageObject","inLanguage":"de","@id":"https:\/\/www.solids-solutions.com\/#\/schema\/logo\/image\/","url":"https:\/\/www.solids-solutions.com\/wp-content\/uploads\/Logo.png","contentUrl":"https:\/\/www.solids-solutions.com\/wp-content\/uploads\/Logo.png","width":388,"height":63,"caption":"Delft Solids Solutions"},"image":{"@id":"https:\/\/www.solids-solutions.com\/#\/schema\/logo\/image\/"}}]}},"_links":{"self":[{"href":"https:\/\/www.solids-solutions.com\/de\/wp-json\/wp\/v2\/pages\/5346","targetHints":{"allow":["GET"]}}],"collection":[{"href":"https:\/\/www.solids-solutions.com\/de\/wp-json\/wp\/v2\/pages"}],"about":[{"href":"https:\/\/www.solids-solutions.com\/de\/wp-json\/wp\/v2\/types\/page"}],"author":[{"embeddable":true,"href":"https:\/\/www.solids-solutions.com\/de\/wp-json\/wp\/v2\/users\/1"}],"replies":[{"embeddable":true,"href":"https:\/\/www.solids-solutions.com\/de\/wp-json\/wp\/v2\/comments?post=5346"}],"version-history":[{"count":2,"href":"https:\/\/www.solids-solutions.com\/de\/wp-json\/wp\/v2\/pages\/5346\/revisions"}],"predecessor-version":[{"id":6400,"href":"https:\/\/www.solids-solutions.com\/de\/wp-json\/wp\/v2\/pages\/5346\/revisions\/6400"}],"up":[{"embeddable":true,"href":"https:\/\/www.solids-solutions.com\/de\/wp-json\/wp\/v2\/pages\/5325"}],"wp:attachment":[{"href":"https:\/\/www.solids-solutions.com\/de\/wp-json\/wp\/v2\/media?parent=5346"}],"curies":[{"name":"wp","href":"https:\/\/api.w.org\/{rel}","templated":true}]}}