{"id":5528,"date":"2022-03-18T13:07:38","date_gmt":"2022-03-18T13:07:38","guid":{"rendered":"https:\/\/www.solids-solutions.com\/?page_id=5528"},"modified":"2024-05-28T06:33:20","modified_gmt":"2024-05-28T06:33:20","slug":"untersuchungen-zur-benetzbarkeit","status":"publish","type":"page","link":"https:\/\/www.solids-solutions.com\/de\/fe\/porositaet-und-spezifische-oberflaeche\/untersuchungen-zur-benetzbarkeit\/","title":{"rendered":"Untersuchungen zur Benetzbarkeit"},"content":{"rendered":"<div class=\"gb-container gb-container-ca472345\"><div class=\"gb-inside-container\">\n\n<div class=\"wp-block-columns is-layout-flex wp-container-core-columns-is-layout-9d6595d7 wp-block-columns-is-layout-flex\">\n<div class=\"wp-block-column is-layout-flow wp-block-column-is-layout-flow\" style=\"flex-basis:65%\">\n<p>Die Wechselwirkung von Fl\u00fcssigkeiten mit festen Oberfl\u00e4chen ist bei vielen Anwendungen wie der Aufl\u00f6sung von pharmazeutischen Tabletten oder der Verdauung von Lebensmittelbestandteilen von entscheidender Bedeutung.&nbsp;Die Wechselwirkung der Fl\u00fcssigkeit mit der festen Oberfl\u00e4che der Probe \u2013 oft als Benetzbarkeit bezeichnet \u2013 ist der erste Schritt zur Aufl\u00f6sung.<\/p>\n\n\n\n<p>Die Messung des<strong>&nbsp;fortschreitenden Kontaktwinkels<\/strong>&nbsp;und\/oder der&nbsp;<strong>Tropfenpenetrationszeit erm\u00f6glicht<\/strong>&nbsp;ein besseres Verst\u00e4ndnis der Benetzbarkeit der Oberfl\u00e4che durch die jeweilige Fl\u00fcssigkeit. W\u00e4hrend der fortschreitende Kontaktwinkel haupts\u00e4chlich von den Oberfl\u00e4cheneigenschaften des Feststoffs abh\u00e4ngt, werden bei der Tropfenpenetrationszeit auch andere physikalische Parameter wie Partikelmorphologie und Porosit\u00e4t ber\u00fccksichtigt.<\/p>\n\n\n\n<p>Anschlie\u00dfend k\u00f6nnen die Ergebnisse dieser Benetzbarkeitsuntersuchungen mit der tats\u00e4chlich gemessenen Porosit\u00e4t und dem hydrophilen oder hydrophoben Charakter der Materialoberfl\u00e4che korreliert werden. Zu diesem Zweck k\u00f6nnen Wasserdampfadsorptionsisothermen unter kontrollierten Bedingungen von Temperatur und relativer Luftfeuchtigkeit gemessen werden.<\/p>\n\n\n\n<p>Die Kombination der Ergebnisse dieser Untersuchungen hat sich als sehr n\u00fctzlich erwiesen, um die Leistung der Materialien zu optimieren.<\/p>\n<\/div>\n\n\n\n<div class=\"wp-block-column is-layout-flow wp-block-column-is-layout-flow\" style=\"flex-basis:35%\">\n<figure class=\"wp-block-image size-full\"><img loading=\"lazy\" decoding=\"async\" width=\"400\" height=\"288\" src=\"https:\/\/www.solids-solutions.com\/wp-content\/uploads\/Wettability-contact-angle-measurements.jpg\" alt=\"\" class=\"wp-image-4171\" srcset=\"https:\/\/www.solids-solutions.com\/wp-content\/uploads\/Wettability-contact-angle-measurements.jpg 400w, https:\/\/www.solids-solutions.com\/wp-content\/uploads\/Wettability-contact-angle-measurements-300x216.jpg 300w\" sizes=\"auto, (max-width: 400px) 100vw, 400px\" \/><\/figure>\n\n\n\n<div style=\"height:35px\" aria-hidden=\"true\" class=\"wp-block-spacer\"><\/div>\n\n\n\n<ul class=\"wp-block-list\">\n<li><a href=\"https:\/\/www.solids-solutions.com\/de\/fe\/porositaet-und-spezifische-oberflaeche\/porositaet-und-dichte-analyse-mittels-quecksilber-porosimetrie\/\">Porosit\u00e4t und Dichte Analyse mittels Quecksilber Porosimetrie<\/a><\/li>\n\n\n\n<li><a href=\"https:\/\/www.solids-solutions.com\/rd\/porosity-and-surface-area-analysis\/porosity-analysis-by-mercury-porosimetry\/\"><\/a><a href=\"https:\/\/www.solids-solutions.com\/de\/fe\/porositaet-und-spezifische-oberflaeche\/helium-dichte-mittels-pyknometrie\/\">Helium Dichte mittels Pyknometrie<\/a><\/li>\n\n\n\n<li><a href=\"https:\/\/www.solids-solutions.com\/rd\/porosity-and-surface-area-analysis\/porosity-analysis-by-mercury-porosimetry\/\"><\/a><a href=\"https:\/\/www.solids-solutions.com\/de\/fe\/porositaet-und-spezifische-oberflaeche\/katalysator-charakterisierung-mit-chemischer-gasadsorption\/\">Katalysator Charakterisierung mit chemischer Gasadsorption<\/a><\/li>\n\n\n\n<li><a href=\"https:\/\/www.solids-solutions.com\/rd\/porosity-and-surface-area-analysis\/porosity-analysis-by-mercury-porosimetry\/\"><\/a><a href=\"https:\/\/www.solids-solutions.com\/de\/fe\/porositaet-und-spezifische-oberflaeche\/analyse-der-porositaet-und-bet-oberflaeche-durch-physikalischer-gasadsorption\/\">Analyse der Porosit\u00e4t und BET Oberfl\u00e4che durch Physikalischer Gasadsorption<\/a><\/li>\n\n\n\n<li><a href=\"https:\/\/www.solids-solutions.com\/rd\/porosity-and-surface-area-analysis\/porosity-analysis-by-mercury-porosimetry\/\"><\/a><a href=\"https:\/\/www.solids-solutions.com\/de\/fe\/porositaet-und-spezifische-oberflaeche\/untersuchungen-zur-benetzbarkeit\/\">Untersuchungen zur Benetzbarkeit<\/a><\/li>\n<\/ul>\n<\/div>\n<\/div>\n\n<\/div><\/div>","protected":false},"excerpt":{"rendered":"<p>Die Wechselwirkung von Fl\u00fcssigkeiten mit festen Oberfl\u00e4chen ist bei vielen Anwendungen wie der Aufl\u00f6sung von pharmazeutischen Tabletten oder der Verdauung von Lebensmittelbestandteilen von entscheidender Bedeutung.&nbsp;Die Wechselwirkung der Fl\u00fcssigkeit mit der festen Oberfl\u00e4che der Probe \u2013 oft als Benetzbarkeit bezeichnet \u2013 ist der erste Schritt zur Aufl\u00f6sung. Die Messung des&nbsp;fortschreitenden Kontaktwinkels&nbsp;und\/oder &#8230; <\/p>\n<p class=\"read-more-container\"><a title=\"Untersuchungen zur Benetzbarkeit\" class=\"read-more button\" href=\"https:\/\/www.solids-solutions.com\/de\/fe\/porositaet-und-spezifische-oberflaeche\/untersuchungen-zur-benetzbarkeit\/#more-5528\" aria-label=\"Mehr Informationen \u00fcber Untersuchungen zur Benetzbarkeit\">Weiterlesen<\/a><\/p>\n","protected":false},"author":1,"featured_media":0,"parent":5516,"menu_order":0,"comment_status":"closed","ping_status":"closed","template":"","meta":{"footnotes":""},"class_list":["post-5528","page","type-page","status-publish"],"yoast_head":"<!-- This site is optimized with the Yoast SEO plugin v27.0 - https:\/\/yoast.com\/product\/yoast-seo-wordpress\/ -->\n<title>Untersuchungen zur Benetzbarkeit - Delft Solids Solutions<\/title>\n<meta name=\"description\" content=\"Benetzbarkeit von Oberfl\u00e4chen mittels Untersuchungen des fortschreitenden Kontaktwinkels und der Tropfeneindringzeit\" \/>\n<meta name=\"robots\" content=\"index, follow, max-snippet:-1, max-image-preview:large, max-video-preview:-1\" \/>\n<link rel=\"canonical\" href=\"https:\/\/www.solids-solutions.com\/de\/fe\/porositaet-und-spezifische-oberflaeche\/untersuchungen-zur-benetzbarkeit\/\" \/>\n<meta property=\"og:locale\" content=\"de_DE\" \/>\n<meta property=\"og:type\" content=\"article\" \/>\n<meta property=\"og:title\" content=\"Untersuchungen zur Benetzbarkeit - Delft Solids Solutions\" \/>\n<meta property=\"og:description\" content=\"Benetzbarkeit von Oberfl\u00e4chen mittels Untersuchungen des fortschreitenden Kontaktwinkels und der Tropfeneindringzeit\" \/>\n<meta property=\"og:url\" content=\"https:\/\/www.solids-solutions.com\/de\/fe\/porositaet-und-spezifische-oberflaeche\/untersuchungen-zur-benetzbarkeit\/\" \/>\n<meta property=\"og:site_name\" content=\"Delft Solids Solutions\" \/>\n<meta property=\"article:modified_time\" content=\"2024-05-28T06:33:20+00:00\" \/>\n<meta property=\"og:image\" content=\"https:\/\/www.solids-solutions.com\/wp-content\/uploads\/Wettability-contact-angle-measurements.jpg\" \/>\n<meta name=\"twitter:card\" content=\"summary_large_image\" \/>\n<meta name=\"twitter:label1\" content=\"Gesch\u00e4tzte Lesezeit\" \/>\n\t<meta name=\"twitter:data1\" content=\"1\u00a0Minute\" \/>\n<script type=\"application\/ld+json\" class=\"yoast-schema-graph\">{\"@context\":\"https:\/\/schema.org\",\"@graph\":[{\"@type\":\"WebPage\",\"@id\":\"https:\/\/www.solids-solutions.com\/de\/fe\/porositaet-und-spezifische-oberflaeche\/untersuchungen-zur-benetzbarkeit\/\",\"url\":\"https:\/\/www.solids-solutions.com\/de\/fe\/porositaet-und-spezifische-oberflaeche\/untersuchungen-zur-benetzbarkeit\/\",\"name\":\"Untersuchungen zur Benetzbarkeit - Delft Solids Solutions\",\"isPartOf\":{\"@id\":\"https:\/\/www.solids-solutions.com\/#website\"},\"primaryImageOfPage\":{\"@id\":\"https:\/\/www.solids-solutions.com\/de\/fe\/porositaet-und-spezifische-oberflaeche\/untersuchungen-zur-benetzbarkeit\/#primaryimage\"},\"image\":{\"@id\":\"https:\/\/www.solids-solutions.com\/de\/fe\/porositaet-und-spezifische-oberflaeche\/untersuchungen-zur-benetzbarkeit\/#primaryimage\"},\"thumbnailUrl\":\"https:\/\/www.solids-solutions.com\/wp-content\/uploads\/Wettability-contact-angle-measurements.jpg\",\"datePublished\":\"2022-03-18T13:07:38+00:00\",\"dateModified\":\"2024-05-28T06:33:20+00:00\",\"description\":\"Benetzbarkeit von Oberfl\u00e4chen mittels Untersuchungen des fortschreitenden Kontaktwinkels und der Tropfeneindringzeit\",\"breadcrumb\":{\"@id\":\"https:\/\/www.solids-solutions.com\/de\/fe\/porositaet-und-spezifische-oberflaeche\/untersuchungen-zur-benetzbarkeit\/#breadcrumb\"},\"inLanguage\":\"de\",\"potentialAction\":[{\"@type\":\"ReadAction\",\"target\":[\"https:\/\/www.solids-solutions.com\/de\/fe\/porositaet-und-spezifische-oberflaeche\/untersuchungen-zur-benetzbarkeit\/\"]}]},{\"@type\":\"ImageObject\",\"inLanguage\":\"de\",\"@id\":\"https:\/\/www.solids-solutions.com\/de\/fe\/porositaet-und-spezifische-oberflaeche\/untersuchungen-zur-benetzbarkeit\/#primaryimage\",\"url\":\"https:\/\/www.solids-solutions.com\/wp-content\/uploads\/Wettability-contact-angle-measurements.jpg\",\"contentUrl\":\"https:\/\/www.solids-solutions.com\/wp-content\/uploads\/Wettability-contact-angle-measurements.jpg\"},{\"@type\":\"BreadcrumbList\",\"@id\":\"https:\/\/www.solids-solutions.com\/de\/fe\/porositaet-und-spezifische-oberflaeche\/untersuchungen-zur-benetzbarkeit\/#breadcrumb\",\"itemListElement\":[{\"@type\":\"ListItem\",\"position\":1,\"name\":\"Home\",\"item\":\"https:\/\/www.solids-solutions.com\/de\/\"},{\"@type\":\"ListItem\",\"position\":2,\"name\":\"Forschung &#038; entwicklung\",\"item\":\"https:\/\/www.solids-solutions.com\/de\/fe\/\"},{\"@type\":\"ListItem\",\"position\":3,\"name\":\"Porosit\u00e4t und spezifische Oberfl\u00e4che\",\"item\":\"https:\/\/www.solids-solutions.com\/de\/fe\/porositaet-und-spezifische-oberflaeche\/\"},{\"@type\":\"ListItem\",\"position\":4,\"name\":\"Untersuchungen zur Benetzbarkeit\"}]},{\"@type\":\"WebSite\",\"@id\":\"https:\/\/www.solids-solutions.com\/#website\",\"url\":\"https:\/\/www.solids-solutions.com\/\",\"name\":\"Delft Solids Solutions\",\"description\":\"En nog een WordPress site\",\"publisher\":{\"@id\":\"https:\/\/www.solids-solutions.com\/#organization\"},\"potentialAction\":[{\"@type\":\"SearchAction\",\"target\":{\"@type\":\"EntryPoint\",\"urlTemplate\":\"https:\/\/www.solids-solutions.com\/?s={search_term_string}\"},\"query-input\":{\"@type\":\"PropertyValueSpecification\",\"valueRequired\":true,\"valueName\":\"search_term_string\"}}],\"inLanguage\":\"de\"},{\"@type\":\"Organization\",\"@id\":\"https:\/\/www.solids-solutions.com\/#organization\",\"name\":\"Delft Solids Solutions\",\"url\":\"https:\/\/www.solids-solutions.com\/\",\"logo\":{\"@type\":\"ImageObject\",\"inLanguage\":\"de\",\"@id\":\"https:\/\/www.solids-solutions.com\/#\/schema\/logo\/image\/\",\"url\":\"https:\/\/www.solids-solutions.com\/wp-content\/uploads\/Logo.png\",\"contentUrl\":\"https:\/\/www.solids-solutions.com\/wp-content\/uploads\/Logo.png\",\"width\":388,\"height\":63,\"caption\":\"Delft Solids Solutions\"},\"image\":{\"@id\":\"https:\/\/www.solids-solutions.com\/#\/schema\/logo\/image\/\"}}]}<\/script>\n<!-- \/ Yoast SEO plugin. -->","yoast_head_json":{"title":"Untersuchungen zur Benetzbarkeit - Delft Solids Solutions","description":"Benetzbarkeit von Oberfl\u00e4chen mittels Untersuchungen des fortschreitenden Kontaktwinkels und der Tropfeneindringzeit","robots":{"index":"index","follow":"follow","max-snippet":"max-snippet:-1","max-image-preview":"max-image-preview:large","max-video-preview":"max-video-preview:-1"},"canonical":"https:\/\/www.solids-solutions.com\/de\/fe\/porositaet-und-spezifische-oberflaeche\/untersuchungen-zur-benetzbarkeit\/","og_locale":"de_DE","og_type":"article","og_title":"Untersuchungen zur Benetzbarkeit - Delft Solids Solutions","og_description":"Benetzbarkeit von Oberfl\u00e4chen mittels Untersuchungen des fortschreitenden Kontaktwinkels und der Tropfeneindringzeit","og_url":"https:\/\/www.solids-solutions.com\/de\/fe\/porositaet-und-spezifische-oberflaeche\/untersuchungen-zur-benetzbarkeit\/","og_site_name":"Delft Solids Solutions","article_modified_time":"2024-05-28T06:33:20+00:00","og_image":[{"url":"https:\/\/www.solids-solutions.com\/wp-content\/uploads\/Wettability-contact-angle-measurements.jpg","type":"","width":"","height":""}],"twitter_card":"summary_large_image","twitter_misc":{"Gesch\u00e4tzte Lesezeit":"1\u00a0Minute"},"schema":{"@context":"https:\/\/schema.org","@graph":[{"@type":"WebPage","@id":"https:\/\/www.solids-solutions.com\/de\/fe\/porositaet-und-spezifische-oberflaeche\/untersuchungen-zur-benetzbarkeit\/","url":"https:\/\/www.solids-solutions.com\/de\/fe\/porositaet-und-spezifische-oberflaeche\/untersuchungen-zur-benetzbarkeit\/","name":"Untersuchungen zur Benetzbarkeit - Delft Solids Solutions","isPartOf":{"@id":"https:\/\/www.solids-solutions.com\/#website"},"primaryImageOfPage":{"@id":"https:\/\/www.solids-solutions.com\/de\/fe\/porositaet-und-spezifische-oberflaeche\/untersuchungen-zur-benetzbarkeit\/#primaryimage"},"image":{"@id":"https:\/\/www.solids-solutions.com\/de\/fe\/porositaet-und-spezifische-oberflaeche\/untersuchungen-zur-benetzbarkeit\/#primaryimage"},"thumbnailUrl":"https:\/\/www.solids-solutions.com\/wp-content\/uploads\/Wettability-contact-angle-measurements.jpg","datePublished":"2022-03-18T13:07:38+00:00","dateModified":"2024-05-28T06:33:20+00:00","description":"Benetzbarkeit von Oberfl\u00e4chen mittels Untersuchungen des fortschreitenden Kontaktwinkels und der Tropfeneindringzeit","breadcrumb":{"@id":"https:\/\/www.solids-solutions.com\/de\/fe\/porositaet-und-spezifische-oberflaeche\/untersuchungen-zur-benetzbarkeit\/#breadcrumb"},"inLanguage":"de","potentialAction":[{"@type":"ReadAction","target":["https:\/\/www.solids-solutions.com\/de\/fe\/porositaet-und-spezifische-oberflaeche\/untersuchungen-zur-benetzbarkeit\/"]}]},{"@type":"ImageObject","inLanguage":"de","@id":"https:\/\/www.solids-solutions.com\/de\/fe\/porositaet-und-spezifische-oberflaeche\/untersuchungen-zur-benetzbarkeit\/#primaryimage","url":"https:\/\/www.solids-solutions.com\/wp-content\/uploads\/Wettability-contact-angle-measurements.jpg","contentUrl":"https:\/\/www.solids-solutions.com\/wp-content\/uploads\/Wettability-contact-angle-measurements.jpg"},{"@type":"BreadcrumbList","@id":"https:\/\/www.solids-solutions.com\/de\/fe\/porositaet-und-spezifische-oberflaeche\/untersuchungen-zur-benetzbarkeit\/#breadcrumb","itemListElement":[{"@type":"ListItem","position":1,"name":"Home","item":"https:\/\/www.solids-solutions.com\/de\/"},{"@type":"ListItem","position":2,"name":"Forschung &#038; entwicklung","item":"https:\/\/www.solids-solutions.com\/de\/fe\/"},{"@type":"ListItem","position":3,"name":"Porosit\u00e4t und spezifische Oberfl\u00e4che","item":"https:\/\/www.solids-solutions.com\/de\/fe\/porositaet-und-spezifische-oberflaeche\/"},{"@type":"ListItem","position":4,"name":"Untersuchungen zur Benetzbarkeit"}]},{"@type":"WebSite","@id":"https:\/\/www.solids-solutions.com\/#website","url":"https:\/\/www.solids-solutions.com\/","name":"Delft Solids Solutions","description":"En nog een WordPress site","publisher":{"@id":"https:\/\/www.solids-solutions.com\/#organization"},"potentialAction":[{"@type":"SearchAction","target":{"@type":"EntryPoint","urlTemplate":"https:\/\/www.solids-solutions.com\/?s={search_term_string}"},"query-input":{"@type":"PropertyValueSpecification","valueRequired":true,"valueName":"search_term_string"}}],"inLanguage":"de"},{"@type":"Organization","@id":"https:\/\/www.solids-solutions.com\/#organization","name":"Delft Solids Solutions","url":"https:\/\/www.solids-solutions.com\/","logo":{"@type":"ImageObject","inLanguage":"de","@id":"https:\/\/www.solids-solutions.com\/#\/schema\/logo\/image\/","url":"https:\/\/www.solids-solutions.com\/wp-content\/uploads\/Logo.png","contentUrl":"https:\/\/www.solids-solutions.com\/wp-content\/uploads\/Logo.png","width":388,"height":63,"caption":"Delft Solids Solutions"},"image":{"@id":"https:\/\/www.solids-solutions.com\/#\/schema\/logo\/image\/"}}]}},"_links":{"self":[{"href":"https:\/\/www.solids-solutions.com\/de\/wp-json\/wp\/v2\/pages\/5528","targetHints":{"allow":["GET"]}}],"collection":[{"href":"https:\/\/www.solids-solutions.com\/de\/wp-json\/wp\/v2\/pages"}],"about":[{"href":"https:\/\/www.solids-solutions.com\/de\/wp-json\/wp\/v2\/types\/page"}],"author":[{"embeddable":true,"href":"https:\/\/www.solids-solutions.com\/de\/wp-json\/wp\/v2\/users\/1"}],"replies":[{"embeddable":true,"href":"https:\/\/www.solids-solutions.com\/de\/wp-json\/wp\/v2\/comments?post=5528"}],"version-history":[{"count":6,"href":"https:\/\/www.solids-solutions.com\/de\/wp-json\/wp\/v2\/pages\/5528\/revisions"}],"predecessor-version":[{"id":7976,"href":"https:\/\/www.solids-solutions.com\/de\/wp-json\/wp\/v2\/pages\/5528\/revisions\/7976"}],"up":[{"embeddable":true,"href":"https:\/\/www.solids-solutions.com\/de\/wp-json\/wp\/v2\/pages\/5516"}],"wp:attachment":[{"href":"https:\/\/www.solids-solutions.com\/de\/wp-json\/wp\/v2\/media?parent=5528"}],"curies":[{"name":"wp","href":"https:\/\/api.w.org\/{rel}","templated":true}]}}