{"id":5834,"date":"2022-03-21T09:06:45","date_gmt":"2022-03-21T09:06:45","guid":{"rendered":"https:\/\/www.solids-solutions.com\/?page_id=5834"},"modified":"2024-05-28T06:35:17","modified_gmt":"2024-05-28T06:35:17","slug":"produktentwicklung-durch-mahlen","status":"publish","type":"page","link":"https:\/\/www.solids-solutions.com\/de\/fe\/pulverbearbeitung-fuer-die-materialentwicklung\/produktentwicklung-durch-mahlen\/","title":{"rendered":"Produktentwicklung durch Mahlen"},"content":{"rendered":"<div class=\"gb-container gb-container-3da365a8\"><div class=\"gb-inside-container\">\n\n<div class=\"wp-block-columns is-layout-flex wp-container-core-columns-is-layout-9d6595d7 wp-block-columns-is-layout-flex\">\n<div class=\"wp-block-column is-layout-flow wp-block-column-is-layout-flow\" style=\"flex-basis:65%\">\n<p>Bei vielen Anwendungen der Pulververarbeitung ist das Mahlen oder Zerkleinern von festen Materialien f\u00fcr verschiedene Zwecke erforderlich. Das Hauptziel der Zerkleinerung besteht darin, kleinere Partikel zu erzeugen, entweder wegen ihrer gr\u00f6\u00dferen Oberfl\u00e4che oder wegen ihrer Form, Gr\u00f6\u00dfe und Anzahl. Das Endprodukt besteht in der Regel aus einem Gemisch von Partikeln, die eine gro\u00dfe Vielfalt an Gr\u00f6\u00dfen und Formen aufweisen k\u00f6nnen. Daher kann ein Mahlprozess in Kombination mit einem Sieb auch die Partikelgr\u00f6\u00dfenverteilung eingrenzen.<\/p>\n\n\n\n<p>F\u00fcr die Zerkleinerung von Feststoffen setzen wir in unserem <strong>Feldversuchsbereich <\/strong>Ger\u00e4te mit unterschiedlichen Mischprinzipien ein: Unsere Ultrazentrifugalm\u00fchle zerkleinert weiche bis mittelharte und faserige Feststoffe durch Prall- und Schereffekte mittels einer Hochgeschwindigkeitsrotorm\u00fchle mit Ringsieben, die sich in der eigentlichen Mahlkammer befinden, effektiv auf eine genau definierte Gr\u00f6\u00dfenverteilung. Diese Siebe k\u00f6nnen ausgetauscht werden, um die Gr\u00f6\u00dfenverteilung nach unten oder oben zu verschieben. Dieses 2-stufige Mahlverfahren gew\u00e4hrleistet eine besonders schonende, aber schnelle Zerkleinerung. Das Aufgabematerial verbleibt nur f\u00fcr eine sehr kurze Zeit in der Mahlkammer, so dass die charakteristischen Merkmale der zu bestimmenden Probe nicht ver\u00e4ndert werden. Der untere Partikelgr\u00f6\u00dfenbereich, der erreicht werden kann, liegt in der Gr\u00f6\u00dfenordnung von 40-50 Mikrometern.&nbsp;Die Zentrifugalm\u00fchle hat ein sehr breites Anwendungsspektrum: Knochen, Getreide, chemische Produkte, Kohle, Kaffeebohnen, Kollagen, Mais, getrocknetes Obst und Gem\u00fcse, getrocknete Larven, Medikamente, Futterpellets, D\u00fcngemittel, Lebensmittel, Mineralien, Papier, pharmazeutische Materialien, pflanzliche Materialien, Polymere, Pulverlacke, Gummi, Gew\u00fcrze, S\u00fc\u00dfigkeiten, Textilien, Abf\u00e4lle, Holz.<\/p>\n\n\n\n<p>Um noch kleinere Partikelgr\u00f6\u00dfen zu erreichen, wird das andere Prinzip der <strong>Kugelm\u00fchle <\/strong>verwendet. Dabei handelt es sich um eine Art von Zerkleinerungsger\u00e4t, das nach dem Prinzip des Aufpralls und der Reibung arbeitet. Die Zerkleinerung erfolgt durch Aufprall, da die Kugeln fallen und auf die Oberfl\u00e4che der Partikel treffen. Die Kugelm\u00fchle kann bis zu einer Gr\u00f6\u00dfe von ca. 10 Mikrometern heruntergehen, wobei zu beachten ist, dass diese Methode der Kugelm\u00fchle bei relativ kleinen Probengr\u00f6\u00dfen am effektivsten ist.<\/p>\n\n\n\n<p>Die Kugelm\u00fchle wird f\u00fcr die Zerkleinerung von Materialien wie Kohle, Pigmenten und Ton verwendet. Der Mahlprozess kann entweder nass oder trocken durchgef\u00fchrt werden, wobei der nasse Prozess bei niedriger Geschwindigkeit erfolgt. Bei Systemen mit mehreren Komponenten hat sich das Kugelmahlen als effektiv erwiesen, um die chemische Reaktivit\u00e4t im festen Zustand zu erh\u00f6hen. Das Kugelmahlen hat sich auch bei der Herstellung von amorphen Materialien bew\u00e4hrt.<\/p>\n\n\n\n<p>F\u00fcr die Zerkleinerung spezieller Materialien wie hitzeempfindlicher und schwer zu zerkleinernder Materialien kann das kryogene Mahlen eingesetzt werden. Beim <strong>kryogenen Mahlen<\/strong>, auch bekannt als Gefriermahlen, Gefrierschleifen, kryogenes Mahlen und Kryomahlen, wird ein Material abgek\u00fchlt und anschlie\u00dfend auf eine kleinere Partikelgr\u00f6\u00dfe reduziert. Kakaonibs zum Beispiel lassen sich bei Raumtemperatur nur schwer zu Pulver zermahlen, da sie zu einer klumpigen Masse schmelzen und klebrig werden. Wenn sie mit Trockeneis oder fl\u00fcssigem Stickstoff gek\u00fchlt werden, lassen sich die Kakaonibs gut zu Pulver zermahlen, das f\u00fcr andere Pulverprozesse geeignet ist.<\/p>\n\n\n\n<p>Bei der Auswahl einer geeigneten Laborausr\u00fcstung f\u00fcr die kryogene Zerkleinerung m\u00fcssen verschiedene Aspekte ber\u00fccksichtigt werden, wie z.B.: Probenvolumen, Zerkleinerungsgr\u00f6\u00dfe und gew\u00fcnschte Partikelgr\u00f6\u00dfe. Unser System verwendet fl\u00fcssigen Stickstoff (-196 \u00b0C), um das Aufgabegut vor und w\u00e4hrend des Mahlens abzuk\u00fchlen und so Schmelzen, Zersetzung oder Verspr\u00f6dung zu verhindern. Kryogenes Mahlen ist in der Lebensmittel-, Getr\u00e4nke- und Pharmaindustrie weit verbreitet.<\/p>\n\n\n\n<p>W\u00e4hrend der verschiedenen Zerkleinerungsverfahren kann die <a href=\"https:\/\/www.solids-solutions.com\/de\/fe\/partikelanalyse-und-korngroessenverteilung\/\">Partikelgr\u00f6\u00dfenanalyse<\/a> verwendet werden, um die Effektivit\u00e4t des Zerkleinerungsverfahrens durch Messung der Partikelgr\u00f6\u00dfenverteilung zu best\u00e4tigen und zu \u00fcberpr\u00fcfen, ob die gew\u00fcnschte Gr\u00f6\u00dfe erreicht wurde.<\/p>\n<\/div>\n\n\n\n<div class=\"wp-block-column is-layout-flow wp-block-column-is-layout-flow\" style=\"flex-basis:35%\">\n<figure class=\"wp-block-image size-full\"><img loading=\"lazy\" decoding=\"async\" width=\"400\" height=\"283\" src=\"https:\/\/www.solids-solutions.com\/wp-content\/uploads\/Milling-with-ultracentrifugal-mill-IW.jpg\" alt=\"\" class=\"wp-image-4254\" srcset=\"https:\/\/www.solids-solutions.com\/wp-content\/uploads\/Milling-with-ultracentrifugal-mill-IW.jpg 400w, https:\/\/www.solids-solutions.com\/wp-content\/uploads\/Milling-with-ultracentrifugal-mill-IW-300x212.jpg 300w\" sizes=\"auto, (max-width: 400px) 100vw, 400px\" \/><\/figure>\n\n\n\n<div style=\"height:35px\" aria-hidden=\"true\" class=\"wp-block-spacer\"><\/div>\n\n\n\n<ul class=\"wp-block-list\">\n<li><a href=\"https:\/\/www.solids-solutions.com\/rd\/materials-development\/product-development-by-milling\/\"><\/a><a href=\"https:\/\/www.solids-solutions.com\/nl\/rd\/poederverwerking-voor-materiaalontwikkeling\/productontwikkeling-door-malen\/\"><\/a><a href=\"https:\/\/www.solids-solutions.com\/nl\/rd\/poederverwerking-voor-materiaalontwikkeling\/productontwikkeling-door-malen\/\"><\/a><a href=\"https:\/\/www.solids-solutions.com\/de\/fe\/pulverbearbeitung-fuer-die-materialentwicklung\/produktentwicklung-durch-mahlen\/\">Produktentwicklung durch Mahlen<\/a><\/li>\n\n\n\n<li><a href=\"https:\/\/www.solids-solutions.com\/de\/fe\/pulverbearbeitung-fuer-die-materialentwicklung\/produktentwicklung-durch-pulvermischung\/\">Produktentwicklung durch Pulvermischung<\/a><\/li>\n\n\n\n<li><a href=\"https:\/\/www.solids-solutions.com\/de\/fe\/pulverbearbeitung-fuer-die-materialentwicklung\/produktentwicklung-durch-granulierung-und-groessenvergroesserung\/\">Produktentwicklung durch Granulierung und Gr\u00f6\u00dfenvergr\u00f6\u00dferung<\/a><\/li>\n\n\n\n<li><a href=\"https:\/\/www.solids-solutions.com\/de\/fe\/pulverbearbeitung-fuer-die-materialentwicklung\/produktentwicklung-durch-beschichtung-von-partikeln-verkapselung\/\">Produktentwicklung durch Beschichtung von Partikeln &#8211; Verkapselung<\/a><\/li>\n\n\n\n<li><a href=\"https:\/\/www.solids-solutions.com\/de\/fe\/pulverbearbeitung-fuer-die-materialentwicklung\/wirbelschicht-tests\/\">Wirbelschicht-Tests<\/a><\/li>\n\n\n\n<li><a href=\"https:\/\/www.solids-solutions.com\/de\/fe\/pulverbearbeitung-fuer-die-materialentwicklung\/befoerderung-durch-pneumatischen-transport\/\">Bef\u00f6rderung durch pneumatischen Transport<\/a><\/li>\n\n\n\n<li><a href=\"https:\/\/www.solids-solutions.com\/de\/fe\/pulverbearbeitung-fuer-die-materialentwicklung\/partikelfraktionierung-durch-luftklassifizierung\/\">Partikelfraktionierung durch Luftklassifizierung<\/a><\/li>\n\n\n\n<li><a href=\"https:\/\/www.solids-solutions.com\/de\/fe\/materialien-entwicklung\/publikationen\/\">Publikationen<\/a><\/li>\n<\/ul>\n<\/div>\n<\/div>\n\n<\/div><\/div>","protected":false},"excerpt":{"rendered":"<p>Bei vielen Anwendungen der Pulververarbeitung ist das Mahlen oder Zerkleinern von festen Materialien f\u00fcr verschiedene Zwecke erforderlich. Das Hauptziel der Zerkleinerung besteht darin, kleinere Partikel zu erzeugen, entweder wegen ihrer gr\u00f6\u00dferen Oberfl\u00e4che oder wegen ihrer Form, Gr\u00f6\u00dfe und Anzahl. Das Endprodukt besteht in der Regel aus einem Gemisch von Partikeln, &#8230; <\/p>\n<p class=\"read-more-container\"><a title=\"Produktentwicklung durch Mahlen\" class=\"read-more button\" href=\"https:\/\/www.solids-solutions.com\/de\/fe\/pulverbearbeitung-fuer-die-materialentwicklung\/produktentwicklung-durch-mahlen\/#more-5834\" aria-label=\"Mehr Informationen \u00fcber Produktentwicklung durch Mahlen\">Weiterlesen<\/a><\/p>\n","protected":false},"author":1,"featured_media":0,"parent":5544,"menu_order":0,"comment_status":"closed","ping_status":"closed","template":"","meta":{"footnotes":""},"class_list":["post-5834","page","type-page","status-publish"],"yoast_head":"<!-- This site is optimized with the Yoast SEO plugin v27.0 - https:\/\/yoast.com\/product\/yoast-seo-wordpress\/ -->\n<title>Produktentwicklung durch Mahlen - Delft Solids Solutions<\/title>\n<meta name=\"description\" content=\"Wir bieten das Mahlen von Produkten mit verschiedenen Arten von Mahlger\u00e4ten sowie die Zerkleinerung unter kryogenen Bedingungen an\" \/>\n<meta name=\"robots\" content=\"index, follow, max-snippet:-1, max-image-preview:large, max-video-preview:-1\" \/>\n<link rel=\"canonical\" href=\"https:\/\/www.solids-solutions.com\/de\/fe\/pulverbearbeitung-fuer-die-materialentwicklung\/produktentwicklung-durch-mahlen\/\" \/>\n<meta property=\"og:locale\" content=\"de_DE\" \/>\n<meta property=\"og:type\" content=\"article\" \/>\n<meta property=\"og:title\" content=\"Produktentwicklung durch Mahlen - Delft Solids Solutions\" \/>\n<meta property=\"og:description\" content=\"Wir bieten das Mahlen von Produkten mit verschiedenen Arten von Mahlger\u00e4ten sowie die Zerkleinerung unter kryogenen Bedingungen an\" \/>\n<meta property=\"og:url\" content=\"https:\/\/www.solids-solutions.com\/de\/fe\/pulverbearbeitung-fuer-die-materialentwicklung\/produktentwicklung-durch-mahlen\/\" \/>\n<meta property=\"og:site_name\" content=\"Delft Solids Solutions\" \/>\n<meta property=\"article:modified_time\" content=\"2024-05-28T06:35:17+00:00\" \/>\n<meta property=\"og:image\" content=\"https:\/\/www.solids-solutions.com\/wp-content\/uploads\/Milling-with-ultracentrifugal-mill-IW.jpg\" \/>\n<meta name=\"twitter:card\" content=\"summary_large_image\" \/>\n<meta name=\"twitter:label1\" content=\"Gesch\u00e4tzte Lesezeit\" \/>\n\t<meta name=\"twitter:data1\" content=\"3\u00a0Minuten\" \/>\n<script type=\"application\/ld+json\" class=\"yoast-schema-graph\">{\"@context\":\"https:\/\/schema.org\",\"@graph\":[{\"@type\":\"WebPage\",\"@id\":\"https:\/\/www.solids-solutions.com\/de\/fe\/pulverbearbeitung-fuer-die-materialentwicklung\/produktentwicklung-durch-mahlen\/\",\"url\":\"https:\/\/www.solids-solutions.com\/de\/fe\/pulverbearbeitung-fuer-die-materialentwicklung\/produktentwicklung-durch-mahlen\/\",\"name\":\"Produktentwicklung durch Mahlen - Delft Solids Solutions\",\"isPartOf\":{\"@id\":\"https:\/\/www.solids-solutions.com\/#website\"},\"primaryImageOfPage\":{\"@id\":\"https:\/\/www.solids-solutions.com\/de\/fe\/pulverbearbeitung-fuer-die-materialentwicklung\/produktentwicklung-durch-mahlen\/#primaryimage\"},\"image\":{\"@id\":\"https:\/\/www.solids-solutions.com\/de\/fe\/pulverbearbeitung-fuer-die-materialentwicklung\/produktentwicklung-durch-mahlen\/#primaryimage\"},\"thumbnailUrl\":\"https:\/\/www.solids-solutions.com\/wp-content\/uploads\/Milling-with-ultracentrifugal-mill-IW.jpg\",\"datePublished\":\"2022-03-21T09:06:45+00:00\",\"dateModified\":\"2024-05-28T06:35:17+00:00\",\"description\":\"Wir bieten das Mahlen von Produkten mit verschiedenen Arten von Mahlger\u00e4ten sowie die Zerkleinerung unter kryogenen Bedingungen an\",\"breadcrumb\":{\"@id\":\"https:\/\/www.solids-solutions.com\/de\/fe\/pulverbearbeitung-fuer-die-materialentwicklung\/produktentwicklung-durch-mahlen\/#breadcrumb\"},\"inLanguage\":\"de\",\"potentialAction\":[{\"@type\":\"ReadAction\",\"target\":[\"https:\/\/www.solids-solutions.com\/de\/fe\/pulverbearbeitung-fuer-die-materialentwicklung\/produktentwicklung-durch-mahlen\/\"]}]},{\"@type\":\"ImageObject\",\"inLanguage\":\"de\",\"@id\":\"https:\/\/www.solids-solutions.com\/de\/fe\/pulverbearbeitung-fuer-die-materialentwicklung\/produktentwicklung-durch-mahlen\/#primaryimage\",\"url\":\"https:\/\/www.solids-solutions.com\/wp-content\/uploads\/Milling-with-ultracentrifugal-mill-IW.jpg\",\"contentUrl\":\"https:\/\/www.solids-solutions.com\/wp-content\/uploads\/Milling-with-ultracentrifugal-mill-IW.jpg\"},{\"@type\":\"BreadcrumbList\",\"@id\":\"https:\/\/www.solids-solutions.com\/de\/fe\/pulverbearbeitung-fuer-die-materialentwicklung\/produktentwicklung-durch-mahlen\/#breadcrumb\",\"itemListElement\":[{\"@type\":\"ListItem\",\"position\":1,\"name\":\"Home\",\"item\":\"https:\/\/www.solids-solutions.com\/de\/\"},{\"@type\":\"ListItem\",\"position\":2,\"name\":\"Forschung &#038; entwicklung\",\"item\":\"https:\/\/www.solids-solutions.com\/de\/fe\/\"},{\"@type\":\"ListItem\",\"position\":3,\"name\":\"Pulverbearbeitung f\u00fcr die Materialentwicklung\",\"item\":\"https:\/\/www.solids-solutions.com\/de\/fe\/pulverbearbeitung-fuer-die-materialentwicklung\/\"},{\"@type\":\"ListItem\",\"position\":4,\"name\":\"Produktentwicklung durch Mahlen\"}]},{\"@type\":\"WebSite\",\"@id\":\"https:\/\/www.solids-solutions.com\/#website\",\"url\":\"https:\/\/www.solids-solutions.com\/\",\"name\":\"Delft Solids Solutions\",\"description\":\"En nog een WordPress site\",\"publisher\":{\"@id\":\"https:\/\/www.solids-solutions.com\/#organization\"},\"potentialAction\":[{\"@type\":\"SearchAction\",\"target\":{\"@type\":\"EntryPoint\",\"urlTemplate\":\"https:\/\/www.solids-solutions.com\/?s={search_term_string}\"},\"query-input\":{\"@type\":\"PropertyValueSpecification\",\"valueRequired\":true,\"valueName\":\"search_term_string\"}}],\"inLanguage\":\"de\"},{\"@type\":\"Organization\",\"@id\":\"https:\/\/www.solids-solutions.com\/#organization\",\"name\":\"Delft Solids Solutions\",\"url\":\"https:\/\/www.solids-solutions.com\/\",\"logo\":{\"@type\":\"ImageObject\",\"inLanguage\":\"de\",\"@id\":\"https:\/\/www.solids-solutions.com\/#\/schema\/logo\/image\/\",\"url\":\"https:\/\/www.solids-solutions.com\/wp-content\/uploads\/Logo.png\",\"contentUrl\":\"https:\/\/www.solids-solutions.com\/wp-content\/uploads\/Logo.png\",\"width\":388,\"height\":63,\"caption\":\"Delft Solids Solutions\"},\"image\":{\"@id\":\"https:\/\/www.solids-solutions.com\/#\/schema\/logo\/image\/\"}}]}<\/script>\n<!-- \/ Yoast SEO plugin. -->","yoast_head_json":{"title":"Produktentwicklung durch Mahlen - Delft Solids Solutions","description":"Wir bieten das Mahlen von Produkten mit verschiedenen Arten von Mahlger\u00e4ten sowie die Zerkleinerung unter kryogenen Bedingungen an","robots":{"index":"index","follow":"follow","max-snippet":"max-snippet:-1","max-image-preview":"max-image-preview:large","max-video-preview":"max-video-preview:-1"},"canonical":"https:\/\/www.solids-solutions.com\/de\/fe\/pulverbearbeitung-fuer-die-materialentwicklung\/produktentwicklung-durch-mahlen\/","og_locale":"de_DE","og_type":"article","og_title":"Produktentwicklung durch Mahlen - Delft Solids Solutions","og_description":"Wir bieten das Mahlen von Produkten mit verschiedenen Arten von Mahlger\u00e4ten sowie die Zerkleinerung unter kryogenen Bedingungen an","og_url":"https:\/\/www.solids-solutions.com\/de\/fe\/pulverbearbeitung-fuer-die-materialentwicklung\/produktentwicklung-durch-mahlen\/","og_site_name":"Delft Solids Solutions","article_modified_time":"2024-05-28T06:35:17+00:00","og_image":[{"url":"https:\/\/www.solids-solutions.com\/wp-content\/uploads\/Milling-with-ultracentrifugal-mill-IW.jpg","type":"","width":"","height":""}],"twitter_card":"summary_large_image","twitter_misc":{"Gesch\u00e4tzte Lesezeit":"3\u00a0Minuten"},"schema":{"@context":"https:\/\/schema.org","@graph":[{"@type":"WebPage","@id":"https:\/\/www.solids-solutions.com\/de\/fe\/pulverbearbeitung-fuer-die-materialentwicklung\/produktentwicklung-durch-mahlen\/","url":"https:\/\/www.solids-solutions.com\/de\/fe\/pulverbearbeitung-fuer-die-materialentwicklung\/produktentwicklung-durch-mahlen\/","name":"Produktentwicklung durch Mahlen - Delft Solids Solutions","isPartOf":{"@id":"https:\/\/www.solids-solutions.com\/#website"},"primaryImageOfPage":{"@id":"https:\/\/www.solids-solutions.com\/de\/fe\/pulverbearbeitung-fuer-die-materialentwicklung\/produktentwicklung-durch-mahlen\/#primaryimage"},"image":{"@id":"https:\/\/www.solids-solutions.com\/de\/fe\/pulverbearbeitung-fuer-die-materialentwicklung\/produktentwicklung-durch-mahlen\/#primaryimage"},"thumbnailUrl":"https:\/\/www.solids-solutions.com\/wp-content\/uploads\/Milling-with-ultracentrifugal-mill-IW.jpg","datePublished":"2022-03-21T09:06:45+00:00","dateModified":"2024-05-28T06:35:17+00:00","description":"Wir bieten das Mahlen von Produkten mit verschiedenen Arten von Mahlger\u00e4ten sowie die Zerkleinerung unter kryogenen Bedingungen an","breadcrumb":{"@id":"https:\/\/www.solids-solutions.com\/de\/fe\/pulverbearbeitung-fuer-die-materialentwicklung\/produktentwicklung-durch-mahlen\/#breadcrumb"},"inLanguage":"de","potentialAction":[{"@type":"ReadAction","target":["https:\/\/www.solids-solutions.com\/de\/fe\/pulverbearbeitung-fuer-die-materialentwicklung\/produktentwicklung-durch-mahlen\/"]}]},{"@type":"ImageObject","inLanguage":"de","@id":"https:\/\/www.solids-solutions.com\/de\/fe\/pulverbearbeitung-fuer-die-materialentwicklung\/produktentwicklung-durch-mahlen\/#primaryimage","url":"https:\/\/www.solids-solutions.com\/wp-content\/uploads\/Milling-with-ultracentrifugal-mill-IW.jpg","contentUrl":"https:\/\/www.solids-solutions.com\/wp-content\/uploads\/Milling-with-ultracentrifugal-mill-IW.jpg"},{"@type":"BreadcrumbList","@id":"https:\/\/www.solids-solutions.com\/de\/fe\/pulverbearbeitung-fuer-die-materialentwicklung\/produktentwicklung-durch-mahlen\/#breadcrumb","itemListElement":[{"@type":"ListItem","position":1,"name":"Home","item":"https:\/\/www.solids-solutions.com\/de\/"},{"@type":"ListItem","position":2,"name":"Forschung &#038; entwicklung","item":"https:\/\/www.solids-solutions.com\/de\/fe\/"},{"@type":"ListItem","position":3,"name":"Pulverbearbeitung f\u00fcr die Materialentwicklung","item":"https:\/\/www.solids-solutions.com\/de\/fe\/pulverbearbeitung-fuer-die-materialentwicklung\/"},{"@type":"ListItem","position":4,"name":"Produktentwicklung durch Mahlen"}]},{"@type":"WebSite","@id":"https:\/\/www.solids-solutions.com\/#website","url":"https:\/\/www.solids-solutions.com\/","name":"Delft Solids Solutions","description":"En nog een WordPress site","publisher":{"@id":"https:\/\/www.solids-solutions.com\/#organization"},"potentialAction":[{"@type":"SearchAction","target":{"@type":"EntryPoint","urlTemplate":"https:\/\/www.solids-solutions.com\/?s={search_term_string}"},"query-input":{"@type":"PropertyValueSpecification","valueRequired":true,"valueName":"search_term_string"}}],"inLanguage":"de"},{"@type":"Organization","@id":"https:\/\/www.solids-solutions.com\/#organization","name":"Delft Solids Solutions","url":"https:\/\/www.solids-solutions.com\/","logo":{"@type":"ImageObject","inLanguage":"de","@id":"https:\/\/www.solids-solutions.com\/#\/schema\/logo\/image\/","url":"https:\/\/www.solids-solutions.com\/wp-content\/uploads\/Logo.png","contentUrl":"https:\/\/www.solids-solutions.com\/wp-content\/uploads\/Logo.png","width":388,"height":63,"caption":"Delft Solids Solutions"},"image":{"@id":"https:\/\/www.solids-solutions.com\/#\/schema\/logo\/image\/"}}]}},"_links":{"self":[{"href":"https:\/\/www.solids-solutions.com\/de\/wp-json\/wp\/v2\/pages\/5834","targetHints":{"allow":["GET"]}}],"collection":[{"href":"https:\/\/www.solids-solutions.com\/de\/wp-json\/wp\/v2\/pages"}],"about":[{"href":"https:\/\/www.solids-solutions.com\/de\/wp-json\/wp\/v2\/types\/page"}],"author":[{"embeddable":true,"href":"https:\/\/www.solids-solutions.com\/de\/wp-json\/wp\/v2\/users\/1"}],"replies":[{"embeddable":true,"href":"https:\/\/www.solids-solutions.com\/de\/wp-json\/wp\/v2\/comments?post=5834"}],"version-history":[{"count":5,"href":"https:\/\/www.solids-solutions.com\/de\/wp-json\/wp\/v2\/pages\/5834\/revisions"}],"predecessor-version":[{"id":7977,"href":"https:\/\/www.solids-solutions.com\/de\/wp-json\/wp\/v2\/pages\/5834\/revisions\/7977"}],"up":[{"embeddable":true,"href":"https:\/\/www.solids-solutions.com\/de\/wp-json\/wp\/v2\/pages\/5544"}],"wp:attachment":[{"href":"https:\/\/www.solids-solutions.com\/de\/wp-json\/wp\/v2\/media?parent=5834"}],"curies":[{"name":"wp","href":"https:\/\/api.w.org\/{rel}","templated":true}]}}