{"id":5169,"date":"2022-03-18T10:10:42","date_gmt":"2022-03-18T10:10:42","guid":{"rendered":"https:\/\/www.solids-solutions.com\/?page_id=5169"},"modified":"2023-04-20T10:07:31","modified_gmt":"2023-04-20T10:07:31","slug":"bulk-solids-caracterisation-et-essais-en-poudre","status":"publish","type":"page","link":"https:\/\/www.solids-solutions.com\/fr\/rd\/bulk-solids-caracterisation-et-essais-en-poudre\/","title":{"rendered":"Bulk Solids Caract\u00e9risation et essais en poudre"},"content":{"rendered":"<div class=\"gb-container gb-container-22d34a3a\"><div class=\"gb-inside-container\">\n\n<div class=\"wp-block-columns is-layout-flex wp-container-core-columns-is-layout-9d6595d7 wp-block-columns-is-layout-flex\">\n<div class=\"wp-block-column is-layout-flow wp-block-column-is-layout-flow\" style=\"flex-basis:65%\">\n<p>La manipulation des poudres et des mat\u00e9riaux granulaires rev\u00eat une grande importance pour l&rsquo;industrie. Ces mat\u00e9riaux sont impliqu\u00e9s dans 80 % de l&rsquo;industrie. Rien que dans l&rsquo;industrie chimique, la moiti\u00e9 des produits et au moins les trois quarts des mati\u00e8res premi\u00e8res sont sous forme de poudres et de solides granulaires. Dans tout processus particulaire, les caract\u00e9ristiques physiques de la poudre et du mat\u00e9riau granulaire, par exemple la coh\u00e9sivit\u00e9, la densit\u00e9, la compressibilit\u00e9, la distribution granulom\u00e9trique, la forme des particules et l&rsquo;humidit\u00e9, ont un effet sur la fluidit\u00e9 et l&rsquo;inondabilit\u00e9 du vrac.<\/p>\n\n\n\n<p>De m\u00eame, les particules solides et les granul\u00e9s s&rsquo;usent pendant la production, la manutention et le transport. Les forces que subissent les particules sont largement class\u00e9es en forces d&rsquo;impact, forces de compression et forces abrasives. Les forces de compression ont tendance \u00e0 se produire dans les tr\u00e9mies, les syst\u00e8mes de convoyage, les silos et sur les camions ou les rails, o\u00f9 les particules sont comprim\u00e9es par leur propre poids. Les forces de compression peuvent provoquer la fragmentation des particules, un processus par lequel une particule se divise en parties plus petites, g\u00e9n\u00e9ralement en grand nombre et comprenant une gamme de tailles de particules filles ; ceci entra\u00eene parfois la lib\u00e9ration de mat\u00e9riaux enferm\u00e9s. L&rsquo;abrasion provoque de la poussi\u00e8re et la s\u00e9gr\u00e9gation a un impact sur la qualit\u00e9 du mat\u00e9riau en poudre.<\/p>\n\n\n\n<p>Un large \u00e9ventail de m\u00e9thodologies de recherche diff\u00e9rentes est disponible pour caract\u00e9riser et et tester le comportement des poudres en vrac. La r\u00e9sistance \u00e0 l&rsquo;\u00e9crasement de granul\u00e9s individuels pour l&rsquo;\u00e9crasement radial et axial de granul\u00e9s et de comprim\u00e9s, la technique du testeur de compression robotis\u00e9 pour les plus petites particules et les granul\u00e9s, les essais de cisaillement selon Jenike, Peschl ou Schulze, les essais de r\u00e9sistance au compactage apr\u00e8s compactage uniaxial, les caract\u00e9ristiques des poudres \u00e0 l&rsquo;aide de Hosokawa pour la fluidit\u00e9 et l&rsquo;inondabilit\u00e9 par les indices de Carr, la r\u00e9sistance \u00e0 l&rsquo;attrition et \u00e0 l&rsquo;abrasion, et la recherche du caract\u00e8re poussi\u00e9reux par les m\u00e9thodologies de la goutte continue et du tambour rotatif selon Heubach et EN 15051.<\/p>\n<\/div>\n\n\n\n<div class=\"wp-block-column is-layout-flow wp-block-column-is-layout-flow\" style=\"flex-basis:35%\">\n<figure class=\"wp-block-image size-full\"><img loading=\"lazy\" decoding=\"async\" width=\"267\" height=\"201\" src=\"https:\/\/www.solids-solutions.com\/wp-content\/uploads\/Bulk-solids-characterization.jpg\" alt=\"\" class=\"wp-image-4080\"\/><\/figure>\n\n\n\n<div style=\"height:34px\" aria-hidden=\"true\" class=\"wp-block-spacer\"><\/div>\n\n\n\n<ul class=\"wp-block-list\">\n<li><a href=\"https:\/\/www.solids-solutions.com\/fr\/rd\/bulk-solids-caracterisation-et-essais-en-poudre\/essai-de-cisaillement-jenike-ou-peschl\/\"><\/a><a href=\"https:\/\/www.solids-solutions.com\/fr\/rd\/bulk-solids-caracterisation-et-essais-en-poudre\/essai-de-cisaillement-jenike-ou-peschl\/\">Essais d&rsquo;\u00e9coulement de poudre et de cisaillement annulaire<\/a><\/li>\n\n\n\n<li><a href=\"https:\/\/www.solids-solutions.com\/fr\/rd\/bulk-solids-caracterisation-et-essais-en-poudre\/essai-de-cisaillement-jenike-ou-peschl\/\"><\/a><a href=\"https:\/\/www.solids-solutions.com\/fr\/rd\/bulk-solids-caracterisation-et-essais-en-poudre\/test-de-poudre-hosokawa\/\">Test d&rsquo;\u00e9coulement de poudre non confin\u00e9e<\/a><\/li>\n\n\n\n<li><a href=\"https:\/\/www.solids-solutions.com\/fr\/rd\/bulk-solids-caracterisation-et-essais-en-poudre\/essai-de-cisaillement-jenike-ou-peschl\/\"><\/a><a href=\"https:\/\/www.solids-solutions.com\/fr\/rd\/bulk-solids-caracterisation-et-essais-en-poudre\/agglutination-des-poudres-par-un-essai-de-resistance-uni-axiale-au-compactage\/\">Agglutination des poudres par un essai de r\u00e9sistance uni-axiale au compactage<\/a><\/li>\n\n\n\n<li><a href=\"https:\/\/www.solids-solutions.com\/fr\/rd\/bulk-solids-caracterisation-et-essais-en-poudre\/essai-de-cisaillement-jenike-ou-peschl\/\"><\/a><a href=\"https:\/\/www.solids-solutions.com\/fr\/rd\/bulk-solids-caracterisation-et-essais-en-poudre\/mesure-de-ladherence-des-poudres\/\">Mesure de l&rsquo;adh\u00e9rence des poudres<\/a><\/li>\n\n\n\n<li><a href=\"https:\/\/www.solids-solutions.com\/fr\/rd\/bulk-solids-caracterisation-et-essais-en-poudre\/essai-de-cisaillement-jenike-ou-peschl\/\"><\/a><a href=\"https:\/\/www.solids-solutions.com\/fr\/rd\/bulk-solids-caracterisation-et-essais-en-poudre\/analyse-de-la-poussiere-heubach-principe-du-tambour-rotatif\/\">Analyse de l&#8217;empoussi\u00e8rement selon Heubach et EN 15051<\/a><\/li>\n\n\n\n<li><a href=\"https:\/\/www.solids-solutions.com\/fr\/rd\/bulk-solids-caracterisation-et-essais-en-poudre\/essai-de-cisaillement-jenike-ou-peschl\/\"><\/a><a href=\"https:\/\/www.solids-solutions.com\/fr\/rd\/bulk-solids-caracterisation-et-essais-en-poudre\/lusure-des-particules\/\">Attrition et abrasion de particules, granules et comprim\u00e9s<\/a><\/li>\n\n\n\n<li><a href=\"https:\/\/www.solids-solutions.com\/fr\/rd\/bulk-solids-caracterisation-et-essais-en-poudre\/essai-de-cisaillement-jenike-ou-peschl\/\"><\/a><a href=\"https:\/\/www.solids-solutions.com\/fr\/rd\/bulk-solids-caracterisation-et-essais-en-poudre\/controle-de-la-segregation-des-poudres\/\">Test de s\u00e9gr\u00e9gation des poudres et des solides<\/a><\/li>\n\n\n\n<li><a href=\"https:\/\/www.solids-solutions.com\/fr\/rd\/bulk-solids-caracterisation-et-essais-en-poudre\/essai-de-cisaillement-jenike-ou-peschl\/\"><\/a><a href=\"https:\/\/www.solids-solutions.com\/fr\/rd\/bulk-solids-caracterisation-et-essais-en-poudre\/en-17199-4-indice-dempoussierement-et-nanoparticules\/\">EN 17199-4 Indice d&#8217;empoussi\u00e8rement et nanoparticules<\/a><\/li>\n<\/ul>\n<\/div>\n<\/div>\n\n<\/div><\/div>","protected":false},"excerpt":{"rendered":"<p>La manipulation des poudres et des mat\u00e9riaux granulaires rev\u00eat une grande importance pour l&rsquo;industrie. Ces mat\u00e9riaux sont impliqu\u00e9s dans 80 % de l&rsquo;industrie. Rien que dans l&rsquo;industrie chimique, la moiti\u00e9 des produits et au moins les trois quarts des mati\u00e8res premi\u00e8res sont sous forme de poudres et de solides granulaires. &#8230; <\/p>\n<p class=\"read-more-container\"><a title=\"Bulk Solids Caract\u00e9risation et essais en poudre\" class=\"read-more button\" href=\"https:\/\/www.solids-solutions.com\/fr\/rd\/bulk-solids-caracterisation-et-essais-en-poudre\/#more-5169\" aria-label=\"En savoir plus sur Bulk Solids Caract\u00e9risation et essais en poudre\">Lire la suite<\/a><\/p>\n","protected":false},"author":1,"featured_media":0,"parent":5054,"menu_order":0,"comment_status":"closed","ping_status":"closed","template":"","meta":{"footnotes":""},"class_list":["post-5169","page","type-page","status-publish"],"yoast_head":"<!-- This site is optimized with the Yoast SEO plugin v27.0 - https:\/\/yoast.com\/product\/yoast-seo-wordpress\/ -->\n<title>Bulk Solids Caract\u00e9risation et essais en poudre - Delft Solids Solutions<\/title>\n<meta name=\"description\" content=\"Notre laboratoire caract\u00e9rise les mat\u00e9riaux en vrac et les poudres pour les propri\u00e9t\u00e9s en vrac telles que la poussi\u00e8re, l&#039;usure, l&#039;\u00e9coulement de la poudre et les propri\u00e9t\u00e9s associ\u00e9es.\" \/>\n<meta name=\"robots\" content=\"index, follow, max-snippet:-1, max-image-preview:large, max-video-preview:-1\" \/>\n<link rel=\"canonical\" href=\"https:\/\/www.solids-solutions.com\/fr\/rd\/bulk-solids-caracterisation-et-essais-en-poudre\/\" \/>\n<meta property=\"og:locale\" content=\"fr_FR\" \/>\n<meta property=\"og:type\" content=\"article\" \/>\n<meta property=\"og:title\" content=\"Bulk Solids Caract\u00e9risation et essais en poudre - Delft Solids Solutions\" \/>\n<meta property=\"og:description\" content=\"Notre laboratoire caract\u00e9rise les mat\u00e9riaux en vrac et les poudres pour les propri\u00e9t\u00e9s en vrac telles que la poussi\u00e8re, l&#039;usure, l&#039;\u00e9coulement de la poudre et les propri\u00e9t\u00e9s associ\u00e9es.\" \/>\n<meta property=\"og:url\" content=\"https:\/\/www.solids-solutions.com\/fr\/rd\/bulk-solids-caracterisation-et-essais-en-poudre\/\" \/>\n<meta property=\"og:site_name\" content=\"Delft Solids Solutions\" \/>\n<meta property=\"article:modified_time\" content=\"2023-04-20T10:07:31+00:00\" \/>\n<meta property=\"og:image\" content=\"https:\/\/www.solids-solutions.com\/wp-content\/uploads\/Bulk-solids-characterization.jpg\" \/>\n<meta name=\"twitter:card\" content=\"summary_large_image\" \/>\n<meta name=\"twitter:label1\" content=\"Dur\u00e9e de lecture estim\u00e9e\" \/>\n\t<meta name=\"twitter:data1\" content=\"2 minutes\" \/>\n<script type=\"application\/ld+json\" class=\"yoast-schema-graph\">{\"@context\":\"https:\/\/schema.org\",\"@graph\":[{\"@type\":\"WebPage\",\"@id\":\"https:\/\/www.solids-solutions.com\/fr\/rd\/bulk-solids-caracterisation-et-essais-en-poudre\/\",\"url\":\"https:\/\/www.solids-solutions.com\/fr\/rd\/bulk-solids-caracterisation-et-essais-en-poudre\/\",\"name\":\"Bulk Solids Caract\u00e9risation et essais en poudre - Delft Solids Solutions\",\"isPartOf\":{\"@id\":\"https:\/\/www.solids-solutions.com\/#website\"},\"primaryImageOfPage\":{\"@id\":\"https:\/\/www.solids-solutions.com\/fr\/rd\/bulk-solids-caracterisation-et-essais-en-poudre\/#primaryimage\"},\"image\":{\"@id\":\"https:\/\/www.solids-solutions.com\/fr\/rd\/bulk-solids-caracterisation-et-essais-en-poudre\/#primaryimage\"},\"thumbnailUrl\":\"https:\/\/www.solids-solutions.com\/wp-content\/uploads\/Bulk-solids-characterization.jpg\",\"datePublished\":\"2022-03-18T10:10:42+00:00\",\"dateModified\":\"2023-04-20T10:07:31+00:00\",\"description\":\"Notre laboratoire caract\u00e9rise les mat\u00e9riaux en vrac et les poudres pour les propri\u00e9t\u00e9s en vrac telles que la poussi\u00e8re, l'usure, l'\u00e9coulement de la poudre et les propri\u00e9t\u00e9s associ\u00e9es.\",\"breadcrumb\":{\"@id\":\"https:\/\/www.solids-solutions.com\/fr\/rd\/bulk-solids-caracterisation-et-essais-en-poudre\/#breadcrumb\"},\"inLanguage\":\"fr-FR\",\"potentialAction\":[{\"@type\":\"ReadAction\",\"target\":[\"https:\/\/www.solids-solutions.com\/fr\/rd\/bulk-solids-caracterisation-et-essais-en-poudre\/\"]}]},{\"@type\":\"ImageObject\",\"inLanguage\":\"fr-FR\",\"@id\":\"https:\/\/www.solids-solutions.com\/fr\/rd\/bulk-solids-caracterisation-et-essais-en-poudre\/#primaryimage\",\"url\":\"https:\/\/www.solids-solutions.com\/wp-content\/uploads\/Bulk-solids-characterization.jpg\",\"contentUrl\":\"https:\/\/www.solids-solutions.com\/wp-content\/uploads\/Bulk-solids-characterization.jpg\"},{\"@type\":\"BreadcrumbList\",\"@id\":\"https:\/\/www.solids-solutions.com\/fr\/rd\/bulk-solids-caracterisation-et-essais-en-poudre\/#breadcrumb\",\"itemListElement\":[{\"@type\":\"ListItem\",\"position\":1,\"name\":\"Home\",\"item\":\"https:\/\/www.solids-solutions.com\/fr\/\"},{\"@type\":\"ListItem\",\"position\":2,\"name\":\"Recherche &#038; d\u00e9veloppement\",\"item\":\"https:\/\/www.solids-solutions.com\/fr\/rd\/\"},{\"@type\":\"ListItem\",\"position\":3,\"name\":\"Bulk Solids Caract\u00e9risation et essais en poudre\"}]},{\"@type\":\"WebSite\",\"@id\":\"https:\/\/www.solids-solutions.com\/#website\",\"url\":\"https:\/\/www.solids-solutions.com\/\",\"name\":\"Delft Solids Solutions\",\"description\":\"En nog een WordPress site\",\"publisher\":{\"@id\":\"https:\/\/www.solids-solutions.com\/#organization\"},\"potentialAction\":[{\"@type\":\"SearchAction\",\"target\":{\"@type\":\"EntryPoint\",\"urlTemplate\":\"https:\/\/www.solids-solutions.com\/?s={search_term_string}\"},\"query-input\":{\"@type\":\"PropertyValueSpecification\",\"valueRequired\":true,\"valueName\":\"search_term_string\"}}],\"inLanguage\":\"fr-FR\"},{\"@type\":\"Organization\",\"@id\":\"https:\/\/www.solids-solutions.com\/#organization\",\"name\":\"Delft Solids Solutions\",\"url\":\"https:\/\/www.solids-solutions.com\/\",\"logo\":{\"@type\":\"ImageObject\",\"inLanguage\":\"fr-FR\",\"@id\":\"https:\/\/www.solids-solutions.com\/#\/schema\/logo\/image\/\",\"url\":\"https:\/\/www.solids-solutions.com\/wp-content\/uploads\/Logo.png\",\"contentUrl\":\"https:\/\/www.solids-solutions.com\/wp-content\/uploads\/Logo.png\",\"width\":388,\"height\":63,\"caption\":\"Delft Solids Solutions\"},\"image\":{\"@id\":\"https:\/\/www.solids-solutions.com\/#\/schema\/logo\/image\/\"}}]}<\/script>\n<!-- \/ Yoast SEO plugin. -->","yoast_head_json":{"title":"Bulk Solids Caract\u00e9risation et essais en poudre - Delft Solids Solutions","description":"Notre laboratoire caract\u00e9rise les mat\u00e9riaux en vrac et les poudres pour les propri\u00e9t\u00e9s en vrac telles que la poussi\u00e8re, l'usure, l'\u00e9coulement de la poudre et les propri\u00e9t\u00e9s associ\u00e9es.","robots":{"index":"index","follow":"follow","max-snippet":"max-snippet:-1","max-image-preview":"max-image-preview:large","max-video-preview":"max-video-preview:-1"},"canonical":"https:\/\/www.solids-solutions.com\/fr\/rd\/bulk-solids-caracterisation-et-essais-en-poudre\/","og_locale":"fr_FR","og_type":"article","og_title":"Bulk Solids Caract\u00e9risation et essais en poudre - Delft Solids Solutions","og_description":"Notre laboratoire caract\u00e9rise les mat\u00e9riaux en vrac et les poudres pour les propri\u00e9t\u00e9s en vrac telles que la poussi\u00e8re, l'usure, l'\u00e9coulement de la poudre et les propri\u00e9t\u00e9s associ\u00e9es.","og_url":"https:\/\/www.solids-solutions.com\/fr\/rd\/bulk-solids-caracterisation-et-essais-en-poudre\/","og_site_name":"Delft Solids Solutions","article_modified_time":"2023-04-20T10:07:31+00:00","og_image":[{"url":"https:\/\/www.solids-solutions.com\/wp-content\/uploads\/Bulk-solids-characterization.jpg","type":"","width":"","height":""}],"twitter_card":"summary_large_image","twitter_misc":{"Dur\u00e9e de lecture estim\u00e9e":"2 minutes"},"schema":{"@context":"https:\/\/schema.org","@graph":[{"@type":"WebPage","@id":"https:\/\/www.solids-solutions.com\/fr\/rd\/bulk-solids-caracterisation-et-essais-en-poudre\/","url":"https:\/\/www.solids-solutions.com\/fr\/rd\/bulk-solids-caracterisation-et-essais-en-poudre\/","name":"Bulk Solids Caract\u00e9risation et essais en poudre - Delft Solids Solutions","isPartOf":{"@id":"https:\/\/www.solids-solutions.com\/#website"},"primaryImageOfPage":{"@id":"https:\/\/www.solids-solutions.com\/fr\/rd\/bulk-solids-caracterisation-et-essais-en-poudre\/#primaryimage"},"image":{"@id":"https:\/\/www.solids-solutions.com\/fr\/rd\/bulk-solids-caracterisation-et-essais-en-poudre\/#primaryimage"},"thumbnailUrl":"https:\/\/www.solids-solutions.com\/wp-content\/uploads\/Bulk-solids-characterization.jpg","datePublished":"2022-03-18T10:10:42+00:00","dateModified":"2023-04-20T10:07:31+00:00","description":"Notre laboratoire caract\u00e9rise les mat\u00e9riaux en vrac et les poudres pour les propri\u00e9t\u00e9s en vrac telles que la poussi\u00e8re, l'usure, l'\u00e9coulement de la poudre et les propri\u00e9t\u00e9s associ\u00e9es.","breadcrumb":{"@id":"https:\/\/www.solids-solutions.com\/fr\/rd\/bulk-solids-caracterisation-et-essais-en-poudre\/#breadcrumb"},"inLanguage":"fr-FR","potentialAction":[{"@type":"ReadAction","target":["https:\/\/www.solids-solutions.com\/fr\/rd\/bulk-solids-caracterisation-et-essais-en-poudre\/"]}]},{"@type":"ImageObject","inLanguage":"fr-FR","@id":"https:\/\/www.solids-solutions.com\/fr\/rd\/bulk-solids-caracterisation-et-essais-en-poudre\/#primaryimage","url":"https:\/\/www.solids-solutions.com\/wp-content\/uploads\/Bulk-solids-characterization.jpg","contentUrl":"https:\/\/www.solids-solutions.com\/wp-content\/uploads\/Bulk-solids-characterization.jpg"},{"@type":"BreadcrumbList","@id":"https:\/\/www.solids-solutions.com\/fr\/rd\/bulk-solids-caracterisation-et-essais-en-poudre\/#breadcrumb","itemListElement":[{"@type":"ListItem","position":1,"name":"Home","item":"https:\/\/www.solids-solutions.com\/fr\/"},{"@type":"ListItem","position":2,"name":"Recherche &#038; d\u00e9veloppement","item":"https:\/\/www.solids-solutions.com\/fr\/rd\/"},{"@type":"ListItem","position":3,"name":"Bulk Solids Caract\u00e9risation et essais en poudre"}]},{"@type":"WebSite","@id":"https:\/\/www.solids-solutions.com\/#website","url":"https:\/\/www.solids-solutions.com\/","name":"Delft Solids Solutions","description":"En nog een WordPress site","publisher":{"@id":"https:\/\/www.solids-solutions.com\/#organization"},"potentialAction":[{"@type":"SearchAction","target":{"@type":"EntryPoint","urlTemplate":"https:\/\/www.solids-solutions.com\/?s={search_term_string}"},"query-input":{"@type":"PropertyValueSpecification","valueRequired":true,"valueName":"search_term_string"}}],"inLanguage":"fr-FR"},{"@type":"Organization","@id":"https:\/\/www.solids-solutions.com\/#organization","name":"Delft Solids Solutions","url":"https:\/\/www.solids-solutions.com\/","logo":{"@type":"ImageObject","inLanguage":"fr-FR","@id":"https:\/\/www.solids-solutions.com\/#\/schema\/logo\/image\/","url":"https:\/\/www.solids-solutions.com\/wp-content\/uploads\/Logo.png","contentUrl":"https:\/\/www.solids-solutions.com\/wp-content\/uploads\/Logo.png","width":388,"height":63,"caption":"Delft Solids Solutions"},"image":{"@id":"https:\/\/www.solids-solutions.com\/#\/schema\/logo\/image\/"}}]}},"_links":{"self":[{"href":"https:\/\/www.solids-solutions.com\/fr\/wp-json\/wp\/v2\/pages\/5169","targetHints":{"allow":["GET"]}}],"collection":[{"href":"https:\/\/www.solids-solutions.com\/fr\/wp-json\/wp\/v2\/pages"}],"about":[{"href":"https:\/\/www.solids-solutions.com\/fr\/wp-json\/wp\/v2\/types\/page"}],"author":[{"embeddable":true,"href":"https:\/\/www.solids-solutions.com\/fr\/wp-json\/wp\/v2\/users\/1"}],"replies":[{"embeddable":true,"href":"https:\/\/www.solids-solutions.com\/fr\/wp-json\/wp\/v2\/comments?post=5169"}],"version-history":[{"count":8,"href":"https:\/\/www.solids-solutions.com\/fr\/wp-json\/wp\/v2\/pages\/5169\/revisions"}],"predecessor-version":[{"id":7693,"href":"https:\/\/www.solids-solutions.com\/fr\/wp-json\/wp\/v2\/pages\/5169\/revisions\/7693"}],"up":[{"embeddable":true,"href":"https:\/\/www.solids-solutions.com\/fr\/wp-json\/wp\/v2\/pages\/5054"}],"wp:attachment":[{"href":"https:\/\/www.solids-solutions.com\/fr\/wp-json\/wp\/v2\/media?parent=5169"}],"curies":[{"name":"wp","href":"https:\/\/api.w.org\/{rel}","templated":true}]}}