{"id":5177,"date":"2022-03-18T12:02:30","date_gmt":"2022-03-18T12:02:30","guid":{"rendered":"https:\/\/www.solids-solutions.com\/?page_id=5177"},"modified":"2024-05-28T06:20:46","modified_gmt":"2024-05-28T06:20:46","slug":"controle-de-la-segregation-des-poudres","status":"publish","type":"page","link":"https:\/\/www.solids-solutions.com\/fr\/rd\/bulk-solids-caracterisation-et-essais-en-poudre\/controle-de-la-segregation-des-poudres\/","title":{"rendered":"Contr\u00f4le de la s\u00e9gr\u00e9gation des poudres"},"content":{"rendered":"<div class=\"gb-container gb-container-2f7022f7\"><div class=\"gb-inside-container\">\n\n<div class=\"wp-block-columns is-layout-flex wp-container-core-columns-is-layout-9d6595d7 wp-block-columns-is-layout-flex\">\n<div class=\"wp-block-column is-layout-flow wp-block-column-is-layout-flow\" style=\"flex-basis:65%\">\n<p>Souvent, des efforts consid\u00e9rables sont d\u00e9ploy\u00e9s pour m\u00e9langer plusieurs types de poudres (de tailles, de formes et de densit\u00e9s diff\u00e9rentes) afin d&rsquo;obtenir un m\u00e9lange homog\u00e8ne du produit interm\u00e9diaire ou final. N\u00e9anmoins, un syst\u00e8me bien m\u00e9lang\u00e9 peut se s\u00e9parer pendant le transport, par exemple lors du vidage dans un conteneur ou un big-bag, lors du transport dans un camion ou dans une canalisation, mais aussi lors du chargement de la poudre dans, par exemple, une presse \u00e0 comprim\u00e9s pour la production de comprim\u00e9s pharmaceutiques.<\/p>\n\n\n\n<p>La pr\u00e9diction et la quantification de ce ph\u00e9nom\u00e8ne de s\u00e9gr\u00e9gation peuvent \u00eatre effectu\u00e9es dans notre laboratoire. La tendance \u00e0 la s\u00e9gr\u00e9gation des poudres par fluidisation peut \u00eatre \u00e9valu\u00e9e conform\u00e9ment \u00e0 la norme ASTM D 6941. Dans ce test de s\u00e9gr\u00e9gation, un volume fixe d&rsquo;un \u00e9chantillon repr\u00e9sentatif de poudre est fluidifi\u00e9 et collect\u00e9 en diff\u00e9rentes fractions. La taille des particules dans les fractions sup\u00e9rieure et inf\u00e9rieure est ensuite d\u00e9termin\u00e9e afin de quantifier la tendance \u00e0 la s\u00e9gr\u00e9gation de l&rsquo;\u00e9chantillon.<\/p>\n\n\n\n<p>La tendance \u00e0 la s\u00e9gr\u00e9gation des poudres est \u00e9valu\u00e9e conform\u00e9ment \u00e0 la norme ASTM D 6940. Un \u00e9chantillon repr\u00e9sentatif d&rsquo;un produit en vrac est plac\u00e9 dans la tr\u00e9mie sup\u00e9rieure et vid\u00e9 dans la tr\u00e9mie inf\u00e9rieure pour former un tas, de sorte que la s\u00e9gr\u00e9gation puisse avoir lieu. La poudre s\u00e9gr\u00e9g\u00e9e est \u00e9vacu\u00e9e en forme d&rsquo;entonnoir afin de r\u00e9cup\u00e9rer des zones de poudre s\u00e9gr\u00e9g\u00e9e. Des \u00e9chantillons sont pr\u00e9lev\u00e9s dans le flux de d\u00e9charge et divis\u00e9s \u00e0 l&rsquo;aide d&rsquo;un riffleur rotatif afin de les tester en fonction de l&rsquo;application.<\/p>\n\n\n\n<p>Ces approches exp\u00e9rimentales permettent de mieux comprendre comment le transport et la manipulation peuvent entra\u00eener une s\u00e9gr\u00e9gation des poudres.<\/p>\n<\/div>\n\n\n\n<div class=\"wp-block-column is-layout-flow wp-block-column-is-layout-flow\" style=\"flex-basis:35%\">\n<figure class=\"wp-block-image size-full\"><img loading=\"lazy\" decoding=\"async\" width=\"400\" height=\"241\" src=\"https:\/\/www.solids-solutions.com\/wp-content\/uploads\/Powder-segregation.jpg\" alt=\"\" class=\"wp-image-4123\" srcset=\"https:\/\/www.solids-solutions.com\/wp-content\/uploads\/Powder-segregation.jpg 400w, https:\/\/www.solids-solutions.com\/wp-content\/uploads\/Powder-segregation-300x181.jpg 300w\" sizes=\"auto, (max-width: 400px) 100vw, 400px\" \/><\/figure>\n\n\n\n<div style=\"height:34px\" aria-hidden=\"true\" class=\"wp-block-spacer\"><\/div>\n\n\n\n<ul class=\"wp-block-list\">\n<li><a href=\"https:\/\/www.solids-solutions.com\/fr\/rd\/bulk-solids-caracterisation-et-essais-en-poudre\/essai-de-cisaillement-jenike-ou-peschl\/\">Essais d\u2019\u00e9coulement de poudre et de cisaillement annulaire<\/a><\/li>\n\n\n\n<li><a href=\"https:\/\/www.solids-solutions.com\/fr\/rd\/bulk-solids-caracterisation-et-essais-en-poudre\/essai-de-cisaillement-jenike-ou-peschl\/\"><\/a><a href=\"https:\/\/www.solids-solutions.com\/fr\/rd\/bulk-solids-caracterisation-et-essais-en-poudre\/test-de-poudre-hosokawa\/\">Test d\u2019\u00e9coulement de poudre non confin\u00e9e<\/a><\/li>\n\n\n\n<li><a href=\"https:\/\/www.solids-solutions.com\/fr\/rd\/bulk-solids-caracterisation-et-essais-en-poudre\/essai-de-cisaillement-jenike-ou-peschl\/\"><\/a><a href=\"https:\/\/www.solids-solutions.com\/fr\/rd\/bulk-solids-caracterisation-et-essais-en-poudre\/agglutination-des-poudres-par-un-essai-de-resistance-uni-axiale-au-compactage\/\">Agglutination des poudres par un essai de r\u00e9sistance uni-axiale au compactage<\/a><\/li>\n\n\n\n<li><a href=\"https:\/\/www.solids-solutions.com\/fr\/rd\/bulk-solids-caracterisation-et-essais-en-poudre\/essai-de-cisaillement-jenike-ou-peschl\/\"><\/a><a href=\"https:\/\/www.solids-solutions.com\/fr\/rd\/bulk-solids-caracterisation-et-essais-en-poudre\/mesure-de-ladherence-des-poudres\/\">Mesure de l\u2019adh\u00e9rence des poudres<\/a><\/li>\n\n\n\n<li><a href=\"https:\/\/www.solids-solutions.com\/fr\/rd\/bulk-solids-caracterisation-et-essais-en-poudre\/essai-de-cisaillement-jenike-ou-peschl\/\"><\/a><a href=\"https:\/\/www.solids-solutions.com\/fr\/rd\/bulk-solids-caracterisation-et-essais-en-poudre\/analyse-de-la-poussiere-heubach-principe-du-tambour-rotatif\/\">Analyse de l\u2019empoussi\u00e8rement selon Heubach et EN 15051<\/a><\/li>\n\n\n\n<li><a href=\"https:\/\/www.solids-solutions.com\/fr\/rd\/bulk-solids-caracterisation-et-essais-en-poudre\/essai-de-cisaillement-jenike-ou-peschl\/\"><\/a><a href=\"https:\/\/www.solids-solutions.com\/fr\/rd\/bulk-solids-caracterisation-et-essais-en-poudre\/lusure-des-particules\/\">Attrition et abrasion de particules, granules et comprim\u00e9s<\/a><\/li>\n\n\n\n<li><a href=\"https:\/\/www.solids-solutions.com\/fr\/rd\/bulk-solids-caracterisation-et-essais-en-poudre\/essai-de-cisaillement-jenike-ou-peschl\/\"><\/a><a href=\"https:\/\/www.solids-solutions.com\/fr\/rd\/bulk-solids-caracterisation-et-essais-en-poudre\/controle-de-la-segregation-des-poudres\/\">Test de s\u00e9gr\u00e9gation des poudres et des solides<\/a><\/li>\n\n\n\n<li><a href=\"https:\/\/www.solids-solutions.com\/fr\/rd\/bulk-solids-caracterisation-et-essais-en-poudre\/essai-de-cisaillement-jenike-ou-peschl\/\"><\/a><a href=\"https:\/\/www.solids-solutions.com\/fr\/rd\/bulk-solids-caracterisation-et-essais-en-poudre\/en-17199-4-indice-dempoussierement-et-nanoparticules\/\">EN 17199-4 Indice de poussi\u00e8res et nanoparticules<\/a><\/li>\n<\/ul>\n<\/div>\n<\/div>\n\n<\/div><\/div>","protected":false},"excerpt":{"rendered":"<p>Souvent, des efforts consid\u00e9rables sont d\u00e9ploy\u00e9s pour m\u00e9langer plusieurs types de poudres (de tailles, de formes et de densit\u00e9s diff\u00e9rentes) afin d&rsquo;obtenir un m\u00e9lange homog\u00e8ne du produit interm\u00e9diaire ou final. N\u00e9anmoins, un syst\u00e8me bien m\u00e9lang\u00e9 peut se s\u00e9parer pendant le transport, par exemple lors du vidage dans un conteneur ou &#8230; <\/p>\n<p class=\"read-more-container\"><a title=\"Contr\u00f4le de la s\u00e9gr\u00e9gation des poudres\" class=\"read-more button\" href=\"https:\/\/www.solids-solutions.com\/fr\/rd\/bulk-solids-caracterisation-et-essais-en-poudre\/controle-de-la-segregation-des-poudres\/#more-5177\" aria-label=\"En savoir plus sur Contr\u00f4le de la s\u00e9gr\u00e9gation des poudres\">Lire la suite<\/a><\/p>\n","protected":false},"author":1,"featured_media":0,"parent":5169,"menu_order":0,"comment_status":"closed","ping_status":"closed","template":"","meta":{"footnotes":""},"class_list":["post-5177","page","type-page","status-publish"],"yoast_head":"<!-- This site is optimized with the Yoast SEO plugin v27.0 - https:\/\/yoast.com\/product\/yoast-seo-wordpress\/ -->\n<title>Contr\u00f4le de la s\u00e9gr\u00e9gation des poudres - Delft Solids Solutions<\/title>\n<meta name=\"description\" content=\"Nous proposons des exp\u00e9riences de s\u00e9gr\u00e9gation de m\u00e9langes de poudres\u00a0: la tendance \u00e0 la s\u00e9gr\u00e9gation peut \u00eatre pr\u00e9dite par tamisage, fluidisation ou vibration.\" \/>\n<meta name=\"robots\" content=\"index, follow, max-snippet:-1, max-image-preview:large, max-video-preview:-1\" \/>\n<link rel=\"canonical\" href=\"https:\/\/www.solids-solutions.com\/fr\/rd\/bulk-solids-caracterisation-et-essais-en-poudre\/controle-de-la-segregation-des-poudres\/\" \/>\n<meta property=\"og:locale\" content=\"fr_FR\" \/>\n<meta property=\"og:type\" content=\"article\" \/>\n<meta property=\"og:title\" content=\"Contr\u00f4le de la s\u00e9gr\u00e9gation des poudres - Delft Solids Solutions\" \/>\n<meta property=\"og:description\" content=\"Nous proposons des exp\u00e9riences de s\u00e9gr\u00e9gation de m\u00e9langes de poudres\u00a0: la tendance \u00e0 la s\u00e9gr\u00e9gation peut \u00eatre pr\u00e9dite par tamisage, fluidisation ou vibration.\" \/>\n<meta property=\"og:url\" content=\"https:\/\/www.solids-solutions.com\/fr\/rd\/bulk-solids-caracterisation-et-essais-en-poudre\/controle-de-la-segregation-des-poudres\/\" \/>\n<meta property=\"og:site_name\" content=\"Delft Solids Solutions\" \/>\n<meta property=\"article:modified_time\" content=\"2024-05-28T06:20:46+00:00\" \/>\n<meta property=\"og:image\" content=\"https:\/\/www.solids-solutions.com\/wp-content\/uploads\/Powder-segregation.jpg\" \/>\n<meta name=\"twitter:card\" content=\"summary_large_image\" \/>\n<meta name=\"twitter:label1\" content=\"Dur\u00e9e de lecture estim\u00e9e\" \/>\n\t<meta name=\"twitter:data1\" content=\"2 minutes\" \/>\n<script type=\"application\/ld+json\" class=\"yoast-schema-graph\">{\"@context\":\"https:\/\/schema.org\",\"@graph\":[{\"@type\":\"WebPage\",\"@id\":\"https:\/\/www.solids-solutions.com\/fr\/rd\/bulk-solids-caracterisation-et-essais-en-poudre\/controle-de-la-segregation-des-poudres\/\",\"url\":\"https:\/\/www.solids-solutions.com\/fr\/rd\/bulk-solids-caracterisation-et-essais-en-poudre\/controle-de-la-segregation-des-poudres\/\",\"name\":\"Contr\u00f4le de la s\u00e9gr\u00e9gation des poudres - Delft Solids Solutions\",\"isPartOf\":{\"@id\":\"https:\/\/www.solids-solutions.com\/#website\"},\"primaryImageOfPage\":{\"@id\":\"https:\/\/www.solids-solutions.com\/fr\/rd\/bulk-solids-caracterisation-et-essais-en-poudre\/controle-de-la-segregation-des-poudres\/#primaryimage\"},\"image\":{\"@id\":\"https:\/\/www.solids-solutions.com\/fr\/rd\/bulk-solids-caracterisation-et-essais-en-poudre\/controle-de-la-segregation-des-poudres\/#primaryimage\"},\"thumbnailUrl\":\"https:\/\/www.solids-solutions.com\/wp-content\/uploads\/Powder-segregation.jpg\",\"datePublished\":\"2022-03-18T12:02:30+00:00\",\"dateModified\":\"2024-05-28T06:20:46+00:00\",\"description\":\"Nous proposons des exp\u00e9riences de s\u00e9gr\u00e9gation de m\u00e9langes de poudres\u00a0: la tendance \u00e0 la s\u00e9gr\u00e9gation peut \u00eatre pr\u00e9dite par tamisage, fluidisation ou vibration.\",\"breadcrumb\":{\"@id\":\"https:\/\/www.solids-solutions.com\/fr\/rd\/bulk-solids-caracterisation-et-essais-en-poudre\/controle-de-la-segregation-des-poudres\/#breadcrumb\"},\"inLanguage\":\"fr-FR\",\"potentialAction\":[{\"@type\":\"ReadAction\",\"target\":[\"https:\/\/www.solids-solutions.com\/fr\/rd\/bulk-solids-caracterisation-et-essais-en-poudre\/controle-de-la-segregation-des-poudres\/\"]}]},{\"@type\":\"ImageObject\",\"inLanguage\":\"fr-FR\",\"@id\":\"https:\/\/www.solids-solutions.com\/fr\/rd\/bulk-solids-caracterisation-et-essais-en-poudre\/controle-de-la-segregation-des-poudres\/#primaryimage\",\"url\":\"https:\/\/www.solids-solutions.com\/wp-content\/uploads\/Powder-segregation.jpg\",\"contentUrl\":\"https:\/\/www.solids-solutions.com\/wp-content\/uploads\/Powder-segregation.jpg\"},{\"@type\":\"BreadcrumbList\",\"@id\":\"https:\/\/www.solids-solutions.com\/fr\/rd\/bulk-solids-caracterisation-et-essais-en-poudre\/controle-de-la-segregation-des-poudres\/#breadcrumb\",\"itemListElement\":[{\"@type\":\"ListItem\",\"position\":1,\"name\":\"Home\",\"item\":\"https:\/\/www.solids-solutions.com\/fr\/\"},{\"@type\":\"ListItem\",\"position\":2,\"name\":\"Recherche &#038; d\u00e9veloppement\",\"item\":\"https:\/\/www.solids-solutions.com\/fr\/rd\/\"},{\"@type\":\"ListItem\",\"position\":3,\"name\":\"Bulk Solids Caract\u00e9risation et essais en poudre\",\"item\":\"https:\/\/www.solids-solutions.com\/fr\/rd\/bulk-solids-caracterisation-et-essais-en-poudre\/\"},{\"@type\":\"ListItem\",\"position\":4,\"name\":\"Contr\u00f4le de la s\u00e9gr\u00e9gation des poudres\"}]},{\"@type\":\"WebSite\",\"@id\":\"https:\/\/www.solids-solutions.com\/#website\",\"url\":\"https:\/\/www.solids-solutions.com\/\",\"name\":\"Delft Solids Solutions\",\"description\":\"En nog een WordPress site\",\"publisher\":{\"@id\":\"https:\/\/www.solids-solutions.com\/#organization\"},\"potentialAction\":[{\"@type\":\"SearchAction\",\"target\":{\"@type\":\"EntryPoint\",\"urlTemplate\":\"https:\/\/www.solids-solutions.com\/?s={search_term_string}\"},\"query-input\":{\"@type\":\"PropertyValueSpecification\",\"valueRequired\":true,\"valueName\":\"search_term_string\"}}],\"inLanguage\":\"fr-FR\"},{\"@type\":\"Organization\",\"@id\":\"https:\/\/www.solids-solutions.com\/#organization\",\"name\":\"Delft Solids Solutions\",\"url\":\"https:\/\/www.solids-solutions.com\/\",\"logo\":{\"@type\":\"ImageObject\",\"inLanguage\":\"fr-FR\",\"@id\":\"https:\/\/www.solids-solutions.com\/#\/schema\/logo\/image\/\",\"url\":\"https:\/\/www.solids-solutions.com\/wp-content\/uploads\/Logo.png\",\"contentUrl\":\"https:\/\/www.solids-solutions.com\/wp-content\/uploads\/Logo.png\",\"width\":388,\"height\":63,\"caption\":\"Delft Solids Solutions\"},\"image\":{\"@id\":\"https:\/\/www.solids-solutions.com\/#\/schema\/logo\/image\/\"}}]}<\/script>\n<!-- \/ Yoast SEO plugin. -->","yoast_head_json":{"title":"Contr\u00f4le de la s\u00e9gr\u00e9gation des poudres - Delft Solids Solutions","description":"Nous proposons des exp\u00e9riences de s\u00e9gr\u00e9gation de m\u00e9langes de poudres\u00a0: la tendance \u00e0 la s\u00e9gr\u00e9gation peut \u00eatre pr\u00e9dite par tamisage, fluidisation ou vibration.","robots":{"index":"index","follow":"follow","max-snippet":"max-snippet:-1","max-image-preview":"max-image-preview:large","max-video-preview":"max-video-preview:-1"},"canonical":"https:\/\/www.solids-solutions.com\/fr\/rd\/bulk-solids-caracterisation-et-essais-en-poudre\/controle-de-la-segregation-des-poudres\/","og_locale":"fr_FR","og_type":"article","og_title":"Contr\u00f4le de la s\u00e9gr\u00e9gation des poudres - Delft Solids Solutions","og_description":"Nous proposons des exp\u00e9riences de s\u00e9gr\u00e9gation de m\u00e9langes de poudres\u00a0: la tendance \u00e0 la s\u00e9gr\u00e9gation peut \u00eatre pr\u00e9dite par tamisage, fluidisation ou vibration.","og_url":"https:\/\/www.solids-solutions.com\/fr\/rd\/bulk-solids-caracterisation-et-essais-en-poudre\/controle-de-la-segregation-des-poudres\/","og_site_name":"Delft Solids Solutions","article_modified_time":"2024-05-28T06:20:46+00:00","og_image":[{"url":"https:\/\/www.solids-solutions.com\/wp-content\/uploads\/Powder-segregation.jpg","type":"","width":"","height":""}],"twitter_card":"summary_large_image","twitter_misc":{"Dur\u00e9e de lecture estim\u00e9e":"2 minutes"},"schema":{"@context":"https:\/\/schema.org","@graph":[{"@type":"WebPage","@id":"https:\/\/www.solids-solutions.com\/fr\/rd\/bulk-solids-caracterisation-et-essais-en-poudre\/controle-de-la-segregation-des-poudres\/","url":"https:\/\/www.solids-solutions.com\/fr\/rd\/bulk-solids-caracterisation-et-essais-en-poudre\/controle-de-la-segregation-des-poudres\/","name":"Contr\u00f4le de la s\u00e9gr\u00e9gation des poudres - Delft Solids Solutions","isPartOf":{"@id":"https:\/\/www.solids-solutions.com\/#website"},"primaryImageOfPage":{"@id":"https:\/\/www.solids-solutions.com\/fr\/rd\/bulk-solids-caracterisation-et-essais-en-poudre\/controle-de-la-segregation-des-poudres\/#primaryimage"},"image":{"@id":"https:\/\/www.solids-solutions.com\/fr\/rd\/bulk-solids-caracterisation-et-essais-en-poudre\/controle-de-la-segregation-des-poudres\/#primaryimage"},"thumbnailUrl":"https:\/\/www.solids-solutions.com\/wp-content\/uploads\/Powder-segregation.jpg","datePublished":"2022-03-18T12:02:30+00:00","dateModified":"2024-05-28T06:20:46+00:00","description":"Nous proposons des exp\u00e9riences de s\u00e9gr\u00e9gation de m\u00e9langes de poudres\u00a0: la tendance \u00e0 la s\u00e9gr\u00e9gation peut \u00eatre pr\u00e9dite par tamisage, fluidisation ou vibration.","breadcrumb":{"@id":"https:\/\/www.solids-solutions.com\/fr\/rd\/bulk-solids-caracterisation-et-essais-en-poudre\/controle-de-la-segregation-des-poudres\/#breadcrumb"},"inLanguage":"fr-FR","potentialAction":[{"@type":"ReadAction","target":["https:\/\/www.solids-solutions.com\/fr\/rd\/bulk-solids-caracterisation-et-essais-en-poudre\/controle-de-la-segregation-des-poudres\/"]}]},{"@type":"ImageObject","inLanguage":"fr-FR","@id":"https:\/\/www.solids-solutions.com\/fr\/rd\/bulk-solids-caracterisation-et-essais-en-poudre\/controle-de-la-segregation-des-poudres\/#primaryimage","url":"https:\/\/www.solids-solutions.com\/wp-content\/uploads\/Powder-segregation.jpg","contentUrl":"https:\/\/www.solids-solutions.com\/wp-content\/uploads\/Powder-segregation.jpg"},{"@type":"BreadcrumbList","@id":"https:\/\/www.solids-solutions.com\/fr\/rd\/bulk-solids-caracterisation-et-essais-en-poudre\/controle-de-la-segregation-des-poudres\/#breadcrumb","itemListElement":[{"@type":"ListItem","position":1,"name":"Home","item":"https:\/\/www.solids-solutions.com\/fr\/"},{"@type":"ListItem","position":2,"name":"Recherche &#038; d\u00e9veloppement","item":"https:\/\/www.solids-solutions.com\/fr\/rd\/"},{"@type":"ListItem","position":3,"name":"Bulk Solids Caract\u00e9risation et essais en poudre","item":"https:\/\/www.solids-solutions.com\/fr\/rd\/bulk-solids-caracterisation-et-essais-en-poudre\/"},{"@type":"ListItem","position":4,"name":"Contr\u00f4le de la s\u00e9gr\u00e9gation des poudres"}]},{"@type":"WebSite","@id":"https:\/\/www.solids-solutions.com\/#website","url":"https:\/\/www.solids-solutions.com\/","name":"Delft Solids Solutions","description":"En nog een WordPress site","publisher":{"@id":"https:\/\/www.solids-solutions.com\/#organization"},"potentialAction":[{"@type":"SearchAction","target":{"@type":"EntryPoint","urlTemplate":"https:\/\/www.solids-solutions.com\/?s={search_term_string}"},"query-input":{"@type":"PropertyValueSpecification","valueRequired":true,"valueName":"search_term_string"}}],"inLanguage":"fr-FR"},{"@type":"Organization","@id":"https:\/\/www.solids-solutions.com\/#organization","name":"Delft Solids Solutions","url":"https:\/\/www.solids-solutions.com\/","logo":{"@type":"ImageObject","inLanguage":"fr-FR","@id":"https:\/\/www.solids-solutions.com\/#\/schema\/logo\/image\/","url":"https:\/\/www.solids-solutions.com\/wp-content\/uploads\/Logo.png","contentUrl":"https:\/\/www.solids-solutions.com\/wp-content\/uploads\/Logo.png","width":388,"height":63,"caption":"Delft Solids Solutions"},"image":{"@id":"https:\/\/www.solids-solutions.com\/#\/schema\/logo\/image\/"}}]}},"_links":{"self":[{"href":"https:\/\/www.solids-solutions.com\/fr\/wp-json\/wp\/v2\/pages\/5177","targetHints":{"allow":["GET"]}}],"collection":[{"href":"https:\/\/www.solids-solutions.com\/fr\/wp-json\/wp\/v2\/pages"}],"about":[{"href":"https:\/\/www.solids-solutions.com\/fr\/wp-json\/wp\/v2\/types\/page"}],"author":[{"embeddable":true,"href":"https:\/\/www.solids-solutions.com\/fr\/wp-json\/wp\/v2\/users\/1"}],"replies":[{"embeddable":true,"href":"https:\/\/www.solids-solutions.com\/fr\/wp-json\/wp\/v2\/comments?post=5177"}],"version-history":[{"count":9,"href":"https:\/\/www.solids-solutions.com\/fr\/wp-json\/wp\/v2\/pages\/5177\/revisions"}],"predecessor-version":[{"id":7967,"href":"https:\/\/www.solids-solutions.com\/fr\/wp-json\/wp\/v2\/pages\/5177\/revisions\/7967"}],"up":[{"embeddable":true,"href":"https:\/\/www.solids-solutions.com\/fr\/wp-json\/wp\/v2\/pages\/5169"}],"wp:attachment":[{"href":"https:\/\/www.solids-solutions.com\/fr\/wp-json\/wp\/v2\/media?parent=5177"}],"curies":[{"name":"wp","href":"https:\/\/api.w.org\/{rel}","templated":true}]}}