{"id":5251,"date":"2022-03-18T13:47:02","date_gmt":"2022-03-18T13:47:02","guid":{"rendered":"https:\/\/www.solids-solutions.com\/?page_id=5251"},"modified":"2022-10-21T13:27:14","modified_gmt":"2022-10-21T13:27:14","slug":"techniques-dimages-pour-caracterisation-des-particules","status":"publish","type":"page","link":"https:\/\/www.solids-solutions.com\/fr\/rd\/analyse-granulometrique-taille-et-forme-des-particules\/techniques-dimages-pour-caracterisation-des-particules\/","title":{"rendered":"Techniques d\u2019images pour caract\u00e9risation des particules"},"content":{"rendered":"<div class=\"gb-container gb-container-28c0bfc3\"><div class=\"gb-inside-container\">\n\n<div class=\"wp-block-columns is-layout-flex wp-container-core-columns-is-layout-9d6595d7 wp-block-columns-is-layout-flex\">\n<div class=\"wp-block-column is-layout-flow wp-block-column-is-layout-flow\" style=\"flex-basis:65%\">\n<p>La majorit\u00e9 des mat\u00e9riaux et produits industriels sont constitu\u00e9s de solides et de poudres. La taille, la distribution de taille et la forme des particules sont des caract\u00e9ristiques physiques importantes qui influencent fortement le comportement pendant le traitement et la manipulation des poudres, comme la fluidit\u00e9, le m\u00e9lange, le transport, l&rsquo;agglom\u00e9ration et le stockage. L&rsquo;analyse de la taille des particules en laboratoire par la caract\u00e9risation de la distribution de taille et de la forme est un outil puissant dans l&rsquo;environnement de la R&amp;D et du contr\u00f4le de la qualit\u00e9 et est importante dans divers domaines tels que : la croissance des cristaux, les propri\u00e9t\u00e9s des c\u00e9ramiques et des alliages, la stabilit\u00e9 des \u00e9mulsions, l&rsquo;exp\u00e9rience du go\u00fbt, l&rsquo;activit\u00e9 des catalyseurs, l&rsquo;apparence et la performance des peintures, la gestion des eaux us\u00e9es, etc. Par cons\u00e9quent, ces techniques d&rsquo;analyse de la taille des particules sont fr\u00e9quemment pratiqu\u00e9es dans l&rsquo;industrie pharmaceutique, l&rsquo;industrie alimentaire et des aliments pour animaux et l&rsquo;industrie chimique et p\u00e9trochimique.<\/p>\n\n\n\n<p>La distribution de la taille des gouttelettes des sprays, n\u00e9buliseurs et autres a\u00e9rosols est \u00e9troitement li\u00e9e \u00e0 l&rsquo;analyse de la taille des particules. L&rsquo;analyse de la taille des gouttelettes est principalement utilis\u00e9e pour optimiser la conception des buses, am\u00e9liorer la technologie d&rsquo;impression \u00e0 jet d&rsquo;encre, limiter l&rsquo;utilisation excessive de pesticides et augmenter l&rsquo;efficacit\u00e9 des m\u00e9dicaments. Des gouttelettes de plus petite taille peuvent offrir une efficacit\u00e9 bien plus grande si elles atteignent les bonnes cibles dans le corps &#8211; tout cela peut \u00eatre soutenu en s\u00e9lectionnant la technique d&rsquo;analyse de la taille des particules la plus appropri\u00e9e.<\/p>\n\n\n\n<p>Dans notre laboratoire d&rsquo;analyse, nous proposons diverses techniques modernes d&rsquo;analyse de la taille des particules telles que la diffraction laser, la zone de d\u00e9tection \u00e9lectrique, la spectroscopie par corr\u00e9lation de photons, l&rsquo;analyse d&rsquo;images et la microscopie \u00e9lectronique \u00e0 balayage pour l&rsquo;analyse de la taille des particules. Notre laboratoire utilise \u00e9galement des m\u00e9thodes plus conventionnelles telles que la s\u00e9dimentation et l&rsquo;analyse par tamisage pour l&rsquo;analyse de la taille des particules. La m\u00e9thodologie du tamisage permet notamment une corr\u00e9lation plus facile avec l&rsquo;industrie o\u00f9 cet outil d&rsquo;analyse granulom\u00e9trique est fr\u00e9quemment utilis\u00e9 \u00e0 plus grande \u00e9chelle. La s\u00e9lection de la technique d&rsquo;analyse granulom\u00e9trique la plus appropri\u00e9e d\u00e9pend de la gamme de tailles de particules et de la r\u00e9solution requise.<\/p>\n\n\n\n<p>La pr\u00e9sence de toutes ces techniques permet d&rsquo;obtenir des informations sur la distribution granulom\u00e9trique sur une large gamme de tailles de particules allant du nanom\u00e8tre au millim\u00e8tre et, selon la technique d&rsquo;analyse granulom\u00e9trique, ceci peut \u00eatre r\u00e9alis\u00e9 avec une r\u00e9solution granulom\u00e9trique tr\u00e8s \u00e9lev\u00e9e. L&rsquo;analyse par diffraction laser, par exemple, offre une tr\u00e8s large gamme de tailles pour son analyse granulom\u00e9trique tout en conservant une r\u00e9solution d\u00e9cente, tandis que la zone de d\u00e9tection \u00e9lectrique affiche une r\u00e9solution ph\u00e9nom\u00e9nale (m\u00eame jusqu&rsquo;au sous-microm\u00e8tre) au prix de la gamme globale de tailles de particules qui peut \u00eatre couverte par une seule mesure d&rsquo;analyse granulom\u00e9trique. Le couplage de diff\u00e9rents tubes d&rsquo;ouverture d&rsquo;analyse sur le m\u00eame \u00e9chantillon peut partiellement surmonter ce dernier inconv\u00e9nient.<\/p>\n\n\n\n<p>Nous cherchons toujours \u00e0 \u00e9tudier la distribution granulom\u00e9trique dans des conditions qui correspondent le mieux \u00e0 l&rsquo;application pratique ou \u00e0 l&rsquo;utilisation du mat\u00e9riau concern\u00e9 et qui r\u00e9pondent \u00e0 la question de recherche sous-jacente. Cela signifie que l&rsquo;analyse de la taille des particules peut \u00eatre effectu\u00e9e dans des conditions s\u00e8ches (dans l&rsquo;air) ou apr\u00e8s dispersion dans un liquide appropri\u00e9 qui peut \u00eatre de l&rsquo;eau mais aussi des milieux non polaires ou des milieux organiques comme l&rsquo;\u00e9thanol, l&rsquo;alcool isopropylique, le cyclohexane, le butanol et bien d&rsquo;autres. La temp\u00e9rature et l&rsquo;humidit\u00e9 peuvent \u00e9galement \u00eatre un param\u00e8tre important dans l&rsquo;analyse granulom\u00e9trique et tout cela doit toujours \u00eatre s\u00e9rieusement pris en compte lors du choix des meilleures conditions d&rsquo;analyse granulom\u00e9trique.<\/p>\n\n\n\n<p>Offrir les conditions d&rsquo;analyse granulom\u00e9trique les plus appropri\u00e9es n&rsquo;implique pas seulement de choisir une certaine technique d&rsquo;analyse granulom\u00e9trique mais aussi de consid\u00e9rer les bonnes conditions d&rsquo;analyse ! N&rsquo;h\u00e9sitez pas \u00e0 nous <a href=\"https:\/\/www.solids-solutions.com\/contact\/\">contacter <\/a>pour obtenir un conseil adapt\u00e9 \u00e0 vos questions sur l&rsquo;analyse granulom\u00e9trique.<\/p>\n<\/div>\n\n\n\n<div class=\"wp-block-column is-layout-flow wp-block-column-is-layout-flow\" style=\"flex-basis:35%\">\n<figure class=\"wp-block-image size-full\"><img loading=\"lazy\" decoding=\"async\" width=\"267\" height=\"202\" src=\"https:\/\/www.solids-solutions.com\/wp-content\/uploads\/Imaging-techniques_2.jpg\" alt=\"\" class=\"wp-image-4212\"\/><\/figure>\n\n\n\n<div style=\"height:34px\" aria-hidden=\"true\" class=\"wp-block-spacer\"><\/div>\n\n\n\n<ul class=\"wp-block-list\"><li><a href=\"https:\/\/www.solids-solutions.com\/fr\/rd\/analyse-granulometrique-taille-et-forme-des-particules\/granulometrie-par-techniques-de-diffusion-de-la-lumiere\/\">Granulom\u00e9trie par techniques de diffusion de la lumi\u00e8re<\/a><\/li><li><a href=\"https:\/\/www.solids-solutions.com\/fr\/rd\/analyse-granulometrique-taille-et-forme-des-particules\/laser-a-diffraction\/\">Diffraction Laser<\/a><\/li><li><a href=\"https:\/\/www.solids-solutions.com\/fr\/rd\/analyse-granulometrique-taille-et-forme-des-particules\/analyse-de-nano-particules-par-spectroscopie-a-correlation-de-photons-pcs\/\">Analyse de nano particules par spectroscopie \u00e0 corr\u00e9lation de photons (PCS)<\/a><\/li><li><a href=\"https:\/\/www.solids-solutions.com\/fr\/rd\/analyse-granulometrique-taille-et-forme-des-particules\/analyse-des-particules-et-gouttelettes-par-velocimetrie-doppler\/\">Analyse des particules et gouttelettes par V\u00e9locim\u00e9trie Doppler<\/a><\/li><li><a href=\"https:\/\/www.solids-solutions.com\/fr\/rd\/analyse-granulometrique-taille-et-forme-des-particules\/techniques-dimages-pour-caracterisation-des-particules\/\">Techniques d&rsquo;images pour caract\u00e9risation des particules<\/a><\/li><li><a href=\"https:\/\/www.solids-solutions.com\/fr\/rd\/analyse-granulometrique-taille-et-forme-des-particules\/microscopie-electronique\/\">Microscopie \u00e9lectronique<\/a><\/li><li><a href=\"https:\/\/www.solids-solutions.com\/fr\/rd\/analyse-granulometrique-taille-et-forme-des-particules\/autres-techniques-pour-caracterisation-des-particules\/\">Autres techniques pour caract\u00e9risation des particules<\/a><\/li><\/ul>\n<\/div>\n<\/div>\n\n<\/div><\/div>","protected":false},"excerpt":{"rendered":"<p>La majorit\u00e9 des mat\u00e9riaux et produits industriels sont constitu\u00e9s de solides et de poudres. La taille, la distribution de taille et la forme des particules sont des caract\u00e9ristiques physiques importantes qui influencent fortement le comportement pendant le traitement et la manipulation des poudres, comme la fluidit\u00e9, le m\u00e9lange, le transport, &#8230; <\/p>\n<p class=\"read-more-container\"><a title=\"Techniques d\u2019images pour caract\u00e9risation des particules\" class=\"read-more button\" href=\"https:\/\/www.solids-solutions.com\/fr\/rd\/analyse-granulometrique-taille-et-forme-des-particules\/techniques-dimages-pour-caracterisation-des-particules\/#more-5251\" aria-label=\"En savoir plus sur Techniques d\u2019images pour caract\u00e9risation des particules\">Lire la suite<\/a><\/p>\n","protected":false},"author":1,"featured_media":0,"parent":5249,"menu_order":0,"comment_status":"closed","ping_status":"closed","template":"","meta":{"footnotes":""},"class_list":["post-5251","page","type-page","status-publish"],"yoast_head":"<!-- This site is optimized with the Yoast SEO plugin v27.0 - https:\/\/yoast.com\/product\/yoast-seo-wordpress\/ -->\n<title>Techniques d&#039;images pour caract\u00e9risation des particules<\/title>\n<meta name=\"description\" content=\"La majorit\u00e9 des mat\u00e9riaux industriels et de produits sont des poudres. Distribution de taille des particules et la forme sont importantes caract\u00e9ristiques physiques qui influencent le comportement des mat\u00e9riaux lors de la manipulation et de traitement, comme la fluidit\u00e9, de transport et de stockage. La caract\u00e9risation de la distribution granulom\u00e9trique des particules et des particules[...]\" \/>\n<meta name=\"robots\" content=\"index, follow, max-snippet:-1, max-image-preview:large, max-video-preview:-1\" \/>\n<link rel=\"canonical\" href=\"https:\/\/www.solids-solutions.com\/fr\/rd\/analyse-granulometrique-taille-et-forme-des-particules\/techniques-dimages-pour-caracterisation-des-particules\/\" \/>\n<meta property=\"og:locale\" content=\"fr_FR\" \/>\n<meta property=\"og:type\" content=\"article\" \/>\n<meta property=\"og:title\" content=\"Techniques d&#039;images pour caract\u00e9risation des particules\" \/>\n<meta property=\"og:description\" content=\"La majorit\u00e9 des mat\u00e9riaux industriels et de produits sont des poudres. Distribution de taille des particules et la forme sont importantes caract\u00e9ristiques physiques qui influencent le comportement des mat\u00e9riaux lors de la manipulation et de traitement, comme la fluidit\u00e9, de transport et de stockage. La caract\u00e9risation de la distribution granulom\u00e9trique des particules et des particules[...]\" \/>\n<meta property=\"og:url\" content=\"https:\/\/www.solids-solutions.com\/fr\/rd\/analyse-granulometrique-taille-et-forme-des-particules\/techniques-dimages-pour-caracterisation-des-particules\/\" \/>\n<meta property=\"og:site_name\" content=\"Delft Solids Solutions\" \/>\n<meta property=\"article:modified_time\" content=\"2022-10-21T13:27:14+00:00\" \/>\n<meta property=\"og:image\" content=\"https:\/\/www.solids-solutions.com\/wp-content\/uploads\/Imaging-techniques_2.jpg\" \/>\n<meta name=\"twitter:card\" content=\"summary_large_image\" \/>\n<meta name=\"twitter:label1\" content=\"Dur\u00e9e de lecture estim\u00e9e\" \/>\n\t<meta name=\"twitter:data1\" content=\"4 minutes\" \/>\n<script type=\"application\/ld+json\" class=\"yoast-schema-graph\">{\"@context\":\"https:\/\/schema.org\",\"@graph\":[{\"@type\":\"WebPage\",\"@id\":\"https:\/\/www.solids-solutions.com\/fr\/rd\/analyse-granulometrique-taille-et-forme-des-particules\/techniques-dimages-pour-caracterisation-des-particules\/\",\"url\":\"https:\/\/www.solids-solutions.com\/fr\/rd\/analyse-granulometrique-taille-et-forme-des-particules\/techniques-dimages-pour-caracterisation-des-particules\/\",\"name\":\"Techniques d'images pour caract\u00e9risation des particules\",\"isPartOf\":{\"@id\":\"https:\/\/www.solids-solutions.com\/#website\"},\"primaryImageOfPage\":{\"@id\":\"https:\/\/www.solids-solutions.com\/fr\/rd\/analyse-granulometrique-taille-et-forme-des-particules\/techniques-dimages-pour-caracterisation-des-particules\/#primaryimage\"},\"image\":{\"@id\":\"https:\/\/www.solids-solutions.com\/fr\/rd\/analyse-granulometrique-taille-et-forme-des-particules\/techniques-dimages-pour-caracterisation-des-particules\/#primaryimage\"},\"thumbnailUrl\":\"https:\/\/www.solids-solutions.com\/wp-content\/uploads\/Imaging-techniques_2.jpg\",\"datePublished\":\"2022-03-18T13:47:02+00:00\",\"dateModified\":\"2022-10-21T13:27:14+00:00\",\"description\":\"La majorit\u00e9 des mat\u00e9riaux industriels et de produits sont des poudres. Distribution de taille des particules et la forme sont importantes caract\u00e9ristiques physiques qui influencent le comportement des mat\u00e9riaux lors de la manipulation et de traitement, comme la fluidit\u00e9, de transport et de stockage. La caract\u00e9risation de la distribution granulom\u00e9trique des particules et des particules[...]\",\"breadcrumb\":{\"@id\":\"https:\/\/www.solids-solutions.com\/fr\/rd\/analyse-granulometrique-taille-et-forme-des-particules\/techniques-dimages-pour-caracterisation-des-particules\/#breadcrumb\"},\"inLanguage\":\"fr-FR\",\"potentialAction\":[{\"@type\":\"ReadAction\",\"target\":[\"https:\/\/www.solids-solutions.com\/fr\/rd\/analyse-granulometrique-taille-et-forme-des-particules\/techniques-dimages-pour-caracterisation-des-particules\/\"]}]},{\"@type\":\"ImageObject\",\"inLanguage\":\"fr-FR\",\"@id\":\"https:\/\/www.solids-solutions.com\/fr\/rd\/analyse-granulometrique-taille-et-forme-des-particules\/techniques-dimages-pour-caracterisation-des-particules\/#primaryimage\",\"url\":\"https:\/\/www.solids-solutions.com\/wp-content\/uploads\/Imaging-techniques_2.jpg\",\"contentUrl\":\"https:\/\/www.solids-solutions.com\/wp-content\/uploads\/Imaging-techniques_2.jpg\"},{\"@type\":\"BreadcrumbList\",\"@id\":\"https:\/\/www.solids-solutions.com\/fr\/rd\/analyse-granulometrique-taille-et-forme-des-particules\/techniques-dimages-pour-caracterisation-des-particules\/#breadcrumb\",\"itemListElement\":[{\"@type\":\"ListItem\",\"position\":1,\"name\":\"Home\",\"item\":\"https:\/\/www.solids-solutions.com\/fr\/\"},{\"@type\":\"ListItem\",\"position\":2,\"name\":\"Recherche &#038; d\u00e9veloppement\",\"item\":\"https:\/\/www.solids-solutions.com\/fr\/rd\/\"},{\"@type\":\"ListItem\",\"position\":3,\"name\":\"Analyse granulom\u00e9trique \u2013 taille et forme des particules\",\"item\":\"https:\/\/www.solids-solutions.com\/fr\/rd\/analyse-granulometrique-taille-et-forme-des-particules\/\"},{\"@type\":\"ListItem\",\"position\":4,\"name\":\"Techniques d\u2019images pour caract\u00e9risation des particules\"}]},{\"@type\":\"WebSite\",\"@id\":\"https:\/\/www.solids-solutions.com\/#website\",\"url\":\"https:\/\/www.solids-solutions.com\/\",\"name\":\"Delft Solids Solutions\",\"description\":\"En nog een WordPress site\",\"publisher\":{\"@id\":\"https:\/\/www.solids-solutions.com\/#organization\"},\"potentialAction\":[{\"@type\":\"SearchAction\",\"target\":{\"@type\":\"EntryPoint\",\"urlTemplate\":\"https:\/\/www.solids-solutions.com\/?s={search_term_string}\"},\"query-input\":{\"@type\":\"PropertyValueSpecification\",\"valueRequired\":true,\"valueName\":\"search_term_string\"}}],\"inLanguage\":\"fr-FR\"},{\"@type\":\"Organization\",\"@id\":\"https:\/\/www.solids-solutions.com\/#organization\",\"name\":\"Delft Solids Solutions\",\"url\":\"https:\/\/www.solids-solutions.com\/\",\"logo\":{\"@type\":\"ImageObject\",\"inLanguage\":\"fr-FR\",\"@id\":\"https:\/\/www.solids-solutions.com\/#\/schema\/logo\/image\/\",\"url\":\"https:\/\/www.solids-solutions.com\/wp-content\/uploads\/Logo.png\",\"contentUrl\":\"https:\/\/www.solids-solutions.com\/wp-content\/uploads\/Logo.png\",\"width\":388,\"height\":63,\"caption\":\"Delft Solids Solutions\"},\"image\":{\"@id\":\"https:\/\/www.solids-solutions.com\/#\/schema\/logo\/image\/\"}}]}<\/script>\n<!-- \/ Yoast SEO plugin. -->","yoast_head_json":{"title":"Techniques d'images pour caract\u00e9risation des particules","description":"La majorit\u00e9 des mat\u00e9riaux industriels et de produits sont des poudres. Distribution de taille des particules et la forme sont importantes caract\u00e9ristiques physiques qui influencent le comportement des mat\u00e9riaux lors de la manipulation et de traitement, comme la fluidit\u00e9, de transport et de stockage. La caract\u00e9risation de la distribution granulom\u00e9trique des particules et des particules[...]","robots":{"index":"index","follow":"follow","max-snippet":"max-snippet:-1","max-image-preview":"max-image-preview:large","max-video-preview":"max-video-preview:-1"},"canonical":"https:\/\/www.solids-solutions.com\/fr\/rd\/analyse-granulometrique-taille-et-forme-des-particules\/techniques-dimages-pour-caracterisation-des-particules\/","og_locale":"fr_FR","og_type":"article","og_title":"Techniques d'images pour caract\u00e9risation des particules","og_description":"La majorit\u00e9 des mat\u00e9riaux industriels et de produits sont des poudres. Distribution de taille des particules et la forme sont importantes caract\u00e9ristiques physiques qui influencent le comportement des mat\u00e9riaux lors de la manipulation et de traitement, comme la fluidit\u00e9, de transport et de stockage. La caract\u00e9risation de la distribution granulom\u00e9trique des particules et des particules[...]","og_url":"https:\/\/www.solids-solutions.com\/fr\/rd\/analyse-granulometrique-taille-et-forme-des-particules\/techniques-dimages-pour-caracterisation-des-particules\/","og_site_name":"Delft Solids Solutions","article_modified_time":"2022-10-21T13:27:14+00:00","og_image":[{"url":"https:\/\/www.solids-solutions.com\/wp-content\/uploads\/Imaging-techniques_2.jpg","type":"","width":"","height":""}],"twitter_card":"summary_large_image","twitter_misc":{"Dur\u00e9e de lecture estim\u00e9e":"4 minutes"},"schema":{"@context":"https:\/\/schema.org","@graph":[{"@type":"WebPage","@id":"https:\/\/www.solids-solutions.com\/fr\/rd\/analyse-granulometrique-taille-et-forme-des-particules\/techniques-dimages-pour-caracterisation-des-particules\/","url":"https:\/\/www.solids-solutions.com\/fr\/rd\/analyse-granulometrique-taille-et-forme-des-particules\/techniques-dimages-pour-caracterisation-des-particules\/","name":"Techniques d'images pour caract\u00e9risation des particules","isPartOf":{"@id":"https:\/\/www.solids-solutions.com\/#website"},"primaryImageOfPage":{"@id":"https:\/\/www.solids-solutions.com\/fr\/rd\/analyse-granulometrique-taille-et-forme-des-particules\/techniques-dimages-pour-caracterisation-des-particules\/#primaryimage"},"image":{"@id":"https:\/\/www.solids-solutions.com\/fr\/rd\/analyse-granulometrique-taille-et-forme-des-particules\/techniques-dimages-pour-caracterisation-des-particules\/#primaryimage"},"thumbnailUrl":"https:\/\/www.solids-solutions.com\/wp-content\/uploads\/Imaging-techniques_2.jpg","datePublished":"2022-03-18T13:47:02+00:00","dateModified":"2022-10-21T13:27:14+00:00","description":"La majorit\u00e9 des mat\u00e9riaux industriels et de produits sont des poudres. Distribution de taille des particules et la forme sont importantes caract\u00e9ristiques physiques qui influencent le comportement des mat\u00e9riaux lors de la manipulation et de traitement, comme la fluidit\u00e9, de transport et de stockage. La caract\u00e9risation de la distribution granulom\u00e9trique des particules et des particules[...]","breadcrumb":{"@id":"https:\/\/www.solids-solutions.com\/fr\/rd\/analyse-granulometrique-taille-et-forme-des-particules\/techniques-dimages-pour-caracterisation-des-particules\/#breadcrumb"},"inLanguage":"fr-FR","potentialAction":[{"@type":"ReadAction","target":["https:\/\/www.solids-solutions.com\/fr\/rd\/analyse-granulometrique-taille-et-forme-des-particules\/techniques-dimages-pour-caracterisation-des-particules\/"]}]},{"@type":"ImageObject","inLanguage":"fr-FR","@id":"https:\/\/www.solids-solutions.com\/fr\/rd\/analyse-granulometrique-taille-et-forme-des-particules\/techniques-dimages-pour-caracterisation-des-particules\/#primaryimage","url":"https:\/\/www.solids-solutions.com\/wp-content\/uploads\/Imaging-techniques_2.jpg","contentUrl":"https:\/\/www.solids-solutions.com\/wp-content\/uploads\/Imaging-techniques_2.jpg"},{"@type":"BreadcrumbList","@id":"https:\/\/www.solids-solutions.com\/fr\/rd\/analyse-granulometrique-taille-et-forme-des-particules\/techniques-dimages-pour-caracterisation-des-particules\/#breadcrumb","itemListElement":[{"@type":"ListItem","position":1,"name":"Home","item":"https:\/\/www.solids-solutions.com\/fr\/"},{"@type":"ListItem","position":2,"name":"Recherche &#038; d\u00e9veloppement","item":"https:\/\/www.solids-solutions.com\/fr\/rd\/"},{"@type":"ListItem","position":3,"name":"Analyse granulom\u00e9trique \u2013 taille et forme des particules","item":"https:\/\/www.solids-solutions.com\/fr\/rd\/analyse-granulometrique-taille-et-forme-des-particules\/"},{"@type":"ListItem","position":4,"name":"Techniques d\u2019images pour caract\u00e9risation des particules"}]},{"@type":"WebSite","@id":"https:\/\/www.solids-solutions.com\/#website","url":"https:\/\/www.solids-solutions.com\/","name":"Delft Solids Solutions","description":"En nog een WordPress site","publisher":{"@id":"https:\/\/www.solids-solutions.com\/#organization"},"potentialAction":[{"@type":"SearchAction","target":{"@type":"EntryPoint","urlTemplate":"https:\/\/www.solids-solutions.com\/?s={search_term_string}"},"query-input":{"@type":"PropertyValueSpecification","valueRequired":true,"valueName":"search_term_string"}}],"inLanguage":"fr-FR"},{"@type":"Organization","@id":"https:\/\/www.solids-solutions.com\/#organization","name":"Delft Solids Solutions","url":"https:\/\/www.solids-solutions.com\/","logo":{"@type":"ImageObject","inLanguage":"fr-FR","@id":"https:\/\/www.solids-solutions.com\/#\/schema\/logo\/image\/","url":"https:\/\/www.solids-solutions.com\/wp-content\/uploads\/Logo.png","contentUrl":"https:\/\/www.solids-solutions.com\/wp-content\/uploads\/Logo.png","width":388,"height":63,"caption":"Delft Solids Solutions"},"image":{"@id":"https:\/\/www.solids-solutions.com\/#\/schema\/logo\/image\/"}}]}},"_links":{"self":[{"href":"https:\/\/www.solids-solutions.com\/fr\/wp-json\/wp\/v2\/pages\/5251","targetHints":{"allow":["GET"]}}],"collection":[{"href":"https:\/\/www.solids-solutions.com\/fr\/wp-json\/wp\/v2\/pages"}],"about":[{"href":"https:\/\/www.solids-solutions.com\/fr\/wp-json\/wp\/v2\/types\/page"}],"author":[{"embeddable":true,"href":"https:\/\/www.solids-solutions.com\/fr\/wp-json\/wp\/v2\/users\/1"}],"replies":[{"embeddable":true,"href":"https:\/\/www.solids-solutions.com\/fr\/wp-json\/wp\/v2\/comments?post=5251"}],"version-history":[{"count":3,"href":"https:\/\/www.solids-solutions.com\/fr\/wp-json\/wp\/v2\/pages\/5251\/revisions"}],"predecessor-version":[{"id":6193,"href":"https:\/\/www.solids-solutions.com\/fr\/wp-json\/wp\/v2\/pages\/5251\/revisions\/6193"}],"up":[{"embeddable":true,"href":"https:\/\/www.solids-solutions.com\/fr\/wp-json\/wp\/v2\/pages\/5249"}],"wp:attachment":[{"href":"https:\/\/www.solids-solutions.com\/fr\/wp-json\/wp\/v2\/media?parent=5251"}],"curies":[{"name":"wp","href":"https:\/\/api.w.org\/{rel}","templated":true}]}}