{"id":5293,"date":"2022-03-18T13:07:38","date_gmt":"2022-03-18T13:07:38","guid":{"rendered":"https:\/\/www.solids-solutions.com\/?page_id=5293"},"modified":"2024-05-28T06:23:34","modified_gmt":"2024-05-28T06:23:34","slug":"etudes-de-mouillabilite","status":"publish","type":"page","link":"https:\/\/www.solids-solutions.com\/fr\/rd\/porosite-et-surface-specifique\/etudes-de-mouillabilite\/","title":{"rendered":"\u00c9tudes de mouillabilit\u00e9"},"content":{"rendered":"<div class=\"gb-container gb-container-ca472345\"><div class=\"gb-inside-container\">\n\n<div class=\"wp-block-columns is-layout-flex wp-container-core-columns-is-layout-9d6595d7 wp-block-columns-is-layout-flex\">\n<div class=\"wp-block-column is-layout-flow wp-block-column-is-layout-flow\" style=\"flex-basis:65%\">\n<p>Interaction of liquids with solid surfaces is of key importance in many applications such as dissolution of pharmaceutical tablets or digestion of food components.&nbsp;Interaction of the liquid with the solid surface of the specimen &#8211; often entitled as wettability &#8211; is the first step towards dissolution.<\/p>\n\n\n\n<p>Measurement of the&nbsp;<strong>advancing contact angle<\/strong>&nbsp;and\/or the&nbsp;<strong>drop penetration time<\/strong>&nbsp;helps to get a better understanding of the wettability of the surface by the respective liquid. Whereas the advancing contact angle is mostly dependent on the surface properties of the solid material, the drop penetration time also includes other physical parameters as particle morphology and porosity.<\/p>\n\n\n\n<p>Subsequently, the results of these wettability investigations can be further correlated with the actually-measured porosity and the hydrophilic or hydrofobic character of the materials&rsquo; surface. To this end, water vapour adsorption isotherms can be measured under controlled conditions of temperature and relative humidity.<\/p>\n\n\n\n<p>Combination of the results of these investigations has proven to be very useful in optimizing materials&rsquo; performance.<\/p>\n<\/div>\n\n\n\n<div class=\"wp-block-column is-layout-flow wp-block-column-is-layout-flow\" style=\"flex-basis:35%\">\n<figure class=\"wp-block-image size-full\"><img loading=\"lazy\" decoding=\"async\" width=\"400\" height=\"288\" src=\"https:\/\/www.solids-solutions.com\/wp-content\/uploads\/Wettability-contact-angle-measurements.jpg\" alt=\"\" class=\"wp-image-4171\" srcset=\"https:\/\/www.solids-solutions.com\/wp-content\/uploads\/Wettability-contact-angle-measurements.jpg 400w, https:\/\/www.solids-solutions.com\/wp-content\/uploads\/Wettability-contact-angle-measurements-300x216.jpg 300w\" sizes=\"auto, (max-width: 400px) 100vw, 400px\" \/><\/figure>\n\n\n\n<div style=\"height:35px\" aria-hidden=\"true\" class=\"wp-block-spacer\"><\/div>\n\n\n\n<ul class=\"wp-block-list\">\n<li><a href=\"https:\/\/www.solids-solutions.com\/fr\/rd\/porosite-et-surface-specifique\/analyse-de-la-porosite-avec-porosimetrie-par-intrusion-de-mercure\/\">Analyse de la porosit\u00e9 avec porosim\u00e9trie par intrusion de mercure<\/a><\/li>\n\n\n\n<li><a href=\"https:\/\/www.solids-solutions.com\/fr\/rd\/porosite-et-surface-specifique\/lanalyse-de-densite-par-pycnometrie-a-lhelium\/\">L&rsquo;analyse de densit\u00e9 par pycnom\u00e9trie \u00e0 l\u2019h\u00e9lium<\/a><\/li>\n\n\n\n<li><a href=\"https:\/\/www.solids-solutions.com\/fr\/rd\/porosite-et-surface-specifique\/catalyseur-caracterisation-par-adsorption-chimique\/\">Catalyseur caract\u00e9risation par adsorption chimique<\/a><\/li>\n\n\n\n<li><a href=\"https:\/\/www.solids-solutions.com\/fr\/rd\/porosite-et-surface-specifique\/adsorption-physique-physisorption-pour-analyser-de-la-porosite-et-surface-bet\/\">Adsorption physique (physisorption) pour analyser de la porosit\u00e9 et surface BET<\/a><\/li>\n\n\n\n<li><a href=\"https:\/\/www.solids-solutions.com\/fr\/rd\/porosite-et-surface-specifique\/etudes-de-mouillabilite\/\">\u00c9tudes de mouillabilit\u00e9<\/a><\/li>\n<\/ul>\n<\/div>\n<\/div>\n\n<\/div><\/div>","protected":false},"excerpt":{"rendered":"<p>Interaction of liquids with solid surfaces is of key importance in many applications such as dissolution of pharmaceutical tablets or digestion of food components.&nbsp;Interaction of the liquid with the solid surface of the specimen &#8211; often entitled as wettability &#8211; is the first step towards dissolution. Measurement of the&nbsp;advancing contact &#8230; <\/p>\n<p class=\"read-more-container\"><a title=\"\u00c9tudes de mouillabilit\u00e9\" class=\"read-more button\" href=\"https:\/\/www.solids-solutions.com\/fr\/rd\/porosite-et-surface-specifique\/etudes-de-mouillabilite\/#more-5293\" aria-label=\"En savoir plus sur \u00c9tudes de mouillabilit\u00e9\">Lire la suite<\/a><\/p>\n","protected":false},"author":1,"featured_media":0,"parent":5279,"menu_order":0,"comment_status":"closed","ping_status":"closed","template":"","meta":{"footnotes":""},"class_list":["post-5293","page","type-page","status-publish"],"yoast_head":"<!-- This site is optimized with the Yoast SEO plugin v27.0 - https:\/\/yoast.com\/product\/yoast-seo-wordpress\/ -->\n<title>\u00c9tudes de mouillabilit\u00e9 - Delft Solids Solutions<\/title>\n<meta name=\"description\" content=\"Mouillabilit\u00e9 des surfaces gr\u00e2ce \u00e0 des \u00e9tudes avanc\u00e9es de l&#039;angle de contact et du temps de p\u00e9n\u00e9tration des gouttes\" \/>\n<meta name=\"robots\" content=\"index, follow, max-snippet:-1, max-image-preview:large, max-video-preview:-1\" \/>\n<link rel=\"canonical\" href=\"https:\/\/www.solids-solutions.com\/fr\/rd\/porosite-et-surface-specifique\/etudes-de-mouillabilite\/\" \/>\n<meta property=\"og:locale\" content=\"fr_FR\" \/>\n<meta property=\"og:type\" content=\"article\" \/>\n<meta property=\"og:title\" content=\"\u00c9tudes de mouillabilit\u00e9 - Delft Solids Solutions\" \/>\n<meta property=\"og:description\" content=\"Mouillabilit\u00e9 des surfaces gr\u00e2ce \u00e0 des \u00e9tudes avanc\u00e9es de l&#039;angle de contact et du temps de p\u00e9n\u00e9tration des gouttes\" \/>\n<meta property=\"og:url\" content=\"https:\/\/www.solids-solutions.com\/fr\/rd\/porosite-et-surface-specifique\/etudes-de-mouillabilite\/\" \/>\n<meta property=\"og:site_name\" content=\"Delft Solids Solutions\" \/>\n<meta property=\"article:modified_time\" content=\"2024-05-28T06:23:34+00:00\" \/>\n<meta property=\"og:image\" content=\"https:\/\/www.solids-solutions.com\/wp-content\/uploads\/Wettability-contact-angle-measurements.jpg\" \/>\n<meta name=\"twitter:card\" content=\"summary_large_image\" \/>\n<meta name=\"twitter:label1\" content=\"Dur\u00e9e de lecture estim\u00e9e\" \/>\n\t<meta name=\"twitter:data1\" content=\"2 minutes\" \/>\n<script type=\"application\/ld+json\" class=\"yoast-schema-graph\">{\"@context\":\"https:\/\/schema.org\",\"@graph\":[{\"@type\":\"WebPage\",\"@id\":\"https:\/\/www.solids-solutions.com\/fr\/rd\/porosite-et-surface-specifique\/etudes-de-mouillabilite\/\",\"url\":\"https:\/\/www.solids-solutions.com\/fr\/rd\/porosite-et-surface-specifique\/etudes-de-mouillabilite\/\",\"name\":\"\u00c9tudes de mouillabilit\u00e9 - Delft Solids Solutions\",\"isPartOf\":{\"@id\":\"https:\/\/www.solids-solutions.com\/#website\"},\"primaryImageOfPage\":{\"@id\":\"https:\/\/www.solids-solutions.com\/fr\/rd\/porosite-et-surface-specifique\/etudes-de-mouillabilite\/#primaryimage\"},\"image\":{\"@id\":\"https:\/\/www.solids-solutions.com\/fr\/rd\/porosite-et-surface-specifique\/etudes-de-mouillabilite\/#primaryimage\"},\"thumbnailUrl\":\"https:\/\/www.solids-solutions.com\/wp-content\/uploads\/Wettability-contact-angle-measurements.jpg\",\"datePublished\":\"2022-03-18T13:07:38+00:00\",\"dateModified\":\"2024-05-28T06:23:34+00:00\",\"description\":\"Mouillabilit\u00e9 des surfaces gr\u00e2ce \u00e0 des \u00e9tudes avanc\u00e9es de l'angle de contact et du temps de p\u00e9n\u00e9tration des gouttes\",\"breadcrumb\":{\"@id\":\"https:\/\/www.solids-solutions.com\/fr\/rd\/porosite-et-surface-specifique\/etudes-de-mouillabilite\/#breadcrumb\"},\"inLanguage\":\"fr-FR\",\"potentialAction\":[{\"@type\":\"ReadAction\",\"target\":[\"https:\/\/www.solids-solutions.com\/fr\/rd\/porosite-et-surface-specifique\/etudes-de-mouillabilite\/\"]}]},{\"@type\":\"ImageObject\",\"inLanguage\":\"fr-FR\",\"@id\":\"https:\/\/www.solids-solutions.com\/fr\/rd\/porosite-et-surface-specifique\/etudes-de-mouillabilite\/#primaryimage\",\"url\":\"https:\/\/www.solids-solutions.com\/wp-content\/uploads\/Wettability-contact-angle-measurements.jpg\",\"contentUrl\":\"https:\/\/www.solids-solutions.com\/wp-content\/uploads\/Wettability-contact-angle-measurements.jpg\"},{\"@type\":\"BreadcrumbList\",\"@id\":\"https:\/\/www.solids-solutions.com\/fr\/rd\/porosite-et-surface-specifique\/etudes-de-mouillabilite\/#breadcrumb\",\"itemListElement\":[{\"@type\":\"ListItem\",\"position\":1,\"name\":\"Home\",\"item\":\"https:\/\/www.solids-solutions.com\/fr\/\"},{\"@type\":\"ListItem\",\"position\":2,\"name\":\"Recherche &#038; d\u00e9veloppement\",\"item\":\"https:\/\/www.solids-solutions.com\/fr\/rd\/\"},{\"@type\":\"ListItem\",\"position\":3,\"name\":\"Porosit\u00e9 et surface sp\u00e9cifique\",\"item\":\"https:\/\/www.solids-solutions.com\/fr\/rd\/porosite-et-surface-specifique\/\"},{\"@type\":\"ListItem\",\"position\":4,\"name\":\"\u00c9tudes de mouillabilit\u00e9\"}]},{\"@type\":\"WebSite\",\"@id\":\"https:\/\/www.solids-solutions.com\/#website\",\"url\":\"https:\/\/www.solids-solutions.com\/\",\"name\":\"Delft Solids Solutions\",\"description\":\"En nog een WordPress site\",\"publisher\":{\"@id\":\"https:\/\/www.solids-solutions.com\/#organization\"},\"potentialAction\":[{\"@type\":\"SearchAction\",\"target\":{\"@type\":\"EntryPoint\",\"urlTemplate\":\"https:\/\/www.solids-solutions.com\/?s={search_term_string}\"},\"query-input\":{\"@type\":\"PropertyValueSpecification\",\"valueRequired\":true,\"valueName\":\"search_term_string\"}}],\"inLanguage\":\"fr-FR\"},{\"@type\":\"Organization\",\"@id\":\"https:\/\/www.solids-solutions.com\/#organization\",\"name\":\"Delft Solids Solutions\",\"url\":\"https:\/\/www.solids-solutions.com\/\",\"logo\":{\"@type\":\"ImageObject\",\"inLanguage\":\"fr-FR\",\"@id\":\"https:\/\/www.solids-solutions.com\/#\/schema\/logo\/image\/\",\"url\":\"https:\/\/www.solids-solutions.com\/wp-content\/uploads\/Logo.png\",\"contentUrl\":\"https:\/\/www.solids-solutions.com\/wp-content\/uploads\/Logo.png\",\"width\":388,\"height\":63,\"caption\":\"Delft Solids Solutions\"},\"image\":{\"@id\":\"https:\/\/www.solids-solutions.com\/#\/schema\/logo\/image\/\"}}]}<\/script>\n<!-- \/ Yoast SEO plugin. -->","yoast_head_json":{"title":"\u00c9tudes de mouillabilit\u00e9 - Delft Solids Solutions","description":"Mouillabilit\u00e9 des surfaces gr\u00e2ce \u00e0 des \u00e9tudes avanc\u00e9es de l'angle de contact et du temps de p\u00e9n\u00e9tration des gouttes","robots":{"index":"index","follow":"follow","max-snippet":"max-snippet:-1","max-image-preview":"max-image-preview:large","max-video-preview":"max-video-preview:-1"},"canonical":"https:\/\/www.solids-solutions.com\/fr\/rd\/porosite-et-surface-specifique\/etudes-de-mouillabilite\/","og_locale":"fr_FR","og_type":"article","og_title":"\u00c9tudes de mouillabilit\u00e9 - Delft Solids Solutions","og_description":"Mouillabilit\u00e9 des surfaces gr\u00e2ce \u00e0 des \u00e9tudes avanc\u00e9es de l'angle de contact et du temps de p\u00e9n\u00e9tration des gouttes","og_url":"https:\/\/www.solids-solutions.com\/fr\/rd\/porosite-et-surface-specifique\/etudes-de-mouillabilite\/","og_site_name":"Delft Solids Solutions","article_modified_time":"2024-05-28T06:23:34+00:00","og_image":[{"url":"https:\/\/www.solids-solutions.com\/wp-content\/uploads\/Wettability-contact-angle-measurements.jpg","type":"","width":"","height":""}],"twitter_card":"summary_large_image","twitter_misc":{"Dur\u00e9e de lecture estim\u00e9e":"2 minutes"},"schema":{"@context":"https:\/\/schema.org","@graph":[{"@type":"WebPage","@id":"https:\/\/www.solids-solutions.com\/fr\/rd\/porosite-et-surface-specifique\/etudes-de-mouillabilite\/","url":"https:\/\/www.solids-solutions.com\/fr\/rd\/porosite-et-surface-specifique\/etudes-de-mouillabilite\/","name":"\u00c9tudes de mouillabilit\u00e9 - Delft Solids Solutions","isPartOf":{"@id":"https:\/\/www.solids-solutions.com\/#website"},"primaryImageOfPage":{"@id":"https:\/\/www.solids-solutions.com\/fr\/rd\/porosite-et-surface-specifique\/etudes-de-mouillabilite\/#primaryimage"},"image":{"@id":"https:\/\/www.solids-solutions.com\/fr\/rd\/porosite-et-surface-specifique\/etudes-de-mouillabilite\/#primaryimage"},"thumbnailUrl":"https:\/\/www.solids-solutions.com\/wp-content\/uploads\/Wettability-contact-angle-measurements.jpg","datePublished":"2022-03-18T13:07:38+00:00","dateModified":"2024-05-28T06:23:34+00:00","description":"Mouillabilit\u00e9 des surfaces gr\u00e2ce \u00e0 des \u00e9tudes avanc\u00e9es de l'angle de contact et du temps de p\u00e9n\u00e9tration des gouttes","breadcrumb":{"@id":"https:\/\/www.solids-solutions.com\/fr\/rd\/porosite-et-surface-specifique\/etudes-de-mouillabilite\/#breadcrumb"},"inLanguage":"fr-FR","potentialAction":[{"@type":"ReadAction","target":["https:\/\/www.solids-solutions.com\/fr\/rd\/porosite-et-surface-specifique\/etudes-de-mouillabilite\/"]}]},{"@type":"ImageObject","inLanguage":"fr-FR","@id":"https:\/\/www.solids-solutions.com\/fr\/rd\/porosite-et-surface-specifique\/etudes-de-mouillabilite\/#primaryimage","url":"https:\/\/www.solids-solutions.com\/wp-content\/uploads\/Wettability-contact-angle-measurements.jpg","contentUrl":"https:\/\/www.solids-solutions.com\/wp-content\/uploads\/Wettability-contact-angle-measurements.jpg"},{"@type":"BreadcrumbList","@id":"https:\/\/www.solids-solutions.com\/fr\/rd\/porosite-et-surface-specifique\/etudes-de-mouillabilite\/#breadcrumb","itemListElement":[{"@type":"ListItem","position":1,"name":"Home","item":"https:\/\/www.solids-solutions.com\/fr\/"},{"@type":"ListItem","position":2,"name":"Recherche &#038; d\u00e9veloppement","item":"https:\/\/www.solids-solutions.com\/fr\/rd\/"},{"@type":"ListItem","position":3,"name":"Porosit\u00e9 et surface sp\u00e9cifique","item":"https:\/\/www.solids-solutions.com\/fr\/rd\/porosite-et-surface-specifique\/"},{"@type":"ListItem","position":4,"name":"\u00c9tudes de mouillabilit\u00e9"}]},{"@type":"WebSite","@id":"https:\/\/www.solids-solutions.com\/#website","url":"https:\/\/www.solids-solutions.com\/","name":"Delft Solids Solutions","description":"En nog een WordPress site","publisher":{"@id":"https:\/\/www.solids-solutions.com\/#organization"},"potentialAction":[{"@type":"SearchAction","target":{"@type":"EntryPoint","urlTemplate":"https:\/\/www.solids-solutions.com\/?s={search_term_string}"},"query-input":{"@type":"PropertyValueSpecification","valueRequired":true,"valueName":"search_term_string"}}],"inLanguage":"fr-FR"},{"@type":"Organization","@id":"https:\/\/www.solids-solutions.com\/#organization","name":"Delft Solids Solutions","url":"https:\/\/www.solids-solutions.com\/","logo":{"@type":"ImageObject","inLanguage":"fr-FR","@id":"https:\/\/www.solids-solutions.com\/#\/schema\/logo\/image\/","url":"https:\/\/www.solids-solutions.com\/wp-content\/uploads\/Logo.png","contentUrl":"https:\/\/www.solids-solutions.com\/wp-content\/uploads\/Logo.png","width":388,"height":63,"caption":"Delft Solids Solutions"},"image":{"@id":"https:\/\/www.solids-solutions.com\/#\/schema\/logo\/image\/"}}]}},"_links":{"self":[{"href":"https:\/\/www.solids-solutions.com\/fr\/wp-json\/wp\/v2\/pages\/5293","targetHints":{"allow":["GET"]}}],"collection":[{"href":"https:\/\/www.solids-solutions.com\/fr\/wp-json\/wp\/v2\/pages"}],"about":[{"href":"https:\/\/www.solids-solutions.com\/fr\/wp-json\/wp\/v2\/types\/page"}],"author":[{"embeddable":true,"href":"https:\/\/www.solids-solutions.com\/fr\/wp-json\/wp\/v2\/users\/1"}],"replies":[{"embeddable":true,"href":"https:\/\/www.solids-solutions.com\/fr\/wp-json\/wp\/v2\/comments?post=5293"}],"version-history":[{"count":4,"href":"https:\/\/www.solids-solutions.com\/fr\/wp-json\/wp\/v2\/pages\/5293\/revisions"}],"predecessor-version":[{"id":7970,"href":"https:\/\/www.solids-solutions.com\/fr\/wp-json\/wp\/v2\/pages\/5293\/revisions\/7970"}],"up":[{"embeddable":true,"href":"https:\/\/www.solids-solutions.com\/fr\/wp-json\/wp\/v2\/pages\/5279"}],"wp:attachment":[{"href":"https:\/\/www.solids-solutions.com\/fr\/wp-json\/wp\/v2\/media?parent=5293"}],"curies":[{"name":"wp","href":"https:\/\/api.w.org\/{rel}","templated":true}]}}