{"id":5819,"date":"2022-03-21T09:06:45","date_gmt":"2022-03-21T09:06:45","guid":{"rendered":"https:\/\/www.solids-solutions.com\/?page_id=5819"},"modified":"2024-05-28T06:25:24","modified_gmt":"2024-05-28T06:25:24","slug":"developpement-de-produits-par-fraisage","status":"publish","type":"page","link":"https:\/\/www.solids-solutions.com\/fr\/rd\/traitement-des-poudres-pour-le-developpement-des-materiaux\/developpement-de-produits-par-fraisage\/","title":{"rendered":"D\u00e9veloppement de produits par fraisage"},"content":{"rendered":"<div class=\"gb-container gb-container-3da365a8\"><div class=\"gb-inside-container\">\n\n<div class=\"wp-block-columns is-layout-flex wp-container-core-columns-is-layout-9d6595d7 wp-block-columns-is-layout-flex\">\n<div class=\"wp-block-column is-layout-flow wp-block-column-is-layout-flow\" style=\"flex-basis:65%\">\n<p>Dans de nombreuses applications du traitement des poudres, le broyage ou la r\u00e9duction de la taille des mat\u00e9riaux solides pour diff\u00e9rents objectifs est n\u00e9cessaire. L&rsquo;objectif principal de la r\u00e9duction de taille est de produire des particules plus petites, soit pour leur plus grande surface, soit en raison de leur forme, de leur taille et de leur nombre. Le produit final est normalement constitu\u00e9 d&rsquo;un m\u00e9lange de particules qui peuvent contenir une grande vari\u00e9t\u00e9 de tailles et de formes. Par cons\u00e9quent, un processus de broyage combin\u00e9 \u00e0 un tamis peut \u00e9galement r\u00e9duire la distribution de la taille des particules.<\/p>\n\n\n\n<p>Pour le processus de r\u00e9duction de taille sur les mat\u00e9riaux solides, nous utilisons des \u00e9quipements avec diff\u00e9rents principes de m\u00e9lange dans notre zone d&rsquo;essai sur le terrain : Notre broyeur <strong>ultra-centrifuge r\u00e9duit efficacement<\/strong> les solides mous \u00e0 mi-durs et fibreux \u00e0 une distribution granulom\u00e9trique bien d\u00e9finie, ce qui se produit par des effets d&rsquo;impact et de cisaillement au moyen d&rsquo;un broyeur \u00e0 rotor \u00e0 grande vitesse avec des tamis \u00e0 anneaux qui sont pr\u00e9sents dans la chambre de broyage proprement dite. Ces tamis peuvent \u00eatre remplac\u00e9s pour modifier la r\u00e9partition des tailles vers des tailles inf\u00e9rieures ou sup\u00e9rieures. Ce broyage en deux \u00e9tapes assure un traitement de r\u00e9duction de taille particuli\u00e8rement doux mais rapide. Le mat\u00e9riau d&rsquo;alimentation ne reste que tr\u00e8s peu de temps dans la chambre de broyage, ce qui signifie que les caract\u00e9ristiques de l&rsquo;\u00e9chantillon \u00e0 d\u00e9terminer ne sont pas alt\u00e9r\u00e9es. La plage inf\u00e9rieure de taille des particules pouvant \u00eatre atteinte est de l&rsquo;ordre de 40-50 microm\u00e8tres.&nbsp;Le broyeur centrifuge a une tr\u00e8s large gamme d&rsquo;applications : os, c\u00e9r\u00e9ales, produits chimiques, charbon, grains de caf\u00e9, collag\u00e8ne, ma\u00efs, fruits et l\u00e9gumes secs, larves s\u00e9ch\u00e9es, m\u00e9dicaments, granul\u00e9s d&rsquo;aliments pour animaux, engrais, aliments, min\u00e9raux, papier, mat\u00e9riaux pharmaceutiques, mat\u00e9riaux v\u00e9g\u00e9taux, polym\u00e8res, rev\u00eatements en poudre, caoutchouc, \u00e9pices, sucreries, textiles, d\u00e9chets, bois.<\/p>\n\n\n\n<p>Pour atteindre des tailles de particules encore plus petites, on utilise le principe diff\u00e9rent du <strong>broyage \u00e0 boulets<\/strong>. Il s&rsquo;agit d&rsquo;un type d&rsquo;\u00e9quipement de r\u00e9duction de la taille qui fonctionne sur le principe de l&rsquo;impact et de l&rsquo;attrition. La r\u00e9duction de taille se produit par impact, car les billes tombent et frappent la surface des particules. Le broyeur \u00e0 billes peut descendre jusqu&rsquo;\u00e0 une taille d&rsquo;environ 10 microm\u00e8tres. Il convient toutefois de noter que cette m\u00e9thode de broyage \u00e0 billes est plus efficace avec des \u00e9chantillons de taille relativement petite.<\/p>\n\n\n\n<p>Le broyeur \u00e0 boulets est utilis\u00e9 pour le processus de r\u00e9duction de taille sur des mat\u00e9riaux tels que le charbon, les pigments et l&rsquo;argile. Le processus de broyage peut \u00eatre effectu\u00e9 par voie humide ou s\u00e8che, mais le processus humide est r\u00e9alis\u00e9 \u00e0 faible vitesse. Pour les syst\u00e8mes \u00e0 composants multiples, le broyage \u00e0 boulets s&rsquo;est av\u00e9r\u00e9 efficace pour augmenter la r\u00e9activit\u00e9 chimique \u00e0 l&rsquo;\u00e9tat solide. Le broyage \u00e0 billes a \u00e9galement montr\u00e9 son application pour la production de mat\u00e9riaux amorphes.<\/p>\n\n\n\n<p>Pour le broyage de mat\u00e9riaux sp\u00e9ciaux tels que les mat\u00e9riaux sensibles \u00e0 la chaleur et les mat\u00e9riaux difficiles \u00e0 broyer, le broyage <strong>cryog\u00e9nique peut \u00eatre appliqu\u00e9<\/strong>. Le broyage cryog\u00e9nique, \u00e9galement connu sous le nom de broyage par cong\u00e9lation, broyage par cong\u00e9lation, broyage cryog\u00e9nique et cryobroyage, est l&rsquo;action de refroidir ou de r\u00e9frig\u00e9rer un mat\u00e9riau, puis de le r\u00e9duire \u00e0 une taille de particule plus petite. Par exemple, les \u00e9clats de cacao sont difficiles \u00e0 broyer en poudre \u00e0 temp\u00e9rature ambiante car ils fondent en masses grumeleuses et deviennent collants. Lorsqu&rsquo;ils sont refroidis par de la glace s\u00e8che ou de l&rsquo;azote liquide, les \u00e9clats de cacao peuvent \u00eatre agr\u00e9ablement broy\u00e9s en poudre convenant \u00e0 d&rsquo;autres proc\u00e9d\u00e9s de fabrication de poudre.<\/p>\n\n\n\n<p>Lors de la s\u00e9lection d&rsquo;un \u00e9quipement de laboratoire appropri\u00e9 pour le broyage cryog\u00e9nique, divers aspects doivent \u00eatre pris en compte, tels que : le volume de l&rsquo;\u00e9chantillon, la taille de la pelle et la taille des particules souhait\u00e9es. Notre syst\u00e8me utilise de l&rsquo;azote liquide (-196 \u00b0C) pour refroidir le mat\u00e9riau d&rsquo;alimentation avant et pendant le broyage afin d&rsquo;\u00e9viter toute fusion, d\u00e9composition ou fragilisation. Le broyage cryog\u00e9nique est largement utilis\u00e9 dans les industries alimentaires\/boissons, pharmaceutiques.<\/p>\n\n\n\n<p>Au cours des diverses proc\u00e9dures de r\u00e9duction de la taille, <a href=\"https:\/\/www.solids-solutions.com\/fr\/rd\/analyse-granulometrique-taille-et-forme-des-particules\/\">l&rsquo;analyse granulom\u00e9trique<\/a> peut \u00eatre utilis\u00e9e pour confirmer l&rsquo;efficacit\u00e9 de la proc\u00e9dure de r\u00e9duction de la taille en mesurant la distribution granulom\u00e9trique et v\u00e9rifier si la taille souhait\u00e9e a \u00e9t\u00e9 atteinte.<\/p>\n<\/div>\n\n\n\n<div class=\"wp-block-column is-layout-flow wp-block-column-is-layout-flow\" style=\"flex-basis:35%\">\n<figure class=\"wp-block-image size-full\"><img loading=\"lazy\" decoding=\"async\" width=\"400\" height=\"283\" src=\"https:\/\/www.solids-solutions.com\/wp-content\/uploads\/Milling-with-ultracentrifugal-mill-IW.jpg\" alt=\"\" class=\"wp-image-4254\" srcset=\"https:\/\/www.solids-solutions.com\/wp-content\/uploads\/Milling-with-ultracentrifugal-mill-IW.jpg 400w, https:\/\/www.solids-solutions.com\/wp-content\/uploads\/Milling-with-ultracentrifugal-mill-IW-300x212.jpg 300w\" sizes=\"auto, (max-width: 400px) 100vw, 400px\" \/><\/figure>\n\n\n\n<div style=\"height:35px\" aria-hidden=\"true\" class=\"wp-block-spacer\"><\/div>\n\n\n\n<ul class=\"wp-block-list\">\n<li><a href=\"https:\/\/www.solids-solutions.com\/rd\/materials-development\/product-development-by-milling\/\"><\/a><a href=\"https:\/\/www.solids-solutions.com\/nl\/rd\/poederverwerking-voor-materiaalontwikkeling\/productontwikkeling-door-malen\/\"><\/a><a href=\"https:\/\/www.solids-solutions.com\/nl\/rd\/poederverwerking-voor-materiaalontwikkeling\/productontwikkeling-door-malen\/\"><\/a><a href=\"https:\/\/www.solids-solutions.com\/fr\/rd\/traitement-des-poudres-pour-le-developpement-des-materiaux\/developpement-de-produits-par-fraisage\/\">D\u00e9veloppement de produits par fraisage<\/a><\/li>\n\n\n\n<li><a href=\"https:\/\/www.solids-solutions.com\/fr\/rd\/traitement-des-poudres-pour-le-developpement-des-materiaux\/developpement-de-produits-par-melange-de-poudres\/\">D\u00e9veloppement de produits par m\u00e9lange de poudres<\/a><\/li>\n\n\n\n<li><a href=\"https:\/\/www.solids-solutions.com\/fr\/rd\/traitement-des-poudres-pour-le-developpement-des-materiaux\/developpement-de-produits-par-granulation-et-agrandissement-de-la-taille\/\">D\u00e9veloppement de produits par granulation et agrandissement de la taille<\/a><\/li>\n\n\n\n<li><a href=\"https:\/\/www.solids-solutions.com\/fr\/rd\/traitement-des-poudres-pour-le-developpement-des-materiaux\/developpement-de-produits-par-enrobage-de-particules-encapsulation\/\">D\u00e9veloppement de produits par enrobage de particules &#8211; encapsulation<\/a><\/li>\n\n\n\n<li><a href=\"https:\/\/www.solids-solutions.com\/fr\/rd\/traitement-des-poudres-pour-le-developpement-des-materiaux\/essais-sur-lit-fluidise\/\">Essais sur lit fluidis\u00e9<\/a><\/li>\n\n\n\n<li><a href=\"https:\/\/www.solids-solutions.com\/fr\/rd\/traitement-des-poudres-pour-le-developpement-des-materiaux\/transport-par-transport-pneumatique\/\">Transport par transport pneumatique<\/a><\/li>\n\n\n\n<li><a href=\"https:\/\/www.solids-solutions.com\/fr\/rd\/traitement-des-poudres-pour-le-developpement-des-materiaux\/fractionnement-des-particules-par-classification-de-lair\/\">Fractionnement des particules par classification de l&rsquo;air<\/a><\/li>\n\n\n\n<li><a href=\"https:\/\/www.solids-solutions.com\/fr\/rd\/developpement-des-materiaux\/publications\/\">Publications<\/a><\/li>\n<\/ul>\n<\/div>\n<\/div>\n\n<\/div><\/div>","protected":false},"excerpt":{"rendered":"<p>Dans de nombreuses applications du traitement des poudres, le broyage ou la r\u00e9duction de la taille des mat\u00e9riaux solides pour diff\u00e9rents objectifs est n\u00e9cessaire. L&rsquo;objectif principal de la r\u00e9duction de taille est de produire des particules plus petites, soit pour leur plus grande surface, soit en raison de leur forme, &#8230; <\/p>\n<p class=\"read-more-container\"><a title=\"D\u00e9veloppement de produits par fraisage\" class=\"read-more button\" href=\"https:\/\/www.solids-solutions.com\/fr\/rd\/traitement-des-poudres-pour-le-developpement-des-materiaux\/developpement-de-produits-par-fraisage\/#more-5819\" aria-label=\"En savoir plus sur D\u00e9veloppement de produits par fraisage\">Lire la suite<\/a><\/p>\n","protected":false},"author":1,"featured_media":0,"parent":5302,"menu_order":0,"comment_status":"closed","ping_status":"closed","template":"","meta":{"footnotes":""},"class_list":["post-5819","page","type-page","status-publish"],"yoast_head":"<!-- This site is optimized with the Yoast SEO plugin v27.0 - https:\/\/yoast.com\/product\/yoast-seo-wordpress\/ -->\n<title>D\u00e9veloppement de produits par fraisage - Delft Solids Solutions<\/title>\n<meta name=\"description\" content=\"Nous proposons le broyage de produits via diff\u00e9rents types d&#039;\u00e9quipements de broyage, ainsi que la r\u00e9duction de taille dans des conditions cryog\u00e9niques.\" \/>\n<meta name=\"robots\" content=\"index, follow, max-snippet:-1, max-image-preview:large, max-video-preview:-1\" \/>\n<link rel=\"canonical\" href=\"https:\/\/www.solids-solutions.com\/fr\/rd\/traitement-des-poudres-pour-le-developpement-des-materiaux\/developpement-de-produits-par-fraisage\/\" \/>\n<meta property=\"og:locale\" content=\"fr_FR\" \/>\n<meta property=\"og:type\" content=\"article\" \/>\n<meta property=\"og:title\" content=\"D\u00e9veloppement de produits par fraisage - Delft Solids Solutions\" \/>\n<meta property=\"og:description\" content=\"Nous proposons le broyage de produits via diff\u00e9rents types d&#039;\u00e9quipements de broyage, ainsi que la r\u00e9duction de taille dans des conditions cryog\u00e9niques.\" \/>\n<meta property=\"og:url\" content=\"https:\/\/www.solids-solutions.com\/fr\/rd\/traitement-des-poudres-pour-le-developpement-des-materiaux\/developpement-de-produits-par-fraisage\/\" \/>\n<meta property=\"og:site_name\" content=\"Delft Solids Solutions\" \/>\n<meta property=\"article:modified_time\" content=\"2024-05-28T06:25:24+00:00\" \/>\n<meta property=\"og:image\" content=\"https:\/\/www.solids-solutions.com\/wp-content\/uploads\/Milling-with-ultracentrifugal-mill-IW.jpg\" \/>\n<meta name=\"twitter:card\" content=\"summary_large_image\" \/>\n<meta name=\"twitter:label1\" content=\"Dur\u00e9e de lecture estim\u00e9e\" \/>\n\t<meta name=\"twitter:data1\" content=\"4 minutes\" \/>\n<script type=\"application\/ld+json\" class=\"yoast-schema-graph\">{\"@context\":\"https:\/\/schema.org\",\"@graph\":[{\"@type\":\"WebPage\",\"@id\":\"https:\/\/www.solids-solutions.com\/fr\/rd\/traitement-des-poudres-pour-le-developpement-des-materiaux\/developpement-de-produits-par-fraisage\/\",\"url\":\"https:\/\/www.solids-solutions.com\/fr\/rd\/traitement-des-poudres-pour-le-developpement-des-materiaux\/developpement-de-produits-par-fraisage\/\",\"name\":\"D\u00e9veloppement de produits par fraisage - Delft Solids Solutions\",\"isPartOf\":{\"@id\":\"https:\/\/www.solids-solutions.com\/#website\"},\"primaryImageOfPage\":{\"@id\":\"https:\/\/www.solids-solutions.com\/fr\/rd\/traitement-des-poudres-pour-le-developpement-des-materiaux\/developpement-de-produits-par-fraisage\/#primaryimage\"},\"image\":{\"@id\":\"https:\/\/www.solids-solutions.com\/fr\/rd\/traitement-des-poudres-pour-le-developpement-des-materiaux\/developpement-de-produits-par-fraisage\/#primaryimage\"},\"thumbnailUrl\":\"https:\/\/www.solids-solutions.com\/wp-content\/uploads\/Milling-with-ultracentrifugal-mill-IW.jpg\",\"datePublished\":\"2022-03-21T09:06:45+00:00\",\"dateModified\":\"2024-05-28T06:25:24+00:00\",\"description\":\"Nous proposons le broyage de produits via diff\u00e9rents types d'\u00e9quipements de broyage, ainsi que la r\u00e9duction de taille dans des conditions cryog\u00e9niques.\",\"breadcrumb\":{\"@id\":\"https:\/\/www.solids-solutions.com\/fr\/rd\/traitement-des-poudres-pour-le-developpement-des-materiaux\/developpement-de-produits-par-fraisage\/#breadcrumb\"},\"inLanguage\":\"fr-FR\",\"potentialAction\":[{\"@type\":\"ReadAction\",\"target\":[\"https:\/\/www.solids-solutions.com\/fr\/rd\/traitement-des-poudres-pour-le-developpement-des-materiaux\/developpement-de-produits-par-fraisage\/\"]}]},{\"@type\":\"ImageObject\",\"inLanguage\":\"fr-FR\",\"@id\":\"https:\/\/www.solids-solutions.com\/fr\/rd\/traitement-des-poudres-pour-le-developpement-des-materiaux\/developpement-de-produits-par-fraisage\/#primaryimage\",\"url\":\"https:\/\/www.solids-solutions.com\/wp-content\/uploads\/Milling-with-ultracentrifugal-mill-IW.jpg\",\"contentUrl\":\"https:\/\/www.solids-solutions.com\/wp-content\/uploads\/Milling-with-ultracentrifugal-mill-IW.jpg\"},{\"@type\":\"BreadcrumbList\",\"@id\":\"https:\/\/www.solids-solutions.com\/fr\/rd\/traitement-des-poudres-pour-le-developpement-des-materiaux\/developpement-de-produits-par-fraisage\/#breadcrumb\",\"itemListElement\":[{\"@type\":\"ListItem\",\"position\":1,\"name\":\"Home\",\"item\":\"https:\/\/www.solids-solutions.com\/fr\/\"},{\"@type\":\"ListItem\",\"position\":2,\"name\":\"Recherche &#038; d\u00e9veloppement\",\"item\":\"https:\/\/www.solids-solutions.com\/fr\/rd\/\"},{\"@type\":\"ListItem\",\"position\":3,\"name\":\"Traitement des poudres pour le d\u00e9veloppement des mat\u00e9riaux\",\"item\":\"https:\/\/www.solids-solutions.com\/fr\/rd\/traitement-des-poudres-pour-le-developpement-des-materiaux\/\"},{\"@type\":\"ListItem\",\"position\":4,\"name\":\"D\u00e9veloppement de produits par fraisage\"}]},{\"@type\":\"WebSite\",\"@id\":\"https:\/\/www.solids-solutions.com\/#website\",\"url\":\"https:\/\/www.solids-solutions.com\/\",\"name\":\"Delft Solids Solutions\",\"description\":\"En nog een WordPress site\",\"publisher\":{\"@id\":\"https:\/\/www.solids-solutions.com\/#organization\"},\"potentialAction\":[{\"@type\":\"SearchAction\",\"target\":{\"@type\":\"EntryPoint\",\"urlTemplate\":\"https:\/\/www.solids-solutions.com\/?s={search_term_string}\"},\"query-input\":{\"@type\":\"PropertyValueSpecification\",\"valueRequired\":true,\"valueName\":\"search_term_string\"}}],\"inLanguage\":\"fr-FR\"},{\"@type\":\"Organization\",\"@id\":\"https:\/\/www.solids-solutions.com\/#organization\",\"name\":\"Delft Solids Solutions\",\"url\":\"https:\/\/www.solids-solutions.com\/\",\"logo\":{\"@type\":\"ImageObject\",\"inLanguage\":\"fr-FR\",\"@id\":\"https:\/\/www.solids-solutions.com\/#\/schema\/logo\/image\/\",\"url\":\"https:\/\/www.solids-solutions.com\/wp-content\/uploads\/Logo.png\",\"contentUrl\":\"https:\/\/www.solids-solutions.com\/wp-content\/uploads\/Logo.png\",\"width\":388,\"height\":63,\"caption\":\"Delft Solids Solutions\"},\"image\":{\"@id\":\"https:\/\/www.solids-solutions.com\/#\/schema\/logo\/image\/\"}}]}<\/script>\n<!-- \/ Yoast SEO plugin. -->","yoast_head_json":{"title":"D\u00e9veloppement de produits par fraisage - Delft Solids Solutions","description":"Nous proposons le broyage de produits via diff\u00e9rents types d'\u00e9quipements de broyage, ainsi que la r\u00e9duction de taille dans des conditions cryog\u00e9niques.","robots":{"index":"index","follow":"follow","max-snippet":"max-snippet:-1","max-image-preview":"max-image-preview:large","max-video-preview":"max-video-preview:-1"},"canonical":"https:\/\/www.solids-solutions.com\/fr\/rd\/traitement-des-poudres-pour-le-developpement-des-materiaux\/developpement-de-produits-par-fraisage\/","og_locale":"fr_FR","og_type":"article","og_title":"D\u00e9veloppement de produits par fraisage - Delft Solids Solutions","og_description":"Nous proposons le broyage de produits via diff\u00e9rents types d'\u00e9quipements de broyage, ainsi que la r\u00e9duction de taille dans des conditions cryog\u00e9niques.","og_url":"https:\/\/www.solids-solutions.com\/fr\/rd\/traitement-des-poudres-pour-le-developpement-des-materiaux\/developpement-de-produits-par-fraisage\/","og_site_name":"Delft Solids Solutions","article_modified_time":"2024-05-28T06:25:24+00:00","og_image":[{"url":"https:\/\/www.solids-solutions.com\/wp-content\/uploads\/Milling-with-ultracentrifugal-mill-IW.jpg","type":"","width":"","height":""}],"twitter_card":"summary_large_image","twitter_misc":{"Dur\u00e9e de lecture estim\u00e9e":"4 minutes"},"schema":{"@context":"https:\/\/schema.org","@graph":[{"@type":"WebPage","@id":"https:\/\/www.solids-solutions.com\/fr\/rd\/traitement-des-poudres-pour-le-developpement-des-materiaux\/developpement-de-produits-par-fraisage\/","url":"https:\/\/www.solids-solutions.com\/fr\/rd\/traitement-des-poudres-pour-le-developpement-des-materiaux\/developpement-de-produits-par-fraisage\/","name":"D\u00e9veloppement de produits par fraisage - Delft Solids Solutions","isPartOf":{"@id":"https:\/\/www.solids-solutions.com\/#website"},"primaryImageOfPage":{"@id":"https:\/\/www.solids-solutions.com\/fr\/rd\/traitement-des-poudres-pour-le-developpement-des-materiaux\/developpement-de-produits-par-fraisage\/#primaryimage"},"image":{"@id":"https:\/\/www.solids-solutions.com\/fr\/rd\/traitement-des-poudres-pour-le-developpement-des-materiaux\/developpement-de-produits-par-fraisage\/#primaryimage"},"thumbnailUrl":"https:\/\/www.solids-solutions.com\/wp-content\/uploads\/Milling-with-ultracentrifugal-mill-IW.jpg","datePublished":"2022-03-21T09:06:45+00:00","dateModified":"2024-05-28T06:25:24+00:00","description":"Nous proposons le broyage de produits via diff\u00e9rents types d'\u00e9quipements de broyage, ainsi que la r\u00e9duction de taille dans des conditions cryog\u00e9niques.","breadcrumb":{"@id":"https:\/\/www.solids-solutions.com\/fr\/rd\/traitement-des-poudres-pour-le-developpement-des-materiaux\/developpement-de-produits-par-fraisage\/#breadcrumb"},"inLanguage":"fr-FR","potentialAction":[{"@type":"ReadAction","target":["https:\/\/www.solids-solutions.com\/fr\/rd\/traitement-des-poudres-pour-le-developpement-des-materiaux\/developpement-de-produits-par-fraisage\/"]}]},{"@type":"ImageObject","inLanguage":"fr-FR","@id":"https:\/\/www.solids-solutions.com\/fr\/rd\/traitement-des-poudres-pour-le-developpement-des-materiaux\/developpement-de-produits-par-fraisage\/#primaryimage","url":"https:\/\/www.solids-solutions.com\/wp-content\/uploads\/Milling-with-ultracentrifugal-mill-IW.jpg","contentUrl":"https:\/\/www.solids-solutions.com\/wp-content\/uploads\/Milling-with-ultracentrifugal-mill-IW.jpg"},{"@type":"BreadcrumbList","@id":"https:\/\/www.solids-solutions.com\/fr\/rd\/traitement-des-poudres-pour-le-developpement-des-materiaux\/developpement-de-produits-par-fraisage\/#breadcrumb","itemListElement":[{"@type":"ListItem","position":1,"name":"Home","item":"https:\/\/www.solids-solutions.com\/fr\/"},{"@type":"ListItem","position":2,"name":"Recherche &#038; d\u00e9veloppement","item":"https:\/\/www.solids-solutions.com\/fr\/rd\/"},{"@type":"ListItem","position":3,"name":"Traitement des poudres pour le d\u00e9veloppement des mat\u00e9riaux","item":"https:\/\/www.solids-solutions.com\/fr\/rd\/traitement-des-poudres-pour-le-developpement-des-materiaux\/"},{"@type":"ListItem","position":4,"name":"D\u00e9veloppement de produits par fraisage"}]},{"@type":"WebSite","@id":"https:\/\/www.solids-solutions.com\/#website","url":"https:\/\/www.solids-solutions.com\/","name":"Delft Solids Solutions","description":"En nog een WordPress site","publisher":{"@id":"https:\/\/www.solids-solutions.com\/#organization"},"potentialAction":[{"@type":"SearchAction","target":{"@type":"EntryPoint","urlTemplate":"https:\/\/www.solids-solutions.com\/?s={search_term_string}"},"query-input":{"@type":"PropertyValueSpecification","valueRequired":true,"valueName":"search_term_string"}}],"inLanguage":"fr-FR"},{"@type":"Organization","@id":"https:\/\/www.solids-solutions.com\/#organization","name":"Delft Solids Solutions","url":"https:\/\/www.solids-solutions.com\/","logo":{"@type":"ImageObject","inLanguage":"fr-FR","@id":"https:\/\/www.solids-solutions.com\/#\/schema\/logo\/image\/","url":"https:\/\/www.solids-solutions.com\/wp-content\/uploads\/Logo.png","contentUrl":"https:\/\/www.solids-solutions.com\/wp-content\/uploads\/Logo.png","width":388,"height":63,"caption":"Delft Solids Solutions"},"image":{"@id":"https:\/\/www.solids-solutions.com\/#\/schema\/logo\/image\/"}}]}},"_links":{"self":[{"href":"https:\/\/www.solids-solutions.com\/fr\/wp-json\/wp\/v2\/pages\/5819","targetHints":{"allow":["GET"]}}],"collection":[{"href":"https:\/\/www.solids-solutions.com\/fr\/wp-json\/wp\/v2\/pages"}],"about":[{"href":"https:\/\/www.solids-solutions.com\/fr\/wp-json\/wp\/v2\/types\/page"}],"author":[{"embeddable":true,"href":"https:\/\/www.solids-solutions.com\/fr\/wp-json\/wp\/v2\/users\/1"}],"replies":[{"embeddable":true,"href":"https:\/\/www.solids-solutions.com\/fr\/wp-json\/wp\/v2\/comments?post=5819"}],"version-history":[{"count":5,"href":"https:\/\/www.solids-solutions.com\/fr\/wp-json\/wp\/v2\/pages\/5819\/revisions"}],"predecessor-version":[{"id":7971,"href":"https:\/\/www.solids-solutions.com\/fr\/wp-json\/wp\/v2\/pages\/5819\/revisions\/7971"}],"up":[{"embeddable":true,"href":"https:\/\/www.solids-solutions.com\/fr\/wp-json\/wp\/v2\/pages\/5302"}],"wp:attachment":[{"href":"https:\/\/www.solids-solutions.com\/fr\/wp-json\/wp\/v2\/media?parent=5819"}],"curies":[{"name":"wp","href":"https:\/\/api.w.org\/{rel}","templated":true}]}}