{"id":5862,"date":"2022-03-18T15:11:33","date_gmt":"2022-03-18T15:11:33","guid":{"rendered":"https:\/\/www.solids-solutions.com\/?page_id=5862"},"modified":"2024-05-28T06:31:29","modified_gmt":"2024-05-28T06:31:29","slug":"mesure-des-particules-par-zone-de-detection-electrique","status":"publish","type":"page","link":"https:\/\/www.solids-solutions.com\/fr\/rd\/analyse-granulometrique-taille-et-forme-des-particules\/autres-techniques-pour-caracterisation-des-particules\/mesure-des-particules-par-zone-de-detection-electrique\/","title":{"rendered":"Mesure des particules par zone de d\u00e9tection \u00e9lectrique"},"content":{"rendered":"<div class=\"gb-container gb-container-8beed036\"><div class=\"gb-inside-container\">\n\n<div class=\"wp-block-columns is-layout-flex wp-container-core-columns-is-layout-9d6595d7 wp-block-columns-is-layout-flex\">\n<div class=\"wp-block-column is-layout-flow wp-block-column-is-layout-flow\" style=\"flex-basis:65%\">\n<p>Dans la zone de d\u00e9tection \u00e9lectrique, une solution \u00e9lectrolyte est utilis\u00e9e pour disperser et compter les particules. Un tube avec une ouverture \u00e9troite connue est immerg\u00e9 dans la solution et deux \u00e9lectrodes sont plac\u00e9es des deux c\u00f4t\u00e9s de l&rsquo;ouverture.<\/p>\n\n\n\n<p>L&rsquo;\u00e9lectrolyte et les particules traversent l&rsquo;ouverture et la r\u00e9sistance proportionnelle au volume de la particule est mesur\u00e9e. Chaque particule individuelle est compt\u00e9e et class\u00e9e dans la classe de taille appropri\u00e9e. La technique de la zone de d\u00e9tection \u00e9lectrique est en principe un compteur de particules et peut \u00e9galement \u00eatre utilis\u00e9e pour mesurer les concentrations de particules.<\/p>\n\n\n\n<p>La technique est utilis\u00e9e pour la caract\u00e9risation et le comptage des particules dans les distributions \u00e9troites de taille de particules, g\u00e9n\u00e9ralement dans la gamme de 0,6 \u00e0 1200 \u00b5m. Les particules dans les solutions \u00e0 faible concentration, les poudres et les mati\u00e8res biologiques sont g\u00e9n\u00e9ralement analys\u00e9es.<\/p>\n\n\n\n<p>Les mesures sont effectu\u00e9es sur un analyseur de particules Coulter Multisizer II ou Multisier III. Le rapport consiste en un graphique montrant les distributions cumulatives et diff\u00e9rentielles du volume ou du nombre de particules et des informations sur les statistiques des particules comme le mode, le diam\u00e8tre moyen et m\u00e9dian des particules, l&rsquo;asym\u00e9trie et l&rsquo;aplatissement, l&rsquo;\u00e9cart type, etc.<\/p>\n<\/div>\n\n\n\n<div class=\"wp-block-column is-layout-flow wp-block-column-is-layout-flow\" style=\"flex-basis:35%\">\n<figure class=\"wp-block-image size-full\"><img loading=\"lazy\" decoding=\"async\" width=\"267\" height=\"356\" src=\"https:\/\/www.solids-solutions.com\/wp-content\/uploads\/Electrical-sensing-zone.jpg\" alt=\"\" class=\"wp-image-4236\" srcset=\"https:\/\/www.solids-solutions.com\/wp-content\/uploads\/Electrical-sensing-zone.jpg 267w, https:\/\/www.solids-solutions.com\/wp-content\/uploads\/Electrical-sensing-zone-225x300.jpg 225w\" sizes=\"auto, (max-width: 267px) 100vw, 267px\" \/><\/figure>\n\n\n\n<div style=\"height:36px\" aria-hidden=\"true\" class=\"wp-block-spacer\"><\/div>\n\n\n\n<ul class=\"wp-block-list\"><li><a href=\"https:\/\/www.solids-solutions.com\/fr\/rd\/analyse-granulometrique-taille-et-forme-des-particules\/autres-techniques-pour-caracterisation-des-particules\/particle-size-analysis-by-gravitational-sedimentation-analysis\/\"><a href=\"https:\/\/www.solids-solutions.com\/fr\/rd\/analyse-granulometrique-taille-et-forme-des-particules\/autres-techniques-pour-caracterisation-des-particules\/particle-size-analysis-by-gravitational-sedimentation-analysis\/\">Analyse de la taille des particules par s\u00e9dimentation gravitationnelle<\/a><\/a><\/li><li><a href=\"https:\/\/www.solids-solutions.com\/fr\/rd\/analyse-granulometrique-taille-et-forme-des-particules\/autres-techniques-pour-caracterisation-des-particules\/particle-size-analysis-by-gravitational-sedimentation-analysis\/\"><a href=\"https:\/\/www.solids-solutions.com\/fr\/rd\/analyse-granulometrique-taille-et-forme-des-particules\/autres-techniques-pour-caracterisation-des-particules\/mesure-des-particules-par-zone-de-detection-electrique\/\">Mesure des particules par zone de d\u00e9tection \u00e9lectrique<\/a><\/a><\/li><li><a href=\"https:\/\/www.solids-solutions.com\/fr\/rd\/analyse-granulometrique-taille-et-forme-des-particules\/autres-techniques-pour-caracterisation-des-particules\/particle-size-analysis-by-gravitational-sedimentation-analysis\/\"><a href=\"https:\/\/www.solids-solutions.com\/fr\/rd\/analyse-granulometrique-taille-et-forme-des-particules\/autres-techniques-pour-caracterisation-des-particules\/fractionation-and-particle-characterization-by-sieve-analysis\/\">Fractionnement et caract\u00e9risation des particules par analyse granulom\u00e9trique<\/a><\/a><\/li><\/ul>\n<\/div>\n<\/div>\n\n<\/div><\/div>","protected":false},"excerpt":{"rendered":"<p>Dans la zone de d\u00e9tection \u00e9lectrique, une solution \u00e9lectrolyte est utilis\u00e9e pour disperser et compter les particules. Un tube avec une ouverture \u00e9troite connue est immerg\u00e9 dans la solution et deux \u00e9lectrodes sont plac\u00e9es des deux c\u00f4t\u00e9s de l&rsquo;ouverture. L&rsquo;\u00e9lectrolyte et les particules traversent l&rsquo;ouverture et la r\u00e9sistance proportionnelle au &#8230; <\/p>\n<p class=\"read-more-container\"><a title=\"Mesure des particules par zone de d\u00e9tection \u00e9lectrique\" class=\"read-more button\" href=\"https:\/\/www.solids-solutions.com\/fr\/rd\/analyse-granulometrique-taille-et-forme-des-particules\/autres-techniques-pour-caracterisation-des-particules\/mesure-des-particules-par-zone-de-detection-electrique\/#more-5862\" aria-label=\"En savoir plus sur Mesure des particules par zone de d\u00e9tection \u00e9lectrique\">Lire la suite<\/a><\/p>\n","protected":false},"author":1,"featured_media":0,"parent":5254,"menu_order":0,"comment_status":"closed","ping_status":"closed","template":"","meta":{"footnotes":""},"class_list":["post-5862","page","type-page","status-publish"],"yoast_head":"<!-- This site is optimized with the Yoast SEO plugin v27.0 - https:\/\/yoast.com\/product\/yoast-seo-wordpress\/ -->\n<title>D\u00e9tection \u00e9lectrique pour les particules de taille \u00e9troite<\/title>\n<meta name=\"description\" content=\"Nous utilisons la zone de d\u00e9tection \u00e9lectrique pour la caract\u00e9risation granulom\u00e9trique des \u00e9mulsions et des poudres dispers\u00e9es dans un liquide\" \/>\n<meta name=\"robots\" content=\"index, follow, max-snippet:-1, max-image-preview:large, max-video-preview:-1\" \/>\n<link rel=\"canonical\" href=\"https:\/\/www.solids-solutions.com\/fr\/rd\/analyse-granulometrique-taille-et-forme-des-particules\/autres-techniques-pour-caracterisation-des-particules\/mesure-des-particules-par-zone-de-detection-electrique\/\" \/>\n<meta property=\"og:locale\" content=\"fr_FR\" \/>\n<meta property=\"og:type\" content=\"article\" \/>\n<meta property=\"og:title\" content=\"D\u00e9tection \u00e9lectrique pour les particules de taille \u00e9troite\" \/>\n<meta property=\"og:description\" content=\"Nous utilisons la zone de d\u00e9tection \u00e9lectrique pour la caract\u00e9risation granulom\u00e9trique des \u00e9mulsions et des poudres dispers\u00e9es dans un liquide\" \/>\n<meta property=\"og:url\" content=\"https:\/\/www.solids-solutions.com\/fr\/rd\/analyse-granulometrique-taille-et-forme-des-particules\/autres-techniques-pour-caracterisation-des-particules\/mesure-des-particules-par-zone-de-detection-electrique\/\" \/>\n<meta property=\"og:site_name\" content=\"Delft Solids Solutions\" \/>\n<meta property=\"article:modified_time\" content=\"2024-05-28T06:31:29+00:00\" \/>\n<meta property=\"og:image\" content=\"https:\/\/www.solids-solutions.com\/wp-content\/uploads\/Electrical-sensing-zone.jpg\" \/>\n<meta name=\"twitter:card\" content=\"summary_large_image\" \/>\n<meta name=\"twitter:label1\" content=\"Dur\u00e9e de lecture estim\u00e9e\" \/>\n\t<meta name=\"twitter:data1\" content=\"2 minutes\" \/>\n<script type=\"application\/ld+json\" class=\"yoast-schema-graph\">{\"@context\":\"https:\/\/schema.org\",\"@graph\":[{\"@type\":\"WebPage\",\"@id\":\"https:\/\/www.solids-solutions.com\/fr\/rd\/analyse-granulometrique-taille-et-forme-des-particules\/autres-techniques-pour-caracterisation-des-particules\/mesure-des-particules-par-zone-de-detection-electrique\/\",\"url\":\"https:\/\/www.solids-solutions.com\/fr\/rd\/analyse-granulometrique-taille-et-forme-des-particules\/autres-techniques-pour-caracterisation-des-particules\/mesure-des-particules-par-zone-de-detection-electrique\/\",\"name\":\"D\u00e9tection \u00e9lectrique pour les particules de taille \u00e9troite\",\"isPartOf\":{\"@id\":\"https:\/\/www.solids-solutions.com\/#website\"},\"primaryImageOfPage\":{\"@id\":\"https:\/\/www.solids-solutions.com\/fr\/rd\/analyse-granulometrique-taille-et-forme-des-particules\/autres-techniques-pour-caracterisation-des-particules\/mesure-des-particules-par-zone-de-detection-electrique\/#primaryimage\"},\"image\":{\"@id\":\"https:\/\/www.solids-solutions.com\/fr\/rd\/analyse-granulometrique-taille-et-forme-des-particules\/autres-techniques-pour-caracterisation-des-particules\/mesure-des-particules-par-zone-de-detection-electrique\/#primaryimage\"},\"thumbnailUrl\":\"https:\/\/www.solids-solutions.com\/wp-content\/uploads\/Electrical-sensing-zone.jpg\",\"datePublished\":\"2022-03-18T15:11:33+00:00\",\"dateModified\":\"2024-05-28T06:31:29+00:00\",\"description\":\"Nous utilisons la zone de d\u00e9tection \u00e9lectrique pour la caract\u00e9risation granulom\u00e9trique des \u00e9mulsions et des poudres dispers\u00e9es dans un liquide\",\"breadcrumb\":{\"@id\":\"https:\/\/www.solids-solutions.com\/fr\/rd\/analyse-granulometrique-taille-et-forme-des-particules\/autres-techniques-pour-caracterisation-des-particules\/mesure-des-particules-par-zone-de-detection-electrique\/#breadcrumb\"},\"inLanguage\":\"fr-FR\",\"potentialAction\":[{\"@type\":\"ReadAction\",\"target\":[\"https:\/\/www.solids-solutions.com\/fr\/rd\/analyse-granulometrique-taille-et-forme-des-particules\/autres-techniques-pour-caracterisation-des-particules\/mesure-des-particules-par-zone-de-detection-electrique\/\"]}]},{\"@type\":\"ImageObject\",\"inLanguage\":\"fr-FR\",\"@id\":\"https:\/\/www.solids-solutions.com\/fr\/rd\/analyse-granulometrique-taille-et-forme-des-particules\/autres-techniques-pour-caracterisation-des-particules\/mesure-des-particules-par-zone-de-detection-electrique\/#primaryimage\",\"url\":\"https:\/\/www.solids-solutions.com\/wp-content\/uploads\/Electrical-sensing-zone.jpg\",\"contentUrl\":\"https:\/\/www.solids-solutions.com\/wp-content\/uploads\/Electrical-sensing-zone.jpg\"},{\"@type\":\"BreadcrumbList\",\"@id\":\"https:\/\/www.solids-solutions.com\/fr\/rd\/analyse-granulometrique-taille-et-forme-des-particules\/autres-techniques-pour-caracterisation-des-particules\/mesure-des-particules-par-zone-de-detection-electrique\/#breadcrumb\",\"itemListElement\":[{\"@type\":\"ListItem\",\"position\":1,\"name\":\"Home\",\"item\":\"https:\/\/www.solids-solutions.com\/fr\/\"},{\"@type\":\"ListItem\",\"position\":2,\"name\":\"Recherche &#038; d\u00e9veloppement\",\"item\":\"https:\/\/www.solids-solutions.com\/fr\/rd\/\"},{\"@type\":\"ListItem\",\"position\":3,\"name\":\"Analyse granulom\u00e9trique \u2013 taille et forme des particules\",\"item\":\"https:\/\/www.solids-solutions.com\/fr\/rd\/analyse-granulometrique-taille-et-forme-des-particules\/\"},{\"@type\":\"ListItem\",\"position\":4,\"name\":\"Autres techniques pour caract\u00e9risation des particules\",\"item\":\"https:\/\/www.solids-solutions.com\/fr\/rd\/analyse-granulometrique-taille-et-forme-des-particules\/autres-techniques-pour-caracterisation-des-particules\/\"},{\"@type\":\"ListItem\",\"position\":5,\"name\":\"Mesure des particules par zone de d\u00e9tection \u00e9lectrique\"}]},{\"@type\":\"WebSite\",\"@id\":\"https:\/\/www.solids-solutions.com\/#website\",\"url\":\"https:\/\/www.solids-solutions.com\/\",\"name\":\"Delft Solids Solutions\",\"description\":\"En nog een WordPress site\",\"publisher\":{\"@id\":\"https:\/\/www.solids-solutions.com\/#organization\"},\"potentialAction\":[{\"@type\":\"SearchAction\",\"target\":{\"@type\":\"EntryPoint\",\"urlTemplate\":\"https:\/\/www.solids-solutions.com\/?s={search_term_string}\"},\"query-input\":{\"@type\":\"PropertyValueSpecification\",\"valueRequired\":true,\"valueName\":\"search_term_string\"}}],\"inLanguage\":\"fr-FR\"},{\"@type\":\"Organization\",\"@id\":\"https:\/\/www.solids-solutions.com\/#organization\",\"name\":\"Delft Solids Solutions\",\"url\":\"https:\/\/www.solids-solutions.com\/\",\"logo\":{\"@type\":\"ImageObject\",\"inLanguage\":\"fr-FR\",\"@id\":\"https:\/\/www.solids-solutions.com\/#\/schema\/logo\/image\/\",\"url\":\"https:\/\/www.solids-solutions.com\/wp-content\/uploads\/Logo.png\",\"contentUrl\":\"https:\/\/www.solids-solutions.com\/wp-content\/uploads\/Logo.png\",\"width\":388,\"height\":63,\"caption\":\"Delft Solids Solutions\"},\"image\":{\"@id\":\"https:\/\/www.solids-solutions.com\/#\/schema\/logo\/image\/\"}}]}<\/script>\n<!-- \/ Yoast SEO plugin. -->","yoast_head_json":{"title":"D\u00e9tection \u00e9lectrique pour les particules de taille \u00e9troite","description":"Nous utilisons la zone de d\u00e9tection \u00e9lectrique pour la caract\u00e9risation granulom\u00e9trique des \u00e9mulsions et des poudres dispers\u00e9es dans un liquide","robots":{"index":"index","follow":"follow","max-snippet":"max-snippet:-1","max-image-preview":"max-image-preview:large","max-video-preview":"max-video-preview:-1"},"canonical":"https:\/\/www.solids-solutions.com\/fr\/rd\/analyse-granulometrique-taille-et-forme-des-particules\/autres-techniques-pour-caracterisation-des-particules\/mesure-des-particules-par-zone-de-detection-electrique\/","og_locale":"fr_FR","og_type":"article","og_title":"D\u00e9tection \u00e9lectrique pour les particules de taille \u00e9troite","og_description":"Nous utilisons la zone de d\u00e9tection \u00e9lectrique pour la caract\u00e9risation granulom\u00e9trique des \u00e9mulsions et des poudres dispers\u00e9es dans un liquide","og_url":"https:\/\/www.solids-solutions.com\/fr\/rd\/analyse-granulometrique-taille-et-forme-des-particules\/autres-techniques-pour-caracterisation-des-particules\/mesure-des-particules-par-zone-de-detection-electrique\/","og_site_name":"Delft Solids Solutions","article_modified_time":"2024-05-28T06:31:29+00:00","og_image":[{"url":"https:\/\/www.solids-solutions.com\/wp-content\/uploads\/Electrical-sensing-zone.jpg","type":"","width":"","height":""}],"twitter_card":"summary_large_image","twitter_misc":{"Dur\u00e9e de lecture estim\u00e9e":"2 minutes"},"schema":{"@context":"https:\/\/schema.org","@graph":[{"@type":"WebPage","@id":"https:\/\/www.solids-solutions.com\/fr\/rd\/analyse-granulometrique-taille-et-forme-des-particules\/autres-techniques-pour-caracterisation-des-particules\/mesure-des-particules-par-zone-de-detection-electrique\/","url":"https:\/\/www.solids-solutions.com\/fr\/rd\/analyse-granulometrique-taille-et-forme-des-particules\/autres-techniques-pour-caracterisation-des-particules\/mesure-des-particules-par-zone-de-detection-electrique\/","name":"D\u00e9tection \u00e9lectrique pour les particules de taille \u00e9troite","isPartOf":{"@id":"https:\/\/www.solids-solutions.com\/#website"},"primaryImageOfPage":{"@id":"https:\/\/www.solids-solutions.com\/fr\/rd\/analyse-granulometrique-taille-et-forme-des-particules\/autres-techniques-pour-caracterisation-des-particules\/mesure-des-particules-par-zone-de-detection-electrique\/#primaryimage"},"image":{"@id":"https:\/\/www.solids-solutions.com\/fr\/rd\/analyse-granulometrique-taille-et-forme-des-particules\/autres-techniques-pour-caracterisation-des-particules\/mesure-des-particules-par-zone-de-detection-electrique\/#primaryimage"},"thumbnailUrl":"https:\/\/www.solids-solutions.com\/wp-content\/uploads\/Electrical-sensing-zone.jpg","datePublished":"2022-03-18T15:11:33+00:00","dateModified":"2024-05-28T06:31:29+00:00","description":"Nous utilisons la zone de d\u00e9tection \u00e9lectrique pour la caract\u00e9risation granulom\u00e9trique des \u00e9mulsions et des poudres dispers\u00e9es dans un liquide","breadcrumb":{"@id":"https:\/\/www.solids-solutions.com\/fr\/rd\/analyse-granulometrique-taille-et-forme-des-particules\/autres-techniques-pour-caracterisation-des-particules\/mesure-des-particules-par-zone-de-detection-electrique\/#breadcrumb"},"inLanguage":"fr-FR","potentialAction":[{"@type":"ReadAction","target":["https:\/\/www.solids-solutions.com\/fr\/rd\/analyse-granulometrique-taille-et-forme-des-particules\/autres-techniques-pour-caracterisation-des-particules\/mesure-des-particules-par-zone-de-detection-electrique\/"]}]},{"@type":"ImageObject","inLanguage":"fr-FR","@id":"https:\/\/www.solids-solutions.com\/fr\/rd\/analyse-granulometrique-taille-et-forme-des-particules\/autres-techniques-pour-caracterisation-des-particules\/mesure-des-particules-par-zone-de-detection-electrique\/#primaryimage","url":"https:\/\/www.solids-solutions.com\/wp-content\/uploads\/Electrical-sensing-zone.jpg","contentUrl":"https:\/\/www.solids-solutions.com\/wp-content\/uploads\/Electrical-sensing-zone.jpg"},{"@type":"BreadcrumbList","@id":"https:\/\/www.solids-solutions.com\/fr\/rd\/analyse-granulometrique-taille-et-forme-des-particules\/autres-techniques-pour-caracterisation-des-particules\/mesure-des-particules-par-zone-de-detection-electrique\/#breadcrumb","itemListElement":[{"@type":"ListItem","position":1,"name":"Home","item":"https:\/\/www.solids-solutions.com\/fr\/"},{"@type":"ListItem","position":2,"name":"Recherche &#038; d\u00e9veloppement","item":"https:\/\/www.solids-solutions.com\/fr\/rd\/"},{"@type":"ListItem","position":3,"name":"Analyse granulom\u00e9trique \u2013 taille et forme des particules","item":"https:\/\/www.solids-solutions.com\/fr\/rd\/analyse-granulometrique-taille-et-forme-des-particules\/"},{"@type":"ListItem","position":4,"name":"Autres techniques pour caract\u00e9risation des particules","item":"https:\/\/www.solids-solutions.com\/fr\/rd\/analyse-granulometrique-taille-et-forme-des-particules\/autres-techniques-pour-caracterisation-des-particules\/"},{"@type":"ListItem","position":5,"name":"Mesure des particules par zone de d\u00e9tection \u00e9lectrique"}]},{"@type":"WebSite","@id":"https:\/\/www.solids-solutions.com\/#website","url":"https:\/\/www.solids-solutions.com\/","name":"Delft Solids Solutions","description":"En nog een WordPress site","publisher":{"@id":"https:\/\/www.solids-solutions.com\/#organization"},"potentialAction":[{"@type":"SearchAction","target":{"@type":"EntryPoint","urlTemplate":"https:\/\/www.solids-solutions.com\/?s={search_term_string}"},"query-input":{"@type":"PropertyValueSpecification","valueRequired":true,"valueName":"search_term_string"}}],"inLanguage":"fr-FR"},{"@type":"Organization","@id":"https:\/\/www.solids-solutions.com\/#organization","name":"Delft Solids Solutions","url":"https:\/\/www.solids-solutions.com\/","logo":{"@type":"ImageObject","inLanguage":"fr-FR","@id":"https:\/\/www.solids-solutions.com\/#\/schema\/logo\/image\/","url":"https:\/\/www.solids-solutions.com\/wp-content\/uploads\/Logo.png","contentUrl":"https:\/\/www.solids-solutions.com\/wp-content\/uploads\/Logo.png","width":388,"height":63,"caption":"Delft Solids Solutions"},"image":{"@id":"https:\/\/www.solids-solutions.com\/#\/schema\/logo\/image\/"}}]}},"_links":{"self":[{"href":"https:\/\/www.solids-solutions.com\/fr\/wp-json\/wp\/v2\/pages\/5862","targetHints":{"allow":["GET"]}}],"collection":[{"href":"https:\/\/www.solids-solutions.com\/fr\/wp-json\/wp\/v2\/pages"}],"about":[{"href":"https:\/\/www.solids-solutions.com\/fr\/wp-json\/wp\/v2\/types\/page"}],"author":[{"embeddable":true,"href":"https:\/\/www.solids-solutions.com\/fr\/wp-json\/wp\/v2\/users\/1"}],"replies":[{"embeddable":true,"href":"https:\/\/www.solids-solutions.com\/fr\/wp-json\/wp\/v2\/comments?post=5862"}],"version-history":[{"count":4,"href":"https:\/\/www.solids-solutions.com\/fr\/wp-json\/wp\/v2\/pages\/5862\/revisions"}],"predecessor-version":[{"id":7975,"href":"https:\/\/www.solids-solutions.com\/fr\/wp-json\/wp\/v2\/pages\/5862\/revisions\/7975"}],"up":[{"embeddable":true,"href":"https:\/\/www.solids-solutions.com\/fr\/wp-json\/wp\/v2\/pages\/5254"}],"wp:attachment":[{"href":"https:\/\/www.solids-solutions.com\/fr\/wp-json\/wp\/v2\/media?parent=5862"}],"curies":[{"name":"wp","href":"https:\/\/api.w.org\/{rel}","templated":true}]}}